{"id":18335,"date":"2025-06-20T19:30:25","date_gmt":"2025-06-20T23:30:25","guid":{"rendered":"https:\/\/www.multicasa.com.br\/inicio\/?post_type=product&#038;p=18335"},"modified":"2025-08-17T19:04:52","modified_gmt":"2025-08-17T23:04:52","slug":"borrifador-de-polietileno-clafer-500ml","status":"publish","type":"product","link":"https:\/\/www.multicasa.com.br\/inicio\/produto\/borrifador-de-polietileno-clafer-500ml\/","title":{"rendered":"Borrifador de Polietileno Clafer 500ml"},"content":{"rendered":"<p>O Borrifador de Polietileno Clafer de 500ml serve para os mais variados fins: uso profissional ou dom\u00e9stico, tornando os h\u00e1bitos do seu dia a dia mais pr\u00e1tico e eficiente.<\/p>\n","protected":false},"excerpt":{"rendered":"<h4 style=\"margin: 0px;padding: 0px 0px 16px;font-family: Lato, sans-serif;font-weight: bold;line-height: 3rem;color: var(--dark-grey3);font-size: 22px;font-style: normal;letter-spacing: normal;text-align: start;text-indent: 0px;text-transform: none\">Informa\u00e7\u00f5es t\u00e9cnicas<\/h4>\n<p><span style=\"margin: 0px;padding: 0px;font-weight: 450;font-size: 14px;line-height: 21px;color: var(--dark-grey2);font-family: Lato, sans-serif;font-style: normal;letter-spacing: normal;text-align: start;text-indent: 0px;text-transform: none\">Produto: Borrifador<br \/>\nMarca: Clafer<br \/>\nMaterial: Polietileno<br \/>\nCor: Branco<br \/>\nCapacidade: 500ml<br \/>\nCaracter\u00edsticas: Multiuso, com gatilho<br \/>\nItens Inclusos: 1 borrifador<br \/>\nDimens\u00f5es do produto (A x L x P): 257 x 96 x 74 cm<br \/>\nPeso: 0,063kg<\/span><\/p>\n","protected":false},"featured_media":18400,"template":"","meta":{"_joinchat":[]},"product_brand":[],"product_cat":[95],"product_tag":[],"class_list":{"0":"post-18335","1":"product","2":"type-product","3":"status-publish","4":"has-post-thumbnail","6":"product_cat-lavanderia","8":"first","9":"outofstock","10":"shipping-taxable","11":"purchasable","12":"product-type-simple"},"_links":{"self":[{"href":"https:\/\/www.multicasa.com.br\/inicio\/wp-json\/wp\/v2\/product\/18335","targetHints":{"allow":["GET"]}}],"collection":[{"href":"https:\/\/www.multicasa.com.br\/inicio\/wp-json\/wp\/v2\/product"}],"about":[{"href":"https:\/\/www.multicasa.com.br\/inicio\/wp-json\/wp\/v2\/types\/product"}],"wp:featuredmedia":[{"embeddable":true,"href":"https:\/\/www.multicasa.com.br\/inicio\/wp-json\/wp\/v2\/media\/18400"}],"wp:attachment":[{"href":"https:\/\/www.multicasa.com.br\/inicio\/wp-json\/wp\/v2\/media?parent=18335"}],"wp:term":[{"taxonomy":"product_brand","embeddable":true,"href":"https:\/\/www.multicasa.com.br\/inicio\/wp-json\/wp\/v2\/product_brand?post=18335"},{"taxonomy":"product_cat","embeddable":true,"href":"https:\/\/www.multicasa.com.br\/inicio\/wp-json\/wp\/v2\/product_cat?post=18335"},{"taxonomy":"product_tag","embeddable":true,"href":"https:\/\/www.multicasa.com.br\/inicio\/wp-json\/wp\/v2\/product_tag?post=18335"}],"curies":[{"name":"wp","href":"https:\/\/api.w.org\/{rel}","templated":true}]}}