{"id":18336,"date":"2025-06-20T19:30:25","date_gmt":"2025-06-20T23:30:25","guid":{"rendered":"https:\/\/www.multicasa.com.br\/inicio\/?post_type=product&#038;p=18336"},"modified":"2025-08-17T19:04:57","modified_gmt":"2025-08-17T23:04:57","slug":"frasco-multiuso-de-polipropileno-plasutil-480ml","status":"publish","type":"product","link":"https:\/\/www.multicasa.com.br\/inicio\/produto\/frasco-multiuso-de-polipropileno-plasutil-480ml\/","title":{"rendered":"Frasco Multiuso de Polipropileno Plas\u00fatil 480ml"},"content":{"rendered":"<p>O Frasco Multiuso de Polipropileno, com bomba da Plas\u00fatil \u00e9 um \u00f3timo utens\u00edlio para armazenar: maionese, sabonete l\u00edquido, \u00e1lcool entre outros produtos da sua escolha. Se encaixa perfeitamente em todos os ambientes da casa, \u00f3timo produto para complementar sua casa, trazendo praticidade e sofistica\u00e7\u00e3o para o seu dia a dia.<\/p>\n","protected":false},"excerpt":{"rendered":"<h4 style=\"margin: 0px;padding: 0px 0px 16px;font-family: Lato, sans-serif;font-weight: bold;line-height: 3rem;color: var(--dark-grey3);font-size: 22px;font-style: normal;letter-spacing: normal;text-align: start;text-indent: 0px;text-transform: none\">Informa\u00e7\u00f5es t\u00e9cnicas<\/h4>\n<p><span style=\"margin: 0px;padding: 0px;font-weight: 450;font-size: 14px;line-height: 21px;color: var(--dark-grey2);font-family: Lato, sans-serif;font-style: normal;letter-spacing: normal;text-align: start;text-indent: 0px;text-transform: none\">Produto: Frasco Multiuso<br \/>\nMarca: Plas\u00fatil<br \/>\nMaterial: Polipropileno<br \/>\nCor: Branco<br \/>\nCapacidade: 480ml<br \/>\nCaracter\u00edsticas: Com bomba<br \/>\nItens inclusos: 1 frasco multiuso<br \/>\nDimens\u00f5es do produto (A X D): 23,1 x 6,5 cm<\/span><\/p>\n","protected":false},"featured_media":18404,"template":"","meta":{"_joinchat":[]},"product_brand":[],"product_cat":[98],"product_tag":[],"class_list":{"0":"post-18336","1":"product","2":"type-product","3":"status-publish","4":"has-post-thumbnail","6":"product_cat-organizadores","8":"first","9":"outofstock","10":"shipping-taxable","11":"purchasable","12":"product-type-simple"},"_links":{"self":[{"href":"https:\/\/www.multicasa.com.br\/inicio\/wp-json\/wp\/v2\/product\/18336","targetHints":{"allow":["GET"]}}],"collection":[{"href":"https:\/\/www.multicasa.com.br\/inicio\/wp-json\/wp\/v2\/product"}],"about":[{"href":"https:\/\/www.multicasa.com.br\/inicio\/wp-json\/wp\/v2\/types\/product"}],"wp:featuredmedia":[{"embeddable":true,"href":"https:\/\/www.multicasa.com.br\/inicio\/wp-json\/wp\/v2\/media\/18404"}],"wp:attachment":[{"href":"https:\/\/www.multicasa.com.br\/inicio\/wp-json\/wp\/v2\/media?parent=18336"}],"wp:term":[{"taxonomy":"product_brand","embeddable":true,"href":"https:\/\/www.multicasa.com.br\/inicio\/wp-json\/wp\/v2\/product_brand?post=18336"},{"taxonomy":"product_cat","embeddable":true,"href":"https:\/\/www.multicasa.com.br\/inicio\/wp-json\/wp\/v2\/product_cat?post=18336"},{"taxonomy":"product_tag","embeddable":true,"href":"https:\/\/www.multicasa.com.br\/inicio\/wp-json\/wp\/v2\/product_tag?post=18336"}],"curies":[{"name":"wp","href":"https:\/\/api.w.org\/{rel}","templated":true}]}}