{"id":18339,"date":"2025-06-20T19:30:26","date_gmt":"2025-06-20T23:30:26","guid":{"rendered":"https:\/\/www.multicasa.com.br\/inicio\/?post_type=product&#038;p=18339"},"modified":"2025-08-18T02:13:23","modified_gmt":"2025-08-18T06:13:23","slug":"bacia-hydrus-de-plastico-incolor-sanremo-865l","status":"publish","type":"product","link":"https:\/\/www.multicasa.com.br\/inicio\/produto\/bacia-hydrus-de-plastico-incolor-sanremo-865l\/","title":{"rendered":"Bacia Hydrus de Pl\u00e1stico Incolor Sanremo 8,65L"},"content":{"rendered":"<p>A Bacia Hydrus de Pl\u00e1stico da Sanremo faz parte dos utens\u00edlios de lavanderia da marca super resistentes e pr\u00e1ticos. Com bico direcionador de \u00e1gua e escala medidora, auxilia nas tarefas de limpeza, enquanto sua pega anat\u00f4mica garante seguran\u00e7a durante sua utiliza\u00e7\u00e3o. Incolor, tem capacidade m\u00e1xima de at\u00e9 8,65 litros. Uso indicado para deixar pe\u00e7as de roupa de molho e transportar roupas secas.<\/p>\n","protected":false},"excerpt":{"rendered":"<h4 style=\"margin: 0px;padding: 0px 0px 16px;font-family: Lato, sans-serif;font-weight: bold;line-height: 3rem;color: var(--dark-grey3);font-size: 22px;font-style: normal;letter-spacing: normal;text-align: start;text-indent: 0px;text-transform: none\">Informa\u00e7\u00f5es t\u00e9cnicas<\/h4>\n<p><span style=\"margin: 0px;padding: 0px;font-weight: 450;font-size: 14px;line-height: 21px;color: var(--dark-grey2);font-family: Lato, sans-serif;font-style: normal;letter-spacing: normal;text-align: start;text-indent: 0px;text-transform: none\">Produto: Bacia Hydrus<br \/>\nMarca: Sanremo<br \/>\nMaterial: Pl\u00e1stico<br \/>\nCor: Incolor<br \/>\nCapacidade: 8,65L<br \/>\nItens Inclusos: Bacia Hydrus<br \/>\nDimens\u00f5es do produto (A x L x P): 13,9 x 39,2 x 39,2cm<br \/>\n<\/span><\/p>\n","protected":false},"featured_media":18407,"template":"","meta":{"_joinchat":[]},"product_brand":[],"product_cat":[96],"product_tag":[],"class_list":{"0":"post-18339","1":"product","2":"type-product","3":"status-publish","4":"has-post-thumbnail","6":"product_cat-limpeza-e-cia","8":"first","9":"outofstock","10":"shipping-taxable","11":"purchasable","12":"product-type-simple"},"_links":{"self":[{"href":"https:\/\/www.multicasa.com.br\/inicio\/wp-json\/wp\/v2\/product\/18339","targetHints":{"allow":["GET"]}}],"collection":[{"href":"https:\/\/www.multicasa.com.br\/inicio\/wp-json\/wp\/v2\/product"}],"about":[{"href":"https:\/\/www.multicasa.com.br\/inicio\/wp-json\/wp\/v2\/types\/product"}],"wp:featuredmedia":[{"embeddable":true,"href":"https:\/\/www.multicasa.com.br\/inicio\/wp-json\/wp\/v2\/media\/18407"}],"wp:attachment":[{"href":"https:\/\/www.multicasa.com.br\/inicio\/wp-json\/wp\/v2\/media?parent=18339"}],"wp:term":[{"taxonomy":"product_brand","embeddable":true,"href":"https:\/\/www.multicasa.com.br\/inicio\/wp-json\/wp\/v2\/product_brand?post=18339"},{"taxonomy":"product_cat","embeddable":true,"href":"https:\/\/www.multicasa.com.br\/inicio\/wp-json\/wp\/v2\/product_cat?post=18339"},{"taxonomy":"product_tag","embeddable":true,"href":"https:\/\/www.multicasa.com.br\/inicio\/wp-json\/wp\/v2\/product_tag?post=18339"}],"curies":[{"name":"wp","href":"https:\/\/api.w.org\/{rel}","templated":true}]}}