{"id":18340,"date":"2025-06-20T19:30:26","date_gmt":"2025-06-20T23:30:26","guid":{"rendered":"https:\/\/www.multicasa.com.br\/inicio\/?post_type=product&#038;p=18340"},"modified":"2025-06-20T19:31:34","modified_gmt":"2025-06-20T23:31:34","slug":"escova-para-varrer-mesa-novica-bettanin","status":"publish","type":"product","link":"https:\/\/www.multicasa.com.br\/inicio\/produto\/escova-para-varrer-mesa-novica-bettanin\/","title":{"rendered":"Escova para Varrer Mesa Novi\u00e7a Bettanin"},"content":{"rendered":"<p>Chegou a hora de remover todos os farelos e res\u00edduos de comida que ficam na mesa depois das refei\u00e7\u00f5es. Com a Escova para Varrer Mesa da linha Novi\u00e7a Bettanin, manter a ordem e a limpeza da cozinha ficou mais r\u00e1pido e pr\u00e1tico. A vassoura de mesa pode ser utilizada em balc\u00f5es e prateleiras. Possui cerdas delicadas que n\u00e3o danificam as superf\u00edcies e cabo longo que facilita a pega anat\u00f4mica. Solu\u00e7\u00f5es pr\u00e1ticas para o seu dia-a-dia em casa.<\/p>\n","protected":false},"excerpt":{"rendered":"<h4 style=\"margin: 0px;padding: 0px 0px 16px;font-family: Lato, sans-serif;font-weight: bold;line-height: 3rem;color: var(--dark-grey3);font-size: 22px;font-style: normal;letter-spacing: normal;text-align: start;text-indent: 0px;text-transform: none\">Informa\u00e7\u00f5es t\u00e9cnicas<\/h4>\n<p><span style=\"margin: 0px;padding: 0px;font-weight: 450;font-size: 14px;line-height: 21px;color: var(--dark-grey2);font-family: Lato, sans-serif;font-style: normal;letter-spacing: normal;text-align: start;text-indent: 0px;text-transform: none\">Produto: Escova de Limpeza para Varrer Mesa<br \/>\nMarca: Bettanin<br \/>\nMaterial: Pl\u00e1stico<br \/>\nCor: Sortido<br \/>\nItens Inclusos: 1 Escova de limpeza para varrer mesa<br \/>\nDimens\u00f5es do produto (A X L X P): 26 x 4,2 x 13cm<br \/>\n<\/span><\/p>\n","protected":false},"featured_media":18408,"template":"","meta":{"_joinchat":[]},"product_brand":[],"product_cat":[96],"product_tag":[],"class_list":{"0":"post-18340","1":"product","2":"type-product","3":"status-publish","4":"has-post-thumbnail","6":"product_cat-limpeza-e-cia","8":"first","9":"outofstock","10":"shipping-taxable","11":"product-type-simple"},"_links":{"self":[{"href":"https:\/\/www.multicasa.com.br\/inicio\/wp-json\/wp\/v2\/product\/18340","targetHints":{"allow":["GET"]}}],"collection":[{"href":"https:\/\/www.multicasa.com.br\/inicio\/wp-json\/wp\/v2\/product"}],"about":[{"href":"https:\/\/www.multicasa.com.br\/inicio\/wp-json\/wp\/v2\/types\/product"}],"wp:featuredmedia":[{"embeddable":true,"href":"https:\/\/www.multicasa.com.br\/inicio\/wp-json\/wp\/v2\/media\/18408"}],"wp:attachment":[{"href":"https:\/\/www.multicasa.com.br\/inicio\/wp-json\/wp\/v2\/media?parent=18340"}],"wp:term":[{"taxonomy":"product_brand","embeddable":true,"href":"https:\/\/www.multicasa.com.br\/inicio\/wp-json\/wp\/v2\/product_brand?post=18340"},{"taxonomy":"product_cat","embeddable":true,"href":"https:\/\/www.multicasa.com.br\/inicio\/wp-json\/wp\/v2\/product_cat?post=18340"},{"taxonomy":"product_tag","embeddable":true,"href":"https:\/\/www.multicasa.com.br\/inicio\/wp-json\/wp\/v2\/product_tag?post=18340"}],"curies":[{"name":"wp","href":"https:\/\/api.w.org\/{rel}","templated":true}]}}