{"id":18341,"date":"2025-06-20T19:30:26","date_gmt":"2025-06-20T23:30:26","guid":{"rendered":"https:\/\/www.multicasa.com.br\/inicio\/?post_type=product&#038;p=18341"},"modified":"2026-04-17T11:20:15","modified_gmt":"2026-04-17T15:20:15","slug":"pa-de-lixo-com-cabo-dobravel-novica-bettanin","status":"publish","type":"product","link":"https:\/\/www.multicasa.com.br\/inicio\/produto\/pa-de-lixo-com-cabo-dobravel-novica-bettanin\/","title":{"rendered":"P\u00e1 de Lixo com Cabo Dobr\u00e1vel Novi\u00e7a Bettanin"},"content":{"rendered":"<p>A P\u00e1 de Lixo com Cabo Dobr\u00e1vel da linha Novi\u00e7a Bettanin possui longo cabo, mantendo as m\u00e3os afastadas da sujeira na hora de varrer. Com borracha flex\u00edvel e aderente, facilita o recolhimento de res\u00edduos porque evita que o objeto escorregue enquanto \u00e9 utilizado. Compacta, pode ser facilmente guardada. Ideal para limpezas leves.<\/p>\n","protected":false},"excerpt":{"rendered":"<h4 style=\"margin: 0px;padding: 0px 0px 16px;font-family: Lato, sans-serif;font-weight: bold;line-height: 3rem;color: var(--dark-grey3);font-size: 22px;font-style: normal;letter-spacing: normal;text-align: start;text-indent: 0px;text-transform: none\">Informa\u00e7\u00f5es t\u00e9cnicas<\/h4>\n<p><span style=\"margin: 0px;padding: 0px;font-weight: 450;font-size: 14px;line-height: 21px;color: var(--dark-grey2);font-family: Lato, sans-serif;font-style: normal;letter-spacing: normal;text-align: start;text-indent: 0px;text-transform: none\">Produto: P\u00e1 de lixo<br \/>\nMarca: Bettanin<br \/>\nMaterial: Pl\u00e1stico<br \/>\nBorracha<br \/>\nCor: Sortida<br \/>\nCaracter\u00edsticas: Acompanha cabo<br \/>\nBorracha Flex\u00edvel que auxilia o recolhimento de res\u00edduos<br \/>\nItens Inclusos: 1 p\u00e1<br \/>\nDimens\u00f5es do produto (A X L X P): 8,5 X 26 X 25cm<\/span><\/p>\n","protected":false},"featured_media":18422,"template":"","meta":{"_joinchat":[]},"product_brand":[],"product_cat":[96],"product_tag":[],"class_list":{"0":"post-18341","1":"product","2":"type-product","3":"status-publish","4":"has-post-thumbnail","6":"product_cat-limpeza-e-cia","8":"first","9":"instock","10":"shipping-taxable","11":"purchasable","12":"product-type-simple"},"_links":{"self":[{"href":"https:\/\/www.multicasa.com.br\/inicio\/wp-json\/wp\/v2\/product\/18341","targetHints":{"allow":["GET"]}}],"collection":[{"href":"https:\/\/www.multicasa.com.br\/inicio\/wp-json\/wp\/v2\/product"}],"about":[{"href":"https:\/\/www.multicasa.com.br\/inicio\/wp-json\/wp\/v2\/types\/product"}],"wp:featuredmedia":[{"embeddable":true,"href":"https:\/\/www.multicasa.com.br\/inicio\/wp-json\/wp\/v2\/media\/18422"}],"wp:attachment":[{"href":"https:\/\/www.multicasa.com.br\/inicio\/wp-json\/wp\/v2\/media?parent=18341"}],"wp:term":[{"taxonomy":"product_brand","embeddable":true,"href":"https:\/\/www.multicasa.com.br\/inicio\/wp-json\/wp\/v2\/product_brand?post=18341"},{"taxonomy":"product_cat","embeddable":true,"href":"https:\/\/www.multicasa.com.br\/inicio\/wp-json\/wp\/v2\/product_cat?post=18341"},{"taxonomy":"product_tag","embeddable":true,"href":"https:\/\/www.multicasa.com.br\/inicio\/wp-json\/wp\/v2\/product_tag?post=18341"}],"curies":[{"name":"wp","href":"https:\/\/api.w.org\/{rel}","templated":true}]}}