{"id":18362,"date":"2025-06-20T19:30:50","date_gmt":"2025-06-20T23:30:50","guid":{"rendered":"https:\/\/www.multicasa.com.br\/inicio\/?post_type=product&#038;p=18362"},"modified":"2026-03-23T14:30:41","modified_gmt":"2026-03-23T18:30:41","slug":"varal-de-teto-parede-sanfonado-em-aluminio-maxeb-1m","status":"publish","type":"product","link":"https:\/\/www.multicasa.com.br\/inicio\/produto\/varal-de-teto-parede-sanfonado-em-aluminio-maxeb-1m\/","title":{"rendered":"Varal de Teto\/Parede Sanfonado em Alum\u00ednio Maxeb 1m"},"content":{"rendered":"<p>O Varal Sanfonado Arraial do Cabo da Maxeb \u00e9 feito com material 100% alum\u00ednio para proporcionar mais resist\u00eancia e sustenta\u00e7\u00e3o de pe\u00e7as pesadas com suavidade nas opera\u00e7\u00f5es, n\u00e3o exigindo esfor\u00e7o. Sua lavanderia fica mais organizada e com mais praticidade de uso, este varal realmente proporciona o aproveitamento total do espa\u00e7o \u00fatil dispon\u00edvel na sua casa, entre duas paredes ou colunas de garagens, terra\u00e7os, \u00e1rea de servi\u00e7o, entre outros. Com o varal sanfonado de 1m voc\u00ea ir\u00e1 otimizar o espa\u00e7o na sua casa sem perder o estilo, que \u00e9 decorativo, com acabamento nobre adaptando-se a qualquer ambiente.<\/p>\n","protected":false},"excerpt":{"rendered":"<h4 style=\"margin: 0px;padding: 0px 0px 16px;font-family: Lato, sans-serif;font-weight: bold;line-height: 3rem;color: var(--dark-grey3);font-size: 22px;font-style: normal;letter-spacing: normal;text-align: start;text-indent: 0px;text-transform: none\">Informa\u00e7\u00f5es t\u00e9cnicas<\/h4>\n<p><span style=\"margin: 0px;padding: 0px;font-weight: 450;font-size: 14px;line-height: 21px;color: var(--dark-grey2);font-family: Lato, sans-serif;font-style: normal;letter-spacing: normal;text-align: start;text-indent: 0px;text-transform: none\">Produto: Varal sanfonado<br \/>\nMarca: Maxeb<br \/>\nMaterial: Alum\u00ednio<br \/>\nCor: Prata<br \/>\nCaracter\u00edsticas: Retr\u00e1til<br \/>\nSustenta pe\u00e7as pesadas<br \/>\nItens Inclusoss: 1 varal sanfonado<br \/>\nDimens\u00f5es do produto (A x L x P): 15 x 100 x 42cm<br \/>\n<\/span><\/p>\n","protected":false},"featured_media":18426,"template":"","meta":{"_joinchat":[]},"product_brand":[],"product_cat":[95],"product_tag":[],"class_list":{"0":"post-18362","1":"product","2":"type-product","3":"status-publish","4":"has-post-thumbnail","6":"product_cat-lavanderia","8":"first","9":"instock","10":"shipping-taxable","11":"purchasable","12":"product-type-simple"},"_links":{"self":[{"href":"https:\/\/www.multicasa.com.br\/inicio\/wp-json\/wp\/v2\/product\/18362","targetHints":{"allow":["GET"]}}],"collection":[{"href":"https:\/\/www.multicasa.com.br\/inicio\/wp-json\/wp\/v2\/product"}],"about":[{"href":"https:\/\/www.multicasa.com.br\/inicio\/wp-json\/wp\/v2\/types\/product"}],"wp:featuredmedia":[{"embeddable":true,"href":"https:\/\/www.multicasa.com.br\/inicio\/wp-json\/wp\/v2\/media\/18426"}],"wp:attachment":[{"href":"https:\/\/www.multicasa.com.br\/inicio\/wp-json\/wp\/v2\/media?parent=18362"}],"wp:term":[{"taxonomy":"product_brand","embeddable":true,"href":"https:\/\/www.multicasa.com.br\/inicio\/wp-json\/wp\/v2\/product_brand?post=18362"},{"taxonomy":"product_cat","embeddable":true,"href":"https:\/\/www.multicasa.com.br\/inicio\/wp-json\/wp\/v2\/product_cat?post=18362"},{"taxonomy":"product_tag","embeddable":true,"href":"https:\/\/www.multicasa.com.br\/inicio\/wp-json\/wp\/v2\/product_tag?post=18362"}],"curies":[{"name":"wp","href":"https:\/\/api.w.org\/{rel}","templated":true}]}}