{"id":18367,"date":"2025-06-20T19:30:51","date_gmt":"2025-06-20T23:30:51","guid":{"rendered":"https:\/\/www.multicasa.com.br\/inicio\/?post_type=product&#038;p=18367"},"modified":"2025-08-17T19:08:40","modified_gmt":"2025-08-17T23:08:40","slug":"banqueta-niteroi-de-plastico-branca-tramontina-46x37cm","status":"publish","type":"product","link":"https:\/\/www.multicasa.com.br\/inicio\/produto\/banqueta-niteroi-de-plastico-branca-tramontina-46x37cm\/","title":{"rendered":"Banqueta Niter\u00f3i de Pl\u00e1stico Branca Tramontina 46x37cm"},"content":{"rendered":"<p>A Banqueta Niter\u00f3i da Tramontina \u00e9 estilosa, ergon\u00f4mica e resistente, confeccionada em pl\u00e1stico polipropileno e aditivos com Anti-UV, acabamento na cor branca e design moderno. Tem resist\u00eancia ao peso de at\u00e9 100Kg, \u00e9 empilh\u00e1vel e ideal para ser usada em v\u00e1rios ambientes. Banquinho indispens\u00e1vel para o dia a dia!<\/p>\n","protected":false},"excerpt":{"rendered":"<h4 style=\"margin: 0px;padding: 0px 0px 16px;font-family: Lato, sans-serif;font-weight: bold;line-height: 3rem;color: var(--dark-grey3);font-size: 22px;font-style: normal;letter-spacing: normal;text-align: start;text-indent: 0px;text-transform: none\">Informa\u00e7\u00f5es t\u00e9cnicas<\/h4>\n<p><span style=\"margin: 0px;padding: 0px;font-weight: 450;font-size: 14px;line-height: 21px;color: var(--dark-grey2);font-family: Lato, sans-serif;font-style: normal;letter-spacing: normal;text-align: start;text-indent: 0px;text-transform: none\">Produto: Banqueta<br \/>\nMarca: Tramontina<br \/>\nMaterial: Pl\u00e1stico Polipropileno<br \/>\nCor: Branca<br \/>\nCaracter\u00edsticas: Empilh\u00e1vel<br \/>\nAditivos com Anti-UV<br \/>\nCapacidade de peso de 100Kg<br \/>\nItens Inclusos: 1 Banqueta<br \/>\nDimens\u00f5es do produto (A x L x P): 46 x 37 x 37cm<\/span><\/p>\n","protected":false},"featured_media":18431,"template":"","meta":{"_joinchat":[]},"product_brand":[],"product_cat":[156],"product_tag":[],"class_list":{"0":"post-18367","1":"product","2":"type-product","3":"status-publish","4":"has-post-thumbnail","6":"product_cat-escadas","8":"first","9":"outofstock","10":"shipping-taxable","11":"purchasable","12":"product-type-simple"},"_links":{"self":[{"href":"https:\/\/www.multicasa.com.br\/inicio\/wp-json\/wp\/v2\/product\/18367","targetHints":{"allow":["GET"]}}],"collection":[{"href":"https:\/\/www.multicasa.com.br\/inicio\/wp-json\/wp\/v2\/product"}],"about":[{"href":"https:\/\/www.multicasa.com.br\/inicio\/wp-json\/wp\/v2\/types\/product"}],"wp:featuredmedia":[{"embeddable":true,"href":"https:\/\/www.multicasa.com.br\/inicio\/wp-json\/wp\/v2\/media\/18431"}],"wp:attachment":[{"href":"https:\/\/www.multicasa.com.br\/inicio\/wp-json\/wp\/v2\/media?parent=18367"}],"wp:term":[{"taxonomy":"product_brand","embeddable":true,"href":"https:\/\/www.multicasa.com.br\/inicio\/wp-json\/wp\/v2\/product_brand?post=18367"},{"taxonomy":"product_cat","embeddable":true,"href":"https:\/\/www.multicasa.com.br\/inicio\/wp-json\/wp\/v2\/product_cat?post=18367"},{"taxonomy":"product_tag","embeddable":true,"href":"https:\/\/www.multicasa.com.br\/inicio\/wp-json\/wp\/v2\/product_tag?post=18367"}],"curies":[{"name":"wp","href":"https:\/\/api.w.org\/{rel}","templated":true}]}}