{"id":18391,"date":"2025-06-20T19:31:13","date_gmt":"2025-06-20T23:31:13","guid":{"rendered":"https:\/\/www.multicasa.com.br\/inicio\/?post_type=product&#038;p=18391"},"modified":"2025-08-18T03:24:27","modified_gmt":"2025-08-18T07:24:27","slug":"suporte-porta-ferro-tabua-de-passar-arthi","status":"publish","type":"product","link":"https:\/\/www.multicasa.com.br\/inicio\/produto\/suporte-porta-ferro-tabua-de-passar-arthi\/","title":{"rendered":"Suporte Porta Ferro\/T\u00e1bua de Passar Arthi"},"content":{"rendered":"<p>O Suporte Porta Ferro\/T\u00e1bua de Passar Arthi auxilia a organiza\u00e7\u00e3o di\u00e1ria, deixando seu ferro de passar e sua t\u00e1bua em lugar apropriado. Produzido em a\u00e7o cromado, possui um espa\u00e7o lateral para enrolar o fio do ferro. Otimize seu espa\u00e7o e mantenha sua casa em ordem.<\/p>\n","protected":false},"excerpt":{"rendered":"<h4 style=\"margin: 0px;padding: 0px 0px 16px;font-family: Lato, sans-serif;font-weight: bold;line-height: 3rem;color: var(--dark-grey3);font-size: 22px;font-style: normal;letter-spacing: normal;text-align: start;text-indent: 0px;text-transform: none\">Informa\u00e7\u00f5es t\u00e9cnicas<\/h4>\n<p><span style=\"margin: 0px;padding: 0px;font-weight: 450;font-size: 14px;line-height: 21px;color: var(--dark-grey2);font-family: Lato, sans-serif;font-style: normal;letter-spacing: normal;text-align: start;text-indent: 0px;text-transform: none\">Produto: Suporte para ferro<br \/>\nMarca: Arthi<br \/>\nMaterial: A\u00e7o cromado<br \/>\nCor: Prata<br \/>\nCaracter\u00edsticas: Acompanha buchas e parafusos para fixa\u00e7\u00e3o<br \/>\n\u00c0rea lateral para enrolar ferro<br \/>\nItens Inclusos: 1 suporte para ferro<br \/>\nDimens\u00f5es do produto (A X L X P): 62,1 x 26,5 x 1cm<\/span><\/p>\n","protected":false},"featured_media":18458,"template":"","meta":{"_joinchat":[]},"product_brand":[],"product_cat":[95],"product_tag":[],"class_list":{"0":"post-18391","1":"product","2":"type-product","3":"status-publish","4":"has-post-thumbnail","6":"product_cat-lavanderia","8":"first","9":"outofstock","10":"shipping-taxable","11":"purchasable","12":"product-type-simple"},"_links":{"self":[{"href":"https:\/\/www.multicasa.com.br\/inicio\/wp-json\/wp\/v2\/product\/18391","targetHints":{"allow":["GET"]}}],"collection":[{"href":"https:\/\/www.multicasa.com.br\/inicio\/wp-json\/wp\/v2\/product"}],"about":[{"href":"https:\/\/www.multicasa.com.br\/inicio\/wp-json\/wp\/v2\/types\/product"}],"wp:featuredmedia":[{"embeddable":true,"href":"https:\/\/www.multicasa.com.br\/inicio\/wp-json\/wp\/v2\/media\/18458"}],"wp:attachment":[{"href":"https:\/\/www.multicasa.com.br\/inicio\/wp-json\/wp\/v2\/media?parent=18391"}],"wp:term":[{"taxonomy":"product_brand","embeddable":true,"href":"https:\/\/www.multicasa.com.br\/inicio\/wp-json\/wp\/v2\/product_brand?post=18391"},{"taxonomy":"product_cat","embeddable":true,"href":"https:\/\/www.multicasa.com.br\/inicio\/wp-json\/wp\/v2\/product_cat?post=18391"},{"taxonomy":"product_tag","embeddable":true,"href":"https:\/\/www.multicasa.com.br\/inicio\/wp-json\/wp\/v2\/product_tag?post=18391"}],"curies":[{"name":"wp","href":"https:\/\/api.w.org\/{rel}","templated":true}]}}