{"id":18392,"date":"2025-06-20T19:31:13","date_gmt":"2025-06-20T23:31:13","guid":{"rendered":"https:\/\/www.multicasa.com.br\/inicio\/?post_type=product&#038;p=18392"},"modified":"2026-04-13T16:30:16","modified_gmt":"2026-04-13T20:30:16","slug":"kit-saco-de-lavar-roupa-poliester-okazaki-3-pecas","status":"publish","type":"product","link":"https:\/\/www.multicasa.com.br\/inicio\/produto\/kit-saco-de-lavar-roupa-poliester-okazaki-3-pecas\/","title":{"rendered":"Kit Saco de Lavar Roupa Poli\u00e9ster Okazaki 3 Pe\u00e7as"},"content":{"rendered":"<p>Com o Kit Saco de Lavar Roupa Okazaki voc\u00ea evita o desgaste e protege os tecidos mais delicados evitando embolamento e fios puxados na roupa. O jogo conta com 3 sacos produzidos em poli\u00e9ster branco: 1 com o z\u00edper azul de 26 x 35cm, 1 com o z\u00edper rosa de 48 x 34cm e 1 com o z\u00edper amarelo de 46 x 64cm.<\/p>\n","protected":false},"excerpt":{"rendered":"<h4 style=\"margin: 0px;padding: 0px 0px 16px;font-family: Lato, sans-serif;font-weight: bold;line-height: 3rem;color: var(--dark-grey3);font-size: 22px;font-style: normal;letter-spacing: normal;text-align: start;text-indent: 0px;text-transform: none\">Informa\u00e7\u00f5es t\u00e9cnicas<\/h4>\n<p><span style=\"margin: 0px;padding: 0px;font-weight: 450;font-size: 14px;line-height: 21px;color: var(--dark-grey2);font-family: Lato, sans-serif;font-style: normal;letter-spacing: normal;text-align: start;text-indent: 0px;text-transform: none\">Produto: Saco para lavar roupa<br \/>\nMarca: Okazaki<br \/>\nMaterial: Poli\u00e9ster<br \/>\nNylon<br \/>\nCor: Branco azul, amarelo e rosa<br \/>\nCaracter\u00edsticas: Possui z\u00edper<br \/>\nItens Inclusos: 3 sacos para lavar roupa<br \/>\nDimens\u00f5es do produto (A X L): P &#8211; 35 x 26cm<br \/>\nM &#8211; 48 x 34cm<br \/>\nG &#8211; 64 x 46cm<br \/>\n<\/span><\/p>\n","protected":false},"featured_media":25368,"template":"","meta":{"_joinchat":[]},"product_brand":[],"product_cat":[95],"product_tag":[],"class_list":{"0":"post-18392","1":"product","2":"type-product","3":"status-publish","4":"has-post-thumbnail","6":"product_cat-lavanderia","8":"first","9":"instock","10":"shipping-taxable","11":"purchasable","12":"product-type-simple"},"_links":{"self":[{"href":"https:\/\/www.multicasa.com.br\/inicio\/wp-json\/wp\/v2\/product\/18392","targetHints":{"allow":["GET"]}}],"collection":[{"href":"https:\/\/www.multicasa.com.br\/inicio\/wp-json\/wp\/v2\/product"}],"about":[{"href":"https:\/\/www.multicasa.com.br\/inicio\/wp-json\/wp\/v2\/types\/product"}],"wp:featuredmedia":[{"embeddable":true,"href":"https:\/\/www.multicasa.com.br\/inicio\/wp-json\/wp\/v2\/media\/25368"}],"wp:attachment":[{"href":"https:\/\/www.multicasa.com.br\/inicio\/wp-json\/wp\/v2\/media?parent=18392"}],"wp:term":[{"taxonomy":"product_brand","embeddable":true,"href":"https:\/\/www.multicasa.com.br\/inicio\/wp-json\/wp\/v2\/product_brand?post=18392"},{"taxonomy":"product_cat","embeddable":true,"href":"https:\/\/www.multicasa.com.br\/inicio\/wp-json\/wp\/v2\/product_cat?post=18392"},{"taxonomy":"product_tag","embeddable":true,"href":"https:\/\/www.multicasa.com.br\/inicio\/wp-json\/wp\/v2\/product_tag?post=18392"}],"curies":[{"name":"wp","href":"https:\/\/api.w.org\/{rel}","templated":true}]}}