{"id":18410,"date":"2025-06-20T19:31:36","date_gmt":"2025-06-20T23:31:36","guid":{"rendered":"https:\/\/www.multicasa.com.br\/inicio\/?post_type=product&#038;p=18410"},"modified":"2026-03-28T10:20:10","modified_gmt":"2026-03-28T14:20:10","slug":"luva-com-rosca-cromada-1-2-dalcon","status":"publish","type":"product","link":"https:\/\/www.multicasa.com.br\/inicio\/produto\/luva-com-rosca-cromada-1-2-dalcon\/","title":{"rendered":"Luva com Rosca Cromada 1\/2 Dalcon"},"content":{"rendered":"<p>A luva com rosca 1\/2 cromada Dalcon foi desenvolvida para conduzir \u00e1gua quente ou fria, constantemente pressurizada ou n\u00e3o. Feita de liga de lat\u00e3o, \u00e9 ideal para jun\u00e7\u00f5es de torneiras que tem sistema de rosca facilitando a montagem e desmontagem, al\u00e9m de ser \u00fatil tamb\u00e9m nos casos de redes provis\u00f3rias. Resistente \u00e0 corros\u00e3o, apresenta vantagens em instala\u00e7\u00f5es aparentes, prevenindo tamb\u00e9m de choques ou impactos.<\/p>\n","protected":false},"excerpt":{"rendered":"<h4 style=\"margin: 0px;padding: 0px 0px 16px;font-family: Lato, sans-serif;font-weight: bold;line-height: 3rem;color: var(--dark-grey3);font-size: 22px;font-style: normal;letter-spacing: normal;text-align: start;text-indent: 0px;text-transform: none\">Informa\u00e7\u00f5es t\u00e9cnicas<\/h4>\n<p><span style=\"margin: 0px;padding: 0px;font-weight: 450;font-size: 14px;line-height: 21px;color: var(--dark-grey2);font-family: Lato, sans-serif;font-style: normal;letter-spacing: normal;text-align: start;text-indent: 0px;text-transform: none\">Produto: Luva com Rosca<br \/>\nMarca: Dalcon<br \/>\nMaterial: Liga de Lat\u00e3o e Cromado<br \/>\nCaracter\u00edsticas: Anticorrosivo<br \/>\nIdeal para jun\u00e7\u00f5es<br \/>\nResistente \u00e0 corros\u00e3o e \u00e0s solicita\u00e7\u00f5es dos esfor\u00e7os mec\u00e2nicos<br \/>\nApresenta vantagens em instala\u00e7\u00f5es aparentes, contra eventuais choques ou impactos<br \/>\nPossui o sistema rosque\u00e1vel<br \/>\nItens Inclusos: 1 Luva com Rosca<br \/>\nDimens\u00f5es do produto em polegadas: 1\/2&#8243;<br \/>\n<\/span><\/p>\n","protected":false},"featured_media":18461,"template":"","meta":{"_joinchat":[]},"product_brand":[],"product_cat":[73],"product_tag":[],"class_list":{"0":"post-18410","1":"product","2":"type-product","3":"status-publish","4":"has-post-thumbnail","6":"product_cat-tubos-e-conexoes","8":"first","9":"instock","10":"shipping-taxable","11":"purchasable","12":"product-type-simple"},"_links":{"self":[{"href":"https:\/\/www.multicasa.com.br\/inicio\/wp-json\/wp\/v2\/product\/18410","targetHints":{"allow":["GET"]}}],"collection":[{"href":"https:\/\/www.multicasa.com.br\/inicio\/wp-json\/wp\/v2\/product"}],"about":[{"href":"https:\/\/www.multicasa.com.br\/inicio\/wp-json\/wp\/v2\/types\/product"}],"wp:featuredmedia":[{"embeddable":true,"href":"https:\/\/www.multicasa.com.br\/inicio\/wp-json\/wp\/v2\/media\/18461"}],"wp:attachment":[{"href":"https:\/\/www.multicasa.com.br\/inicio\/wp-json\/wp\/v2\/media?parent=18410"}],"wp:term":[{"taxonomy":"product_brand","embeddable":true,"href":"https:\/\/www.multicasa.com.br\/inicio\/wp-json\/wp\/v2\/product_brand?post=18410"},{"taxonomy":"product_cat","embeddable":true,"href":"https:\/\/www.multicasa.com.br\/inicio\/wp-json\/wp\/v2\/product_cat?post=18410"},{"taxonomy":"product_tag","embeddable":true,"href":"https:\/\/www.multicasa.com.br\/inicio\/wp-json\/wp\/v2\/product_tag?post=18410"}],"curies":[{"name":"wp","href":"https:\/\/api.w.org\/{rel}","templated":true}]}}