{"id":18446,"date":"2025-06-20T19:32:02","date_gmt":"2025-06-20T23:32:02","guid":{"rendered":"https:\/\/www.multicasa.com.br\/inicio\/?post_type=product&#038;p=18446"},"modified":"2025-12-16T19:25:01","modified_gmt":"2025-12-16T23:25:01","slug":"extensao-eletrica-1-tomada-2pt-branco-daneva-20a-15m","status":"publish","type":"product","link":"https:\/\/www.multicasa.com.br\/inicio\/produto\/extensao-eletrica-1-tomada-2pt-branco-daneva-20a-15m\/","title":{"rendered":"Extens\u00e3o El\u00e9trica 1 Tomada 2P+T Branco Daneva 20A &#8211; 1,5m"},"content":{"rendered":"<p>Ligue seus aparelhos eletroeletr\u00f4nicos onde estiver usando a extens\u00e3o el\u00e9trica 1 Tomada 2P+T branca Daneva. Com amperagem de 20a, mede 1,5 metro e foi desenvolvida especialmente para micro ondas, lavadora, secadora, fog\u00e3o, geladeira, freezer, bebedouros, lava lou\u00e7as e outros. A extens\u00e3o el\u00e9trica aumenta o tamanho do cabo de liga\u00e7\u00e3o de aparelhos e alcan\u00e7a outras tomadas e pontos mais distantes. Ideal para quem busca seguran\u00e7a e praticidade.<\/p>\n","protected":false},"excerpt":{"rendered":"<h4 style=\"margin: 0px;padding: 0px 0px 16px;font-family: Lato, sans-serif;font-weight: bold;line-height: 3rem;color: var(--dark-grey3);font-size: 22px;font-style: normal;letter-spacing: normal;text-align: start;text-indent: 0px;text-transform: none\">Informa\u00e7\u00f5es t\u00e9cnicas<\/h4>\n<p><span style=\"margin: 0px;padding: 0px;font-weight: 450;font-size: 14px;line-height: 21px;color: var(--dark-grey2);font-family: Lato, sans-serif;font-style: normal;letter-spacing: normal;text-align: start;text-indent: 0px;text-transform: none\">Produto: Extens\u00e3o El\u00e9trica<br \/>\nMarca: Daneva<br \/>\nMaterial: Tomada em polipropileno<br \/>\nCondutor em cobre eletrol\u00edtico e PVC<br \/>\nTomada e plugue injetados em PVC<br \/>\nTerminais em lat\u00e3o<br \/>\nSeparador em nylon<br \/>\nCor: Branco e cinza<br \/>\nPot\u00eancia: 1200w  2400w<br \/>\nTens\u00e3o el\u00e9trica: 127v &#8211; 220v<br \/>\nCaracter\u00edsticas: Corrente m\u00e1xima de 20A<br \/>\n1 Tomada tripolar<br \/>\nCertificado pelo Inmetro NBR 13249<br \/>\nTomada e plugue NBR 60884-1 e NBR 14136<br \/>\nCertificado pelo T\u00fcv rheinland<br \/>\nItens inclusos: 1 Extens\u00e3o El\u00e9trica<br \/>\nEspessura: 0,75mm<br \/>\nDimens\u00f5es do produto (C): 1,5m<br \/>\n<\/span><\/p>\n","protected":false},"featured_media":18494,"template":"","meta":{"_joinchat":[]},"product_brand":[],"product_cat":[120],"product_tag":[],"class_list":{"0":"post-18446","1":"product","2":"type-product","3":"status-publish","4":"has-post-thumbnail","6":"product_cat-extencoes-e-cia","8":"first","9":"outofstock","10":"shipping-taxable","11":"product-type-simple"},"_links":{"self":[{"href":"https:\/\/www.multicasa.com.br\/inicio\/wp-json\/wp\/v2\/product\/18446","targetHints":{"allow":["GET"]}}],"collection":[{"href":"https:\/\/www.multicasa.com.br\/inicio\/wp-json\/wp\/v2\/product"}],"about":[{"href":"https:\/\/www.multicasa.com.br\/inicio\/wp-json\/wp\/v2\/types\/product"}],"wp:featuredmedia":[{"embeddable":true,"href":"https:\/\/www.multicasa.com.br\/inicio\/wp-json\/wp\/v2\/media\/18494"}],"wp:attachment":[{"href":"https:\/\/www.multicasa.com.br\/inicio\/wp-json\/wp\/v2\/media?parent=18446"}],"wp:term":[{"taxonomy":"product_brand","embeddable":true,"href":"https:\/\/www.multicasa.com.br\/inicio\/wp-json\/wp\/v2\/product_brand?post=18446"},{"taxonomy":"product_cat","embeddable":true,"href":"https:\/\/www.multicasa.com.br\/inicio\/wp-json\/wp\/v2\/product_cat?post=18446"},{"taxonomy":"product_tag","embeddable":true,"href":"https:\/\/www.multicasa.com.br\/inicio\/wp-json\/wp\/v2\/product_tag?post=18446"}],"curies":[{"name":"wp","href":"https:\/\/api.w.org\/{rel}","templated":true}]}}