{"id":18449,"date":"2025-06-20T19:32:03","date_gmt":"2025-06-20T23:32:03","guid":{"rendered":"https:\/\/www.multicasa.com.br\/inicio\/?post_type=product&#038;p=18449"},"modified":"2026-02-24T09:51:42","modified_gmt":"2026-02-24T13:51:42","slug":"porta-papel-higienico-de-chao-aco-cromado-future","status":"publish","type":"product","link":"https:\/\/www.multicasa.com.br\/inicio\/produto\/porta-papel-higienico-de-chao-aco-cromado-future\/","title":{"rendered":"Porta Papel Higi\u00eanico de Ch\u00e3o A\u00e7o Cromado Future"},"content":{"rendered":"<p>Porta Papel Higi\u00eanico de ch\u00e3o Future confeccionado em a\u00e7o inox super dur\u00e1vel. Tem espa\u00e7o para o papel higi\u00eanico e suporte para mais 2 rolos reserva.<br \/>\nO suporte Future vai deixar seu banheiro organizado, super bonito e funcional sem necessidade de furar a parede. <\/p>\n","protected":false},"excerpt":{"rendered":"<h4 style=\"margin: 0px;padding: 0px 0px 16px;font-family: Lato, sans-serif;font-weight: bold;line-height: 3rem;color: var(--dark-grey3);font-size: 22px;font-style: normal;letter-spacing: normal;text-align: start;text-indent: 0px;text-transform: none\">Informa\u00e7\u00f5es t\u00e9cnicas<\/h4>\n<p><span style=\"margin: 0px;padding: 0px;font-weight: 450;font-size: 14px;line-height: 21px;color: var(--dark-grey2);font-family: Lato, sans-serif;font-style: normal;letter-spacing: normal;text-align: start;text-indent: 0px;text-transform: none\">Produto: Suporte papel higi\u00eanico<br \/>\nMarca: Future<br \/>\nMaterial: A\u00e7o inox<br \/>\nCor: Prata<br \/>\nCaracter\u00edsticas: Para bancadas ou ch\u00e3o<br \/>\nSuporta at\u00e9 4 rolos<br \/>\nItens inclusos: 1 Suporte papel higi\u00eanico<br \/>\nDimens\u00f5es do produto (A): 51cm<br \/>\n<\/span><\/p>\n","protected":false},"featured_media":18515,"template":"","meta":{"_joinchat":[]},"product_brand":[],"product_cat":[69],"product_tag":[],"class_list":{"0":"post-18449","1":"product","2":"type-product","3":"status-publish","4":"has-post-thumbnail","6":"product_cat-acessorios-para-banheiro","8":"first","9":"instock","10":"shipping-taxable","11":"purchasable","12":"product-type-simple"},"_links":{"self":[{"href":"https:\/\/www.multicasa.com.br\/inicio\/wp-json\/wp\/v2\/product\/18449","targetHints":{"allow":["GET"]}}],"collection":[{"href":"https:\/\/www.multicasa.com.br\/inicio\/wp-json\/wp\/v2\/product"}],"about":[{"href":"https:\/\/www.multicasa.com.br\/inicio\/wp-json\/wp\/v2\/types\/product"}],"wp:featuredmedia":[{"embeddable":true,"href":"https:\/\/www.multicasa.com.br\/inicio\/wp-json\/wp\/v2\/media\/18515"}],"wp:attachment":[{"href":"https:\/\/www.multicasa.com.br\/inicio\/wp-json\/wp\/v2\/media?parent=18449"}],"wp:term":[{"taxonomy":"product_brand","embeddable":true,"href":"https:\/\/www.multicasa.com.br\/inicio\/wp-json\/wp\/v2\/product_brand?post=18449"},{"taxonomy":"product_cat","embeddable":true,"href":"https:\/\/www.multicasa.com.br\/inicio\/wp-json\/wp\/v2\/product_cat?post=18449"},{"taxonomy":"product_tag","embeddable":true,"href":"https:\/\/www.multicasa.com.br\/inicio\/wp-json\/wp\/v2\/product_tag?post=18449"}],"curies":[{"name":"wp","href":"https:\/\/api.w.org\/{rel}","templated":true}]}}