{"id":18472,"date":"2025-06-20T19:32:25","date_gmt":"2025-06-20T23:32:25","guid":{"rendered":"https:\/\/www.multicasa.com.br\/inicio\/?post_type=product&#038;p=18472"},"modified":"2025-08-17T19:14:50","modified_gmt":"2025-08-17T23:14:50","slug":"fusivel-contato-10a-fc-fios-10-pecas","status":"publish","type":"product","link":"https:\/\/www.multicasa.com.br\/inicio\/produto\/fusivel-contato-10a-fc-fios-10-pecas\/","title":{"rendered":"Fus\u00edvel Contato 10A FC Fios 10 Pe\u00e7as"},"content":{"rendered":"<p>O Fus\u00edvel de Contato FC Fios \u00e9 um dispositivo de seguran\u00e7a que proporciona prote\u00e7\u00e3o de sobre tens\u00e3o para equipamentos eletroeletr\u00f4nicos e outros. Confeccionado em vidro com 10a e 25mm, sua fun\u00e7\u00e3o \u00e9 de interromper a passagem de corrente el\u00e9trica no circuito quando o mesmo ultrapassar o limite permitido pelo fus\u00edvel, evitando um poss\u00edvel curto-circuito.<br \/>\nCartela contendo 10 Unidades.<\/p>\n","protected":false},"excerpt":{"rendered":"<h4 style=\"margin: 0px;padding: 0px 0px 16px;font-family: Lato, sans-serif;font-weight: bold;line-height: 3rem;color: var(--dark-grey3);font-size: 22px;font-style: normal;letter-spacing: normal;text-align: start;text-indent: 0px;text-transform: none\">Informa\u00e7\u00f5es t\u00e9cnicas<\/h4>\n<p><span style=\"margin: 0px;padding: 0px;font-weight: 450;font-size: 14px;line-height: 21px;color: var(--dark-grey2);font-family: Lato, sans-serif;font-style: normal;letter-spacing: normal;text-align: start;text-indent: 0px;text-transform: none\">Produto: Fus\u00edvel Contato<br \/>\nMarca: Fc Fios<br \/>\nMaterial: Vidro<br \/>\nCaracter\u00edsticas: Para corrente el\u00e9trica de 10a<br \/>\nItens inclusos: 10 Fus\u00edveis<br \/>\nDimens\u00f5es do produto (C): 25mm<\/span><\/p>\n","protected":false},"featured_media":18538,"template":"","meta":{"_joinchat":[]},"product_brand":[],"product_cat":[153],"product_tag":[],"class_list":{"0":"post-18472","1":"product","2":"type-product","3":"status-publish","4":"has-post-thumbnail","6":"product_cat-eletronica-e-cia","8":"first","9":"outofstock","10":"shipping-taxable","11":"purchasable","12":"product-type-simple"},"_links":{"self":[{"href":"https:\/\/www.multicasa.com.br\/inicio\/wp-json\/wp\/v2\/product\/18472","targetHints":{"allow":["GET"]}}],"collection":[{"href":"https:\/\/www.multicasa.com.br\/inicio\/wp-json\/wp\/v2\/product"}],"about":[{"href":"https:\/\/www.multicasa.com.br\/inicio\/wp-json\/wp\/v2\/types\/product"}],"wp:featuredmedia":[{"embeddable":true,"href":"https:\/\/www.multicasa.com.br\/inicio\/wp-json\/wp\/v2\/media\/18538"}],"wp:attachment":[{"href":"https:\/\/www.multicasa.com.br\/inicio\/wp-json\/wp\/v2\/media?parent=18472"}],"wp:term":[{"taxonomy":"product_brand","embeddable":true,"href":"https:\/\/www.multicasa.com.br\/inicio\/wp-json\/wp\/v2\/product_brand?post=18472"},{"taxonomy":"product_cat","embeddable":true,"href":"https:\/\/www.multicasa.com.br\/inicio\/wp-json\/wp\/v2\/product_cat?post=18472"},{"taxonomy":"product_tag","embeddable":true,"href":"https:\/\/www.multicasa.com.br\/inicio\/wp-json\/wp\/v2\/product_tag?post=18472"}],"curies":[{"name":"wp","href":"https:\/\/api.w.org\/{rel}","templated":true}]}}