{"id":18473,"date":"2025-06-20T19:32:25","date_gmt":"2025-06-20T23:32:25","guid":{"rendered":"https:\/\/www.multicasa.com.br\/inicio\/?post_type=product&#038;p=18473"},"modified":"2025-12-16T19:25:50","modified_gmt":"2025-12-16T23:25:50","slug":"jogo-de-xicaras-medidoras-em-plastico-plasutil-4-pecas","status":"publish","type":"product","link":"https:\/\/www.multicasa.com.br\/inicio\/produto\/jogo-de-xicaras-medidoras-em-plastico-plasutil-4-pecas\/","title":{"rendered":"Jogo de X\u00edcaras Medidoras em Pl\u00e1stico Plas\u00fatil 4 Pe\u00e7as"},"content":{"rendered":"<p>Com o Jogo de X\u00edcaras Medidoras Plas\u00fatil voc\u00ea tem 4 pe\u00e7as com capacidades de medida para 60ml, 80ml, 120ml e 240ml. Produzida em pl\u00e1stico resistente, podem ser facilmente empilhadas promovendo praticidade na armazenagem. Item indispens\u00e1vel para preparar suas receitas com precis\u00e3o.<\/p>\n","protected":false},"excerpt":{"rendered":"<h4 style=\"margin: 0px;padding: 0px 0px 16px;font-family: Lato, sans-serif;font-weight: bold;line-height: 3rem;color: var(--dark-grey3);font-size: 22px;font-style: normal;letter-spacing: normal;text-align: start;text-indent: 0px;text-transform: none\">Informa\u00e7\u00f5es t\u00e9cnicas<\/h4>\n<p><span style=\"margin: 0px;padding: 0px;font-weight: 450;font-size: 14px;line-height: 21px;color: var(--dark-grey2);font-family: Lato, sans-serif;font-style: normal;letter-spacing: normal;text-align: start;text-indent: 0px;text-transform: none\">Produto: X\u00edcaras medidoras<br \/>\nMarca: Plas\u00fatil<br \/>\nMaterial: Pl\u00e1stico<br \/>\nCor: Branco<br \/>\nQuantidade de pe\u00e7as: 4<br \/>\nItens Inclusos: 1 colher medidora de 60ml<br \/>\n1 colher medidora de 80ml<br \/>\n1 colher medidora de 120ml<br \/>\n1 colher medidora de 240ml<br \/>\nDimens\u00f5es do produto (A x L): capacidade 60ml &#8211; 11,2 x 7,3 x 2,5cm<br \/>\ncapacidade 80ml &#8211; 11,5 x 8 x 2,6cm<br \/>\ncapacidade 120ml &#8211; 11,9 x 8,8 x 3,5cm<br \/>\ncapacidade 240ml &#8211; 12,3 x 9,5 x 5,8cm<\/span><\/p>\n","protected":false},"featured_media":25332,"template":"","meta":{"_joinchat":[]},"product_brand":[],"product_cat":[138],"product_tag":[],"class_list":{"0":"post-18473","1":"product","2":"type-product","3":"status-publish","4":"has-post-thumbnail","6":"product_cat-telefones-e-cia","8":"first","9":"outofstock","10":"shipping-taxable","11":"product-type-simple"},"_links":{"self":[{"href":"https:\/\/www.multicasa.com.br\/inicio\/wp-json\/wp\/v2\/product\/18473","targetHints":{"allow":["GET"]}}],"collection":[{"href":"https:\/\/www.multicasa.com.br\/inicio\/wp-json\/wp\/v2\/product"}],"about":[{"href":"https:\/\/www.multicasa.com.br\/inicio\/wp-json\/wp\/v2\/types\/product"}],"wp:featuredmedia":[{"embeddable":true,"href":"https:\/\/www.multicasa.com.br\/inicio\/wp-json\/wp\/v2\/media\/25332"}],"wp:attachment":[{"href":"https:\/\/www.multicasa.com.br\/inicio\/wp-json\/wp\/v2\/media?parent=18473"}],"wp:term":[{"taxonomy":"product_brand","embeddable":true,"href":"https:\/\/www.multicasa.com.br\/inicio\/wp-json\/wp\/v2\/product_brand?post=18473"},{"taxonomy":"product_cat","embeddable":true,"href":"https:\/\/www.multicasa.com.br\/inicio\/wp-json\/wp\/v2\/product_cat?post=18473"},{"taxonomy":"product_tag","embeddable":true,"href":"https:\/\/www.multicasa.com.br\/inicio\/wp-json\/wp\/v2\/product_tag?post=18473"}],"curies":[{"name":"wp","href":"https:\/\/api.w.org\/{rel}","templated":true}]}}