{"id":18474,"date":"2025-06-20T19:32:25","date_gmt":"2025-06-20T23:32:25","guid":{"rendered":"https:\/\/www.multicasa.com.br\/inicio\/?post_type=product&#038;p=18474"},"modified":"2025-06-20T19:33:22","modified_gmt":"2025-06-20T23:33:22","slug":"chave-teste-de-voltagem-digital-multiuso-12-220v-8rm-eda","status":"publish","type":"product","link":"https:\/\/www.multicasa.com.br\/inicio\/produto\/chave-teste-de-voltagem-digital-multiuso-12-220v-8rm-eda\/","title":{"rendered":"Chave Teste de Voltagem Digital Multiuso 12\/220V 8RM Eda"},"content":{"rendered":"<p>Chave de Teste de Voltagem Digital Multiuso 8RM EDA, ideal para testar tens\u00f5es de 12 a 220V, aterramentos e pontos abertos em circuitos e redes, com display LCD que mostra a voltagem testada. A partir do teste de tens\u00e3o, \u00e9 poss\u00edvel utilizar os aparelhos e equipamentos na voltagem correta, evitando riscos de queimar ou danificar os produtos.<br \/>\nA chave de teste tem as seguintes fun\u00e7\u00f5es: detecta corrente cont\u00ednua, teste de neutro, teste de aterramento, teste de continuidade. A faixa de medi\u00e7\u00f5es para correntes alternadas e cont\u00ednuas \u00e9 de 12Va 220V. N\u00e3o h\u00e1 necessidade de baterias.<\/p>\n","protected":false},"excerpt":{"rendered":"<h4 style=\"margin: 0px;padding: 0px 0px 16px;font-family: Lato, sans-serif;font-weight: bold;line-height: 3rem;color: var(--dark-grey3);font-size: 22px;font-style: normal;letter-spacing: normal;text-align: start;text-indent: 0px;text-transform: none\">Informa\u00e7\u00f5es t\u00e9cnicas<\/h4>\n<p><span style=\"margin: 0px;padding: 0px;font-weight: 450;font-size: 14px;line-height: 21px;color: var(--dark-grey2);font-family: Lato, sans-serif;font-style: normal;letter-spacing: normal;text-align: start;text-indent: 0px;text-transform: none\">Produto: Chave Teste de Voltagem Digital<br \/>\nMarca: Eda<br \/>\nModelo: 8RM<br \/>\nCor: Amarlo<br \/>\nUso Indicado: Teste de Voltagem<br \/>\nCaracter\u00edsticas: Faixa de Medi\u00e7\u00f5es de 12 a 220V<br \/>\nPossui Display LCD<br \/>\nDetecta corrente cont\u00ednua<br \/>\nTeste de neutron<br \/>\nTeste de aterramento<br \/>\nTeste de continuidade<br \/>\nFaixa de medi\u00e7\u00f5es para correntes alternadas e cont\u00ednuas de 12v a 220v<br \/>\nDisplay LCD para dupla seguran\u00e7a<br \/>\nN\u00e3o h\u00e1 necessidade de baterias<br \/>\nItens Inclusos: 1 Chave Teste<br \/>\nDimens\u00f5es do produto (A): 14cm<br \/>\nGarantia: 90 dias<\/span><\/p>\n","protected":false},"featured_media":18539,"template":"","meta":{"_joinchat":[]},"product_brand":[],"product_cat":[100],"product_tag":[],"class_list":{"0":"post-18474","1":"product","2":"type-product","3":"status-publish","4":"has-post-thumbnail","6":"product_cat-eletros","8":"first","9":"outofstock","10":"shipping-taxable","11":"product-type-simple"},"_links":{"self":[{"href":"https:\/\/www.multicasa.com.br\/inicio\/wp-json\/wp\/v2\/product\/18474","targetHints":{"allow":["GET"]}}],"collection":[{"href":"https:\/\/www.multicasa.com.br\/inicio\/wp-json\/wp\/v2\/product"}],"about":[{"href":"https:\/\/www.multicasa.com.br\/inicio\/wp-json\/wp\/v2\/types\/product"}],"wp:featuredmedia":[{"embeddable":true,"href":"https:\/\/www.multicasa.com.br\/inicio\/wp-json\/wp\/v2\/media\/18539"}],"wp:attachment":[{"href":"https:\/\/www.multicasa.com.br\/inicio\/wp-json\/wp\/v2\/media?parent=18474"}],"wp:term":[{"taxonomy":"product_brand","embeddable":true,"href":"https:\/\/www.multicasa.com.br\/inicio\/wp-json\/wp\/v2\/product_brand?post=18474"},{"taxonomy":"product_cat","embeddable":true,"href":"https:\/\/www.multicasa.com.br\/inicio\/wp-json\/wp\/v2\/product_cat?post=18474"},{"taxonomy":"product_tag","embeddable":true,"href":"https:\/\/www.multicasa.com.br\/inicio\/wp-json\/wp\/v2\/product_tag?post=18474"}],"curies":[{"name":"wp","href":"https:\/\/api.w.org\/{rel}","templated":true}]}}