{"id":18476,"date":"2025-06-20T19:32:26","date_gmt":"2025-06-20T23:32:26","guid":{"rendered":"https:\/\/www.multicasa.com.br\/inicio\/?post_type=product&#038;p=18476"},"modified":"2025-08-16T17:31:11","modified_gmt":"2025-08-16T21:31:11","slug":"lanterna-de-bolso-emborrachada-rayovac","status":"publish","type":"product","link":"https:\/\/www.multicasa.com.br\/inicio\/produto\/lanterna-de-bolso-emborrachada-rayovac\/","title":{"rendered":"Lanterna de Bolso Emborrachada Rayovac"},"content":{"rendered":"<p>A Lanterna de Bolso Rayovac \u00e9 pr\u00e1tica, resistente e f\u00e1cil de transportar. Tem o corpo emborrachado e leds que possuem grande vida \u00fatil e luz intensa que ilumina facilmente os ambientes mais escuros. Possui 9 leds de longa de dura\u00e7\u00e3o, al\u00e7a de sustenta\u00e7\u00e3o, tempo de funcionamento de 6 horas e funciona com 3 pilhas aaa (inclusas).<br \/>\nLanterna ideal para as crian\u00e7as se divertirem enquanto exploram um mundo repleto de mist\u00e9rios, dentro de casa, nos passeios da escola e com a fam\u00edlia.<\/p>\n","protected":false},"excerpt":{"rendered":"<h4 style=\"margin: 0px;padding: 0px 0px 16px;font-family: Lato, sans-serif;font-weight: bold;line-height: 3rem;color: var(--dark-grey3);font-size: 22px;font-style: normal;letter-spacing: normal;text-align: start;text-indent: 0px;text-transform: none\">Informa\u00e7\u00f5es t\u00e9cnicas<\/h4>\n<p><span style=\"margin: 0px;padding: 0px;font-weight: 450;font-size: 14px;line-height: 21px;color: var(--dark-grey2);font-family: Lato, sans-serif;font-style: normal;letter-spacing: normal;text-align: start;text-indent: 0px;text-transform: none\">Produto: Lanterna de bolso<br \/>\nMarca: Rayovac<br \/>\nMaterial: Emborrachado<br \/>\nCor: Sortida<br \/>\nAlimenta\u00e7\u00e3o: 3 pilhas AAA (inclusas)<br \/>\nCaracter\u00edsticas: 18LM<br \/>\nFoco de 18m<br \/>\nBrilho ajust\u00e1vel<br \/>\n9 leds de longa dura\u00e7\u00e3o 50 mil horas<br \/>\nAutonomia de at\u00e9 6H<br \/>\nAl\u00e7a de sustenta\u00e7\u00e3o<br \/>\nItens inclusos: 1 Lanterna de bolso<br \/>\nDimens\u00f5es do produto (A X L): 9,5 x 3cm<br \/>\n<\/span><\/p>\n","protected":false},"featured_media":18543,"template":"","meta":{"_joinchat":[]},"product_brand":[],"product_cat":[136],"product_tag":[],"class_list":{"0":"post-18476","1":"product","2":"type-product","3":"status-publish","4":"has-post-thumbnail","6":"product_cat-lazer","8":"first","9":"outofstock","10":"shipping-taxable","11":"product-type-simple"},"_links":{"self":[{"href":"https:\/\/www.multicasa.com.br\/inicio\/wp-json\/wp\/v2\/product\/18476","targetHints":{"allow":["GET"]}}],"collection":[{"href":"https:\/\/www.multicasa.com.br\/inicio\/wp-json\/wp\/v2\/product"}],"about":[{"href":"https:\/\/www.multicasa.com.br\/inicio\/wp-json\/wp\/v2\/types\/product"}],"wp:featuredmedia":[{"embeddable":true,"href":"https:\/\/www.multicasa.com.br\/inicio\/wp-json\/wp\/v2\/media\/18543"}],"wp:attachment":[{"href":"https:\/\/www.multicasa.com.br\/inicio\/wp-json\/wp\/v2\/media?parent=18476"}],"wp:term":[{"taxonomy":"product_brand","embeddable":true,"href":"https:\/\/www.multicasa.com.br\/inicio\/wp-json\/wp\/v2\/product_brand?post=18476"},{"taxonomy":"product_cat","embeddable":true,"href":"https:\/\/www.multicasa.com.br\/inicio\/wp-json\/wp\/v2\/product_cat?post=18476"},{"taxonomy":"product_tag","embeddable":true,"href":"https:\/\/www.multicasa.com.br\/inicio\/wp-json\/wp\/v2\/product_tag?post=18476"}],"curies":[{"name":"wp","href":"https:\/\/api.w.org\/{rel}","templated":true}]}}