{"id":18505,"date":"2025-06-20T19:32:53","date_gmt":"2025-06-20T23:32:53","guid":{"rendered":"https:\/\/www.multicasa.com.br\/inicio\/?post_type=product&#038;p=18505"},"modified":"2025-06-23T10:28:20","modified_gmt":"2025-06-23T14:28:20","slug":"porta-sabao-em-po-rosqueavel-plasutil-14kg","status":"publish","type":"product","link":"https:\/\/www.multicasa.com.br\/inicio\/produto\/porta-sabao-em-po-rosqueavel-plasutil-14kg\/","title":{"rendered":"Porta Sab\u00e3o em P\u00f3 Rosque\u00e1vel Plas\u00fatil 1,4kg"},"content":{"rendered":"<p>O Porta Sab\u00e3o em P\u00f3 Rosque\u00e1vel Plas\u00fatil tem formato redondo e possui estampas de varal com bico dosador na cor azul que \u00e9 perfeito para dispensar apenas a quantidade necess\u00e1ria de sab\u00e3o. Com capacidade para 1,44L\/Kg \u00e9 produzido em pl\u00e1stico, garantindo que o sab\u00e3o n\u00e3o endure\u00e7a por ser molhado.<\/p>\n","protected":false},"excerpt":{"rendered":"<h4 style=\"margin: 0px;padding: 0px 0px 16px;font-family: Lato, sans-serif;font-weight: bold;line-height: 3rem;color: var(--dark-grey3);font-size: 22px;font-style: normal;letter-spacing: normal;text-align: start;text-indent: 0px;text-transform: none\">Informa\u00e7\u00f5es t\u00e9cnicas<\/h4>\n<p><span style=\"margin: 0px;padding: 0px;font-weight: 450;font-size: 14px;line-height: 21px;color: var(--dark-grey2);font-family: Lato, sans-serif;font-style: normal;letter-spacing: normal;text-align: start;text-indent: 0px;text-transform: none\">Produto: Porta sab\u00e3o<br \/>\nMarca: Plas\u00fatil<br \/>\nMaterial: Azul e incolor<br \/>\nCor: Sortida<br \/>\nCaracter\u00edsticas: Possui bico dosador<br \/>\nCapacidade: 1,44L\/Kg<br \/>\nItens Inclusos: 1 porta sab\u00e3o<br \/>\nDimens\u00f5es do produto (A x L x P): 22,7 x 11,7 x 11,2cm<\/span><\/p>\n","protected":false},"featured_media":25784,"template":"","meta":{"_joinchat":[]},"product_brand":[],"product_cat":[95],"product_tag":[],"class_list":{"0":"post-18505","1":"product","2":"type-product","3":"status-publish","4":"has-post-thumbnail","6":"product_cat-lavanderia","8":"first","9":"outofstock","10":"shipping-taxable","11":"product-type-simple"},"_links":{"self":[{"href":"https:\/\/www.multicasa.com.br\/inicio\/wp-json\/wp\/v2\/product\/18505","targetHints":{"allow":["GET"]}}],"collection":[{"href":"https:\/\/www.multicasa.com.br\/inicio\/wp-json\/wp\/v2\/product"}],"about":[{"href":"https:\/\/www.multicasa.com.br\/inicio\/wp-json\/wp\/v2\/types\/product"}],"wp:featuredmedia":[{"embeddable":true,"href":"https:\/\/www.multicasa.com.br\/inicio\/wp-json\/wp\/v2\/media\/25784"}],"wp:attachment":[{"href":"https:\/\/www.multicasa.com.br\/inicio\/wp-json\/wp\/v2\/media?parent=18505"}],"wp:term":[{"taxonomy":"product_brand","embeddable":true,"href":"https:\/\/www.multicasa.com.br\/inicio\/wp-json\/wp\/v2\/product_brand?post=18505"},{"taxonomy":"product_cat","embeddable":true,"href":"https:\/\/www.multicasa.com.br\/inicio\/wp-json\/wp\/v2\/product_cat?post=18505"},{"taxonomy":"product_tag","embeddable":true,"href":"https:\/\/www.multicasa.com.br\/inicio\/wp-json\/wp\/v2\/product_tag?post=18505"}],"curies":[{"name":"wp","href":"https:\/\/api.w.org\/{rel}","templated":true}]}}