{"id":18506,"date":"2025-06-20T19:32:54","date_gmt":"2025-06-20T23:32:54","guid":{"rendered":"https:\/\/www.multicasa.com.br\/inicio\/?post_type=product&#038;p=18506"},"modified":"2025-06-20T19:33:50","modified_gmt":"2025-06-20T23:33:50","slug":"filtro-de-linha-com-4-tomadas-branco-preto-1m-bivolt","status":"publish","type":"product","link":"https:\/\/www.multicasa.com.br\/inicio\/produto\/filtro-de-linha-com-4-tomadas-branco-preto-1m-bivolt\/","title":{"rendered":"Filtro de Linha com 4 Tomadas Branco Preto 1m Bivolt"},"content":{"rendered":"<p>Conecte v\u00e1rios aparelhos e dispositivos com seguran\u00e7a usando o Filtro de Linha com 4 tomadas 2P+T da Ilumitec. Bivolt, suas tomadas j\u00e1 est\u00e3o no novo padr\u00e3o brasileiro, tem cabo de 1,5 m e \u00e9 fabricado em pl\u00e1stico ABS. Seu funcionamento consiste em, diante de uma descarga de energia, o micro disjuntor desarma e o bot\u00e3o volta para a posi\u00e7\u00e3o off. Assim, para voc\u00ea continuar utilizando energia, basta retornar o bot\u00e3o para a posi\u00e7\u00e3o reset. Seu filtro de linha tem p\u00e9s antiderrapantes, leds identificadores de tens\u00e3o e prensa cabo. Dispon\u00edvel na cor preta.<\/p>\n","protected":false},"excerpt":{"rendered":"<h4 style=\"margin: 0px;padding: 0px 0px 16px;font-family: Lato, sans-serif;font-weight: bold;line-height: 3rem;color: var(--dark-grey3);font-size: 22px;font-style: normal;letter-spacing: normal;text-align: start;text-indent: 0px;text-transform: none\">Informa\u00e7\u00f5es t\u00e9cnicas<\/h4>\n<p><span style=\"margin: 0px;padding: 0px;font-weight: 450;font-size: 14px;line-height: 21px;color: var(--dark-grey2);font-family: Lato, sans-serif;font-style: normal;letter-spacing: normal;text-align: start;text-indent: 0px;text-transform: none\">Produto: Filtro de linha<br \/>\nMarca: Ilumitec<br \/>\nMaterial: Abs<br \/>\nCor: Preto<br \/>\nTens\u00e3o El\u00e9trica: 127-220v<br \/>\nCaracter\u00edsticas: Possui 4 tomadas el\u00e9tricas 2p+t<br \/>\nPot\u00eancia m\u00e1xima 1500va<br \/>\nCondutor cabo flex\u00edvel pp chato 3 vias 3&#215;0,75mm<br \/>\n127v~10 a utilizar fus\u00edvel de 10a<br \/>\n220v~6 a utilizar fus\u00edvel de 6a<br \/>\n2 slots para fus\u00edvel<br \/>\nCom gromet evita quebra do cabo<br \/>\nP\u00e9s antiderrapantes<br \/>\nPrensa cabo<br \/>\nLeds identificadores<br \/>\nItens Inclusos: 1 Filtro de linha<br \/>\nDimens\u00f5es do produto (C): Cabo &#8211; 1m<br \/>\nGarantia: 5 anos pelo fabricante<br \/>\n<\/span><\/p>\n","protected":false},"featured_media":18570,"template":"","meta":{"_joinchat":[]},"product_brand":[],"product_cat":[120],"product_tag":[],"class_list":{"0":"post-18506","1":"product","2":"type-product","3":"status-publish","4":"has-post-thumbnail","6":"product_cat-extencoes-e-cia","8":"first","9":"outofstock","10":"shipping-taxable","11":"product-type-simple"},"_links":{"self":[{"href":"https:\/\/www.multicasa.com.br\/inicio\/wp-json\/wp\/v2\/product\/18506","targetHints":{"allow":["GET"]}}],"collection":[{"href":"https:\/\/www.multicasa.com.br\/inicio\/wp-json\/wp\/v2\/product"}],"about":[{"href":"https:\/\/www.multicasa.com.br\/inicio\/wp-json\/wp\/v2\/types\/product"}],"wp:featuredmedia":[{"embeddable":true,"href":"https:\/\/www.multicasa.com.br\/inicio\/wp-json\/wp\/v2\/media\/18570"}],"wp:attachment":[{"href":"https:\/\/www.multicasa.com.br\/inicio\/wp-json\/wp\/v2\/media?parent=18506"}],"wp:term":[{"taxonomy":"product_brand","embeddable":true,"href":"https:\/\/www.multicasa.com.br\/inicio\/wp-json\/wp\/v2\/product_brand?post=18506"},{"taxonomy":"product_cat","embeddable":true,"href":"https:\/\/www.multicasa.com.br\/inicio\/wp-json\/wp\/v2\/product_cat?post=18506"},{"taxonomy":"product_tag","embeddable":true,"href":"https:\/\/www.multicasa.com.br\/inicio\/wp-json\/wp\/v2\/product_tag?post=18506"}],"curies":[{"name":"wp","href":"https:\/\/api.w.org\/{rel}","templated":true}]}}