{"id":18507,"date":"2025-06-20T19:32:54","date_gmt":"2025-06-20T23:32:54","guid":{"rendered":"https:\/\/www.multicasa.com.br\/inicio\/?post_type=product&#038;p=18507"},"modified":"2026-03-17T06:50:47","modified_gmt":"2026-03-17T10:50:47","slug":"bandeja-esteira-braco-de-sofa-porta-copo-jm","status":"publish","type":"product","link":"https:\/\/www.multicasa.com.br\/inicio\/produto\/bandeja-esteira-braco-de-sofa-porta-copo-jm\/","title":{"rendered":"Bandeja Esteira Bra\u00e7o de Sof\u00e1 Porta Copo JM"},"content":{"rendered":"<p>Bandeja Esteira JM em mdf, flex\u00edvel e adapt\u00e1vel ao bra\u00e7o do sof\u00e1, com porta copos embutido, o que permite manter a bebida preferida \u00e0 m\u00e3o enquanto se est\u00e1 no sof\u00e1, evitando que o l\u00edquido caia sobre o mesmo. Al\u00e9m disso, tem espa\u00e7o para apoio de pratos pequenos ou outros objetos de menor porte.<br \/>\nTenha praticidade no seu dia a dia e aproveite para comer ou beber no sof\u00e1 enquanto assiste um filme sem preocupa\u00e7\u00e3o!<\/p>\n","protected":false},"excerpt":{"rendered":"<h4 style=\"margin: 0px;padding: 0px 0px 16px;font-family: Lato, sans-serif;font-weight: bold;line-height: 3rem;color: var(--dark-grey3);font-size: 22px;font-style: normal;letter-spacing: normal;text-align: start;text-indent: 0px;text-transform: none\">Informa\u00e7\u00f5es t\u00e9cnicas<\/h4>\n<p><span style=\"margin: 0px;padding: 0px;font-weight: 450;font-size: 14px;line-height: 21px;color: var(--dark-grey2);font-family: Lato, sans-serif;font-style: normal;letter-spacing: normal;text-align: start;text-indent: 0px;text-transform: none\">Produto: Bandeja bra\u00e7o do sof\u00e1<br \/>\nMarca: JM<br \/>\nMaterial: MDF<br \/>\nCor: Marrom<br \/>\nCaracter\u00edsticas: 2 porta copos embutidos<br \/>\nAdapt\u00e1vel<br \/>\nFlex\u00edvel<br \/>\nPintura UV<br \/>\nItens Inclusos: 1 Bandeja bra\u00e7o do sof\u00e1<br \/>\nDimens\u00f5es do produto (A X L X P): 34 x 45,5 x 9cm<br \/>\n<\/span><\/p>\n","protected":false},"featured_media":18571,"template":"","meta":{"_joinchat":[]},"product_brand":[],"product_cat":[101],"product_tag":[],"class_list":{"0":"post-18507","1":"product","2":"type-product","3":"status-publish","4":"has-post-thumbnail","6":"product_cat-cuidados-pessoais","8":"first","9":"instock","10":"shipping-taxable","11":"purchasable","12":"product-type-simple"},"_links":{"self":[{"href":"https:\/\/www.multicasa.com.br\/inicio\/wp-json\/wp\/v2\/product\/18507","targetHints":{"allow":["GET"]}}],"collection":[{"href":"https:\/\/www.multicasa.com.br\/inicio\/wp-json\/wp\/v2\/product"}],"about":[{"href":"https:\/\/www.multicasa.com.br\/inicio\/wp-json\/wp\/v2\/types\/product"}],"wp:featuredmedia":[{"embeddable":true,"href":"https:\/\/www.multicasa.com.br\/inicio\/wp-json\/wp\/v2\/media\/18571"}],"wp:attachment":[{"href":"https:\/\/www.multicasa.com.br\/inicio\/wp-json\/wp\/v2\/media?parent=18507"}],"wp:term":[{"taxonomy":"product_brand","embeddable":true,"href":"https:\/\/www.multicasa.com.br\/inicio\/wp-json\/wp\/v2\/product_brand?post=18507"},{"taxonomy":"product_cat","embeddable":true,"href":"https:\/\/www.multicasa.com.br\/inicio\/wp-json\/wp\/v2\/product_cat?post=18507"},{"taxonomy":"product_tag","embeddable":true,"href":"https:\/\/www.multicasa.com.br\/inicio\/wp-json\/wp\/v2\/product_tag?post=18507"}],"curies":[{"name":"wp","href":"https:\/\/api.w.org\/{rel}","templated":true}]}}