{"id":18510,"date":"2025-06-20T19:32:54","date_gmt":"2025-06-20T23:32:54","guid":{"rendered":"https:\/\/www.multicasa.com.br\/inicio\/?post_type=product&#038;p=18510"},"modified":"2025-08-16T15:45:55","modified_gmt":"2025-08-16T19:45:55","slug":"ferro-de-passar-para-viagem-black-decker-777br-bivolt","status":"publish","type":"product","link":"https:\/\/www.multicasa.com.br\/inicio\/produto\/ferro-de-passar-para-viagem-black-decker-777br-bivolt\/","title":{"rendered":"Ferro de Passar para Viagem Black + Decker 777BR Bivolt"},"content":{"rendered":"<p>Ideal para levar em viagens, o Ferro de Passar Black + Decker 777BR para Viagem Bivolt \u00e9 compacto, possui cabo dobr\u00e1vel que facilita o seu transporte e \u00e9 muito eficiente. Com as fun\u00e7\u00f5es de vapor e seco e base antiaderente, possui chave seletora para escolha da voltagem (1150w ? 127v ou 900w ? 220v) e recipiente para abastecer o reservat\u00f3rio de \u00e1gua. Funcionalidade especial: vapor extra para remover amassados mais dif\u00edceis. Tem 12 meses de garantia contra defeitos de fabrica\u00e7\u00e3o. Ficou muito mais f\u00e1cil ter roupas passadas durante viagens com seu novo ferro port\u00e1til.<\/p>\n","protected":false},"excerpt":{"rendered":"<h4 style=\"margin: 0px;padding: 0px 0px 16px;font-family: Lato, sans-serif;font-weight: bold;line-height: 3rem;color: var(--dark-grey3);font-size: 22px;font-style: normal;letter-spacing: normal;text-align: start;text-indent: 0px;text-transform: none\">Informa\u00e7\u00f5es t\u00e9cnicas<\/h4>\n<p><span style=\"margin: 0px;padding: 0px;font-weight: 450;font-size: 14px;line-height: 21px;color: var(--dark-grey2);font-family: Lato, sans-serif;font-style: normal;letter-spacing: normal;text-align: start;text-indent: 0px;text-transform: none\">Produto: Ferro de Passar<br \/>\nMarca: Black + Decker<br \/>\nModelo: 777BR<br \/>\nMaterial: Pl\u00e1stico<br \/>\nBase de alum\u00ednio<br \/>\nCor: Branco, preto e verde<br \/>\nPot\u00eancia: 1150w &#8211; 900w<br \/>\nTens\u00e3o el\u00e9trica: 127v &#8211; 220v<br \/>\nCaracter\u00edsticas: Recipiente para abastecer reservat\u00f3rio de \u00e1gua<br \/>\nCabo dobr\u00e1vel<br \/>\nItens Inclusos: 1 ferro de passar<br \/>\nDimens\u00f5es do produto (A x L): 22 x 10cm<br \/>\nGarantia: 12 meses pelo fabricante<br \/>\nOCP: 0040<br \/>\n<\/span><\/p>\n","protected":false},"featured_media":18577,"template":"","meta":{"_joinchat":[]},"product_brand":[],"product_cat":[95],"product_tag":[],"class_list":{"0":"post-18510","1":"product","2":"type-product","3":"status-publish","4":"has-post-thumbnail","6":"product_cat-lavanderia","8":"first","9":"outofstock","10":"shipping-taxable","11":"product-type-simple"},"_links":{"self":[{"href":"https:\/\/www.multicasa.com.br\/inicio\/wp-json\/wp\/v2\/product\/18510","targetHints":{"allow":["GET"]}}],"collection":[{"href":"https:\/\/www.multicasa.com.br\/inicio\/wp-json\/wp\/v2\/product"}],"about":[{"href":"https:\/\/www.multicasa.com.br\/inicio\/wp-json\/wp\/v2\/types\/product"}],"wp:featuredmedia":[{"embeddable":true,"href":"https:\/\/www.multicasa.com.br\/inicio\/wp-json\/wp\/v2\/media\/18577"}],"wp:attachment":[{"href":"https:\/\/www.multicasa.com.br\/inicio\/wp-json\/wp\/v2\/media?parent=18510"}],"wp:term":[{"taxonomy":"product_brand","embeddable":true,"href":"https:\/\/www.multicasa.com.br\/inicio\/wp-json\/wp\/v2\/product_brand?post=18510"},{"taxonomy":"product_cat","embeddable":true,"href":"https:\/\/www.multicasa.com.br\/inicio\/wp-json\/wp\/v2\/product_cat?post=18510"},{"taxonomy":"product_tag","embeddable":true,"href":"https:\/\/www.multicasa.com.br\/inicio\/wp-json\/wp\/v2\/product_tag?post=18510"}],"curies":[{"name":"wp","href":"https:\/\/api.w.org\/{rel}","templated":true}]}}