{"id":18531,"date":"2025-06-20T19:33:17","date_gmt":"2025-06-20T23:33:17","guid":{"rendered":"https:\/\/www.multicasa.com.br\/inicio\/?post_type=product&#038;p=18531"},"modified":"2025-06-20T19:34:15","modified_gmt":"2025-06-20T23:34:15","slug":"carregador-de-parede-universal-ch34ac-com-2-usb-geonav","status":"publish","type":"product","link":"https:\/\/www.multicasa.com.br\/inicio\/produto\/carregador-de-parede-universal-ch34ac-com-2-usb-geonav\/","title":{"rendered":"Carregador de Parede Universal CH34AC com 2 USB Geonav"},"content":{"rendered":"<p>O Carregador de Parede Universal USB Geonav Turbo possui 2 entradas usbs, permitindo que voc\u00ea carregue dois aparelhos ao mesmo tempo. Possui alimenta\u00e7\u00e3o bivolt, uma entrada usb de 2.4a e outra de 1a, perfeito para carregar diversos aparelhos, como smartphones, tablets, iphone, ipod, ipad, mp3, gps, entre outros dispositivos usb.<\/p>\n","protected":false},"excerpt":{"rendered":"<h4 style=\"margin: 0px;padding: 0px 0px 16px;font-family: Lato, sans-serif;font-weight: bold;line-height: 3rem;color: var(--dark-grey3);font-size: 22px;font-style: normal;letter-spacing: normal;text-align: start;text-indent: 0px;text-transform: none\">Informa\u00e7\u00f5es t\u00e9cnicas<\/h4>\n<p><span style=\"margin: 0px;padding: 0px;font-weight: 450;font-size: 14px;line-height: 21px;color: var(--dark-grey2);font-family: Lato, sans-serif;font-style: normal;letter-spacing: normal;text-align: start;text-indent: 0px;text-transform: none\">Produto: Carregador de parede universal<br \/>\nMarca: Geonav<br \/>\nModelo: CH34AC<br \/>\nMaterial: Pl\u00e1stico<br \/>\nCor: Branco<br \/>\nTens\u00e3o el\u00e9trica: Bivolt<br \/>\nFrequ\u00eancia: 50\/60hz 0.5a<br \/>\nAmperagem: 2.4a max<br \/>\nCaracter\u00edsticas: 2 Entradas usb<br \/>\nDupla sa\u00edda 3.4a<br \/>\n1 sa\u00edda com 2.4 e outra 1a<br \/>\nCompat\u00edvel com qualquer dispositivo com entrada usb<br \/>\nItens Inclusos: 1 Carregador de parede<br \/>\nDimens\u00f5es do produto (A X L X P): 12 x 8 x 5cm<br \/>\n<\/span><\/p>\n","protected":false},"featured_media":18593,"template":"","meta":{"_joinchat":[]},"product_brand":[],"product_cat":[153],"product_tag":[],"class_list":{"0":"post-18531","1":"product","2":"type-product","3":"status-publish","4":"has-post-thumbnail","6":"product_cat-eletronica-e-cia","8":"first","9":"outofstock","10":"shipping-taxable","11":"product-type-simple"},"_links":{"self":[{"href":"https:\/\/www.multicasa.com.br\/inicio\/wp-json\/wp\/v2\/product\/18531","targetHints":{"allow":["GET"]}}],"collection":[{"href":"https:\/\/www.multicasa.com.br\/inicio\/wp-json\/wp\/v2\/product"}],"about":[{"href":"https:\/\/www.multicasa.com.br\/inicio\/wp-json\/wp\/v2\/types\/product"}],"wp:featuredmedia":[{"embeddable":true,"href":"https:\/\/www.multicasa.com.br\/inicio\/wp-json\/wp\/v2\/media\/18593"}],"wp:attachment":[{"href":"https:\/\/www.multicasa.com.br\/inicio\/wp-json\/wp\/v2\/media?parent=18531"}],"wp:term":[{"taxonomy":"product_brand","embeddable":true,"href":"https:\/\/www.multicasa.com.br\/inicio\/wp-json\/wp\/v2\/product_brand?post=18531"},{"taxonomy":"product_cat","embeddable":true,"href":"https:\/\/www.multicasa.com.br\/inicio\/wp-json\/wp\/v2\/product_cat?post=18531"},{"taxonomy":"product_tag","embeddable":true,"href":"https:\/\/www.multicasa.com.br\/inicio\/wp-json\/wp\/v2\/product_tag?post=18531"}],"curies":[{"name":"wp","href":"https:\/\/api.w.org\/{rel}","templated":true}]}}