{"id":18532,"date":"2025-06-20T19:33:18","date_gmt":"2025-06-20T23:33:18","guid":{"rendered":"https:\/\/www.multicasa.com.br\/inicio\/?post_type=product&#038;p=18532"},"modified":"2025-06-20T19:34:18","modified_gmt":"2025-06-20T23:34:18","slug":"elastico-multiuso-com-gancho-betters-2m","status":"publish","type":"product","link":"https:\/\/www.multicasa.com.br\/inicio\/produto\/elastico-multiuso-com-gancho-betters-2m\/","title":{"rendered":"El\u00e1stico Multiuso com Gancho Betters 2m"},"content":{"rendered":"<p>O El\u00e1stico Multiuso com Gancho Betters \u00e9 super \u00fatil e possui ganchos pl\u00e1sticos que n\u00e3o riscam a pe\u00e7a onde ser\u00e1 engatada, atrav\u00e9s do sistema de prender o el\u00e1stico ao gancho por encaixe, ou seja, n\u00e3o \u00e9 necess\u00e1ria nenhuma ferramenta para diminuir ou aumentar o tamanho do el\u00e1stico: basta apenas encaixar o gancho. O el\u00e1stico tem 2m de comprimento e \u00e9 um item essencial para carregar junto com voc\u00ea e estar sempre preparado para inconvenientes.<\/p>\n","protected":false},"excerpt":{"rendered":"<h4 style=\"margin: 0px;padding: 0px 0px 16px;font-family: Lato, sans-serif;font-weight: bold;line-height: 3rem;color: var(--dark-grey3);font-size: 22px;font-style: normal;letter-spacing: normal;text-align: start;text-indent: 0px;text-transform: none\">Informa\u00e7\u00f5es t\u00e9cnicas<\/h4>\n<p><span style=\"margin: 0px;padding: 0px;font-weight: 450;font-size: 14px;line-height: 21px;color: var(--dark-grey2);font-family: Lato, sans-serif;font-style: normal;letter-spacing: normal;text-align: start;text-indent: 0px;text-transform: none\">Produto: El\u00e1stico Multiuso<br \/>\nMarca: Betters<br \/>\nMaterial: Borracha<br \/>\nGarras em ABS<br \/>\nCor: Preto<br \/>\nCaracter\u00edsticas: Possui ganchos<br \/>\nPrende por encaixe<br \/>\nItens Inclusos: 1 El\u00e1stico Multiuso<br \/>\nDimens\u00f5es do produto (C): 2m<br \/>\n<\/span><\/p>\n","protected":false},"featured_media":18600,"template":"","meta":{"_joinchat":[]},"product_brand":[],"product_cat":[142],"product_tag":[],"class_list":{"0":"post-18532","1":"product","2":"type-product","3":"status-publish","4":"has-post-thumbnail","6":"product_cat-utilidades-para-automoveis","8":"first","9":"outofstock","10":"shipping-taxable","11":"product-type-simple"},"_links":{"self":[{"href":"https:\/\/www.multicasa.com.br\/inicio\/wp-json\/wp\/v2\/product\/18532","targetHints":{"allow":["GET"]}}],"collection":[{"href":"https:\/\/www.multicasa.com.br\/inicio\/wp-json\/wp\/v2\/product"}],"about":[{"href":"https:\/\/www.multicasa.com.br\/inicio\/wp-json\/wp\/v2\/types\/product"}],"wp:featuredmedia":[{"embeddable":true,"href":"https:\/\/www.multicasa.com.br\/inicio\/wp-json\/wp\/v2\/media\/18600"}],"wp:attachment":[{"href":"https:\/\/www.multicasa.com.br\/inicio\/wp-json\/wp\/v2\/media?parent=18532"}],"wp:term":[{"taxonomy":"product_brand","embeddable":true,"href":"https:\/\/www.multicasa.com.br\/inicio\/wp-json\/wp\/v2\/product_brand?post=18532"},{"taxonomy":"product_cat","embeddable":true,"href":"https:\/\/www.multicasa.com.br\/inicio\/wp-json\/wp\/v2\/product_cat?post=18532"},{"taxonomy":"product_tag","embeddable":true,"href":"https:\/\/www.multicasa.com.br\/inicio\/wp-json\/wp\/v2\/product_tag?post=18532"}],"curies":[{"name":"wp","href":"https:\/\/api.w.org\/{rel}","templated":true}]}}