{"id":18533,"date":"2025-06-20T19:33:18","date_gmt":"2025-06-20T23:33:18","guid":{"rendered":"https:\/\/www.multicasa.com.br\/inicio\/?post_type=product&#038;p=18533"},"modified":"2025-12-16T18:28:35","modified_gmt":"2025-12-16T22:28:35","slug":"cabo-p2-estereo-x-jack-j2-chipsce-18m","status":"publish","type":"product","link":"https:\/\/www.multicasa.com.br\/inicio\/produto\/cabo-p2-estereo-x-jack-j2-chipsce-18m\/","title":{"rendered":"Cabo P2 Est\u00e9reo x Jack J2 ChipSCE 1,8m"},"content":{"rendered":"<p>Use o cabo P2 est\u00e9reo x jack ChipSCE para compartilhar a sa\u00edda de som do MP3, MP4, som do carro, computador, notebook e outros dispositivos. Feita de n\u00edquel, mede 1,8 m e permite que voc\u00ea ou\u00e7a seus sons favoritos com qualidade e em qualquer lugar.<\/p>\n","protected":false},"excerpt":{"rendered":"<h4 style=\"margin: 0px;padding: 0px 0px 16px;font-family: Lato, sans-serif;font-weight: bold;line-height: 3rem;color: var(--dark-grey3);font-size: 22px;font-style: normal;letter-spacing: normal;text-align: start;text-indent: 0px;text-transform: none\">Informa\u00e7\u00f5es t\u00e9cnicas<\/h4>\n<p><span style=\"margin: 0px;padding: 0px;font-weight: 450;font-size: 14px;line-height: 21px;color: var(--dark-grey2);font-family: Lato, sans-serif;font-style: normal;letter-spacing: normal;text-align: start;text-indent: 0px;text-transform: none\">Produto: Cabo<br \/>\nMarca: ChipSCE<br \/>\nMaterial: N\u00edquel<br \/>\nCor: Preto<br \/>\nCaracter\u00edsticas: Conectores P2 Est\u00e9reo x Jack J2<br \/>\nItens inclusos: 1 Cabo<br \/>\nDimens\u00f5es do produto (C): 1,8m<\/span><\/p>\n","protected":false},"featured_media":18603,"template":"","meta":{"_joinchat":[]},"product_brand":[],"product_cat":[153],"product_tag":[],"class_list":{"0":"post-18533","1":"product","2":"type-product","3":"status-publish","4":"has-post-thumbnail","6":"product_cat-eletronica-e-cia","8":"first","9":"outofstock","10":"shipping-taxable","11":"purchasable","12":"product-type-simple"},"_links":{"self":[{"href":"https:\/\/www.multicasa.com.br\/inicio\/wp-json\/wp\/v2\/product\/18533","targetHints":{"allow":["GET"]}}],"collection":[{"href":"https:\/\/www.multicasa.com.br\/inicio\/wp-json\/wp\/v2\/product"}],"about":[{"href":"https:\/\/www.multicasa.com.br\/inicio\/wp-json\/wp\/v2\/types\/product"}],"wp:featuredmedia":[{"embeddable":true,"href":"https:\/\/www.multicasa.com.br\/inicio\/wp-json\/wp\/v2\/media\/18603"}],"wp:attachment":[{"href":"https:\/\/www.multicasa.com.br\/inicio\/wp-json\/wp\/v2\/media?parent=18533"}],"wp:term":[{"taxonomy":"product_brand","embeddable":true,"href":"https:\/\/www.multicasa.com.br\/inicio\/wp-json\/wp\/v2\/product_brand?post=18533"},{"taxonomy":"product_cat","embeddable":true,"href":"https:\/\/www.multicasa.com.br\/inicio\/wp-json\/wp\/v2\/product_cat?post=18533"},{"taxonomy":"product_tag","embeddable":true,"href":"https:\/\/www.multicasa.com.br\/inicio\/wp-json\/wp\/v2\/product_tag?post=18533"}],"curies":[{"name":"wp","href":"https:\/\/api.w.org\/{rel}","templated":true}]}}