{"id":18535,"date":"2025-06-20T19:33:18","date_gmt":"2025-06-20T23:33:18","guid":{"rendered":"https:\/\/www.multicasa.com.br\/inicio\/?post_type=product&#038;p=18535"},"modified":"2025-06-20T19:34:26","modified_gmt":"2025-06-20T23:34:26","slug":"porta-esponja-de-plastico-com-ventosa-branco-daivak-2-unidades","status":"publish","type":"product","link":"https:\/\/www.multicasa.com.br\/inicio\/produto\/porta-esponja-de-plastico-com-ventosa-branco-daivak-2-unidades\/","title":{"rendered":"Porta Esponja de Pl\u00e1stico com Ventosa Branco Daivak 2 unidades"},"content":{"rendered":"<p>Use o Porta Esponja com Ventosa da Daivak para guardar sua esponja e palha de a\u00e7o de forma pr\u00e1tica que n\u00e3o ocupa espa\u00e7o. S\u00e3o 2 unidades que podem ser fixadas dentro da cuba, garantindo que a \u00e1gua escorra diretamente para o ralo, evitando sujeira na sua pia. Feito de pl\u00e1stico e com dimens\u00f5es de 7 x 6 cm \u00e9 a solu\u00e7\u00e3o ideal para quem busca discri\u00e7\u00e3o e organiza\u00e7\u00e3o na cozinha.<\/p>\n","protected":false},"excerpt":{"rendered":"<h4 style=\"margin: 0px;padding: 0px 0px 16px;font-family: Lato, sans-serif;font-weight: bold;line-height: 3rem;color: var(--dark-grey3);font-size: 22px;font-style: normal;letter-spacing: normal;text-align: start;text-indent: 0px;text-transform: none\">Informa\u00e7\u00f5es t\u00e9cnicas<\/h4>\n<p><span style=\"margin: 0px;padding: 0px;font-weight: 450;font-size: 14px;line-height: 21px;color: var(--dark-grey2);font-family: Lato, sans-serif;font-style: normal;letter-spacing: normal;text-align: start;text-indent: 0px;text-transform: none\">Produto: Porta Esponja<br \/>\nMarca: Daivak<br \/>\nMaterial: Pl\u00e1stico<br \/>\nCor: Branco<br \/>\nCaracter\u00edstica: Possui ventosa<br \/>\nItens inclusos: 2 Porta esponja<br \/>\nDimens\u00f5es do produto (A x L): 7 x 6cm<\/span><\/p>\n","protected":false},"featured_media":18605,"template":"","meta":{"_joinchat":[]},"product_brand":[],"product_cat":[96],"product_tag":[],"class_list":{"0":"post-18535","1":"product","2":"type-product","3":"status-publish","4":"has-post-thumbnail","6":"product_cat-limpeza-e-cia","8":"first","9":"outofstock","10":"shipping-taxable","11":"product-type-simple"},"_links":{"self":[{"href":"https:\/\/www.multicasa.com.br\/inicio\/wp-json\/wp\/v2\/product\/18535","targetHints":{"allow":["GET"]}}],"collection":[{"href":"https:\/\/www.multicasa.com.br\/inicio\/wp-json\/wp\/v2\/product"}],"about":[{"href":"https:\/\/www.multicasa.com.br\/inicio\/wp-json\/wp\/v2\/types\/product"}],"wp:featuredmedia":[{"embeddable":true,"href":"https:\/\/www.multicasa.com.br\/inicio\/wp-json\/wp\/v2\/media\/18605"}],"wp:attachment":[{"href":"https:\/\/www.multicasa.com.br\/inicio\/wp-json\/wp\/v2\/media?parent=18535"}],"wp:term":[{"taxonomy":"product_brand","embeddable":true,"href":"https:\/\/www.multicasa.com.br\/inicio\/wp-json\/wp\/v2\/product_brand?post=18535"},{"taxonomy":"product_cat","embeddable":true,"href":"https:\/\/www.multicasa.com.br\/inicio\/wp-json\/wp\/v2\/product_cat?post=18535"},{"taxonomy":"product_tag","embeddable":true,"href":"https:\/\/www.multicasa.com.br\/inicio\/wp-json\/wp\/v2\/product_tag?post=18535"}],"curies":[{"name":"wp","href":"https:\/\/api.w.org\/{rel}","templated":true}]}}