{"id":18556,"date":"2025-06-20T19:33:41","date_gmt":"2025-06-20T23:33:41","guid":{"rendered":"https:\/\/www.multicasa.com.br\/inicio\/?post_type=product&#038;p=18556"},"modified":"2025-06-20T19:34:50","modified_gmt":"2025-06-20T23:34:50","slug":"veda-frestas-auto-adesivo-de-espuma-pu-cinza-betters-25mmx5m","status":"publish","type":"product","link":"https:\/\/www.multicasa.com.br\/inicio\/produto\/veda-frestas-auto-adesivo-de-espuma-pu-cinza-betters-25mmx5m\/","title":{"rendered":"Veda Frestas Auto Adesivo de Espuma PU Cinza Betters 25mmx5m"},"content":{"rendered":"<p>O Veda Frestas Betters \u00e9 utilizado na veda\u00e7\u00e3o de portas, janelas, box e vitrais em geral com a finalidade de impedir a penetra\u00e7\u00e3o de \u00e1gua, p\u00f3 e reduzir o atrito e vibra\u00e7\u00f5es causadas pelo vento em frestas de esquadrias. Confeccionado em espuma de PU, \u00e9 auto adesivo com fita de alta qualidade e excelente ader\u00eancia, n\u00e3o possui resina e n\u00e3o risca. \u00c9 discreto na cor cinza e possui comprimento de 5 metros.<\/p>\n","protected":false},"excerpt":{"rendered":"<h4 style=\"margin: 0px;padding: 0px 0px 16px;font-family: Lato, sans-serif;font-weight: bold;line-height: 3rem;color: var(--dark-grey3);font-size: 22px;font-style: normal;letter-spacing: normal;text-align: start;text-indent: 0px;text-transform: none\">Informa\u00e7\u00f5es t\u00e9cnicas<\/h4>\n<p><span style=\"margin: 0px;padding: 0px;font-weight: 450;font-size: 14px;line-height: 21px;color: var(--dark-grey2);font-family: Lato, sans-serif;font-style: normal;letter-spacing: normal;text-align: start;text-indent: 0px;text-transform: none\">Produto: Veda Frestas<br \/>\nMarca: Betters<br \/>\nMaterial: Poliuretano<br \/>\nEspuma<br \/>\nCor: Cinza<br \/>\nCaracter\u00edsticas: Sem resina<br \/>\nN\u00e3o risca<br \/>\nAdesivo de alta qualidade<br \/>\nItens inclusos: 1 Veda Frestas<br \/>\nDimens\u00f5es do produto (L X C): 25mm x 5m<br \/>\n<\/span><\/p>\n","protected":false},"featured_media":18619,"template":"","meta":{"_joinchat":[]},"product_brand":[],"product_cat":[141],"product_tag":[],"class_list":{"0":"post-18556","1":"product","2":"type-product","3":"status-publish","4":"has-post-thumbnail","6":"product_cat-marcenaria","8":"first","9":"outofstock","10":"shipping-taxable","11":"product-type-simple"},"_links":{"self":[{"href":"https:\/\/www.multicasa.com.br\/inicio\/wp-json\/wp\/v2\/product\/18556","targetHints":{"allow":["GET"]}}],"collection":[{"href":"https:\/\/www.multicasa.com.br\/inicio\/wp-json\/wp\/v2\/product"}],"about":[{"href":"https:\/\/www.multicasa.com.br\/inicio\/wp-json\/wp\/v2\/types\/product"}],"wp:featuredmedia":[{"embeddable":true,"href":"https:\/\/www.multicasa.com.br\/inicio\/wp-json\/wp\/v2\/media\/18619"}],"wp:attachment":[{"href":"https:\/\/www.multicasa.com.br\/inicio\/wp-json\/wp\/v2\/media?parent=18556"}],"wp:term":[{"taxonomy":"product_brand","embeddable":true,"href":"https:\/\/www.multicasa.com.br\/inicio\/wp-json\/wp\/v2\/product_brand?post=18556"},{"taxonomy":"product_cat","embeddable":true,"href":"https:\/\/www.multicasa.com.br\/inicio\/wp-json\/wp\/v2\/product_cat?post=18556"},{"taxonomy":"product_tag","embeddable":true,"href":"https:\/\/www.multicasa.com.br\/inicio\/wp-json\/wp\/v2\/product_tag?post=18556"}],"curies":[{"name":"wp","href":"https:\/\/api.w.org\/{rel}","templated":true}]}}