{"id":18557,"date":"2025-06-20T19:33:41","date_gmt":"2025-06-20T23:33:41","guid":{"rendered":"https:\/\/www.multicasa.com.br\/inicio\/?post_type=product&#038;p=18557"},"modified":"2025-06-20T19:34:56","modified_gmt":"2025-06-20T23:34:56","slug":"cesto-de-roupas-com-tampa-em-plastico-branco-paramount-55l","status":"publish","type":"product","link":"https:\/\/www.multicasa.com.br\/inicio\/produto\/cesto-de-roupas-com-tampa-em-plastico-branco-paramount-55l\/","title":{"rendered":"Cesto de Roupas com Tampa em Pl\u00e1stico Branco Paramount 55L"},"content":{"rendered":"<p>Cesto de Roupas com Tampa em Pl\u00e1stico Branco Paramount com capacidade para at\u00e9 55 litros. Com 57 cm de altura, \u00e9 feito de material resistente e possui furos que permitem que as pe\u00e7as estejam sempre arejadas. Seu tamanho \u00e9 ideal para transportar roupas pessoais, de cama, mesa ou banho sem dificuldades e acabar com o problema das pe\u00e7as espalhadas pela casa ou pelos c\u00f4modos. Deixe- o no banheiro ou lavanderia.<\/p>\n","protected":false},"excerpt":{"rendered":"<h4 style=\"margin: 0px;padding: 0px 0px 16px;font-family: Lato, sans-serif;font-weight: bold;line-height: 3rem;color: var(--dark-grey3);font-size: 22px;font-style: normal;letter-spacing: normal;text-align: start;text-indent: 0px;text-transform: none\">Informa\u00e7\u00f5es t\u00e9cnicas<\/h4>\n<p><span style=\"margin: 0px;padding: 0px;font-weight: 450;font-size: 14px;line-height: 21px;color: var(--dark-grey2);font-family: Lato, sans-serif;font-style: normal;letter-spacing: normal;text-align: start;text-indent: 0px;text-transform: none\">Produto: Cesto de Roupas<br \/>\nMarca: Paramount<br \/>\nMaterial: Pl\u00e1stico<br \/>\nCor: Branco<br \/>\nCapacidade: 55L<br \/>\nItens Inclusos: 1 Cesto de Roupas<br \/>\nDimens\u00f5es do produto (A x L x P): 57 X 51 X 37cm<br \/>\nPeso: 550g<br \/>\n<\/span><\/p>\n","protected":false},"featured_media":18625,"template":"","meta":{"_joinchat":[]},"product_brand":[],"product_cat":[95],"product_tag":[],"class_list":{"0":"post-18557","1":"product","2":"type-product","3":"status-publish","4":"has-post-thumbnail","6":"product_cat-lavanderia","8":"first","9":"outofstock","10":"shipping-taxable","11":"product-type-simple"},"_links":{"self":[{"href":"https:\/\/www.multicasa.com.br\/inicio\/wp-json\/wp\/v2\/product\/18557","targetHints":{"allow":["GET"]}}],"collection":[{"href":"https:\/\/www.multicasa.com.br\/inicio\/wp-json\/wp\/v2\/product"}],"about":[{"href":"https:\/\/www.multicasa.com.br\/inicio\/wp-json\/wp\/v2\/types\/product"}],"wp:featuredmedia":[{"embeddable":true,"href":"https:\/\/www.multicasa.com.br\/inicio\/wp-json\/wp\/v2\/media\/18625"}],"wp:attachment":[{"href":"https:\/\/www.multicasa.com.br\/inicio\/wp-json\/wp\/v2\/media?parent=18557"}],"wp:term":[{"taxonomy":"product_brand","embeddable":true,"href":"https:\/\/www.multicasa.com.br\/inicio\/wp-json\/wp\/v2\/product_brand?post=18557"},{"taxonomy":"product_cat","embeddable":true,"href":"https:\/\/www.multicasa.com.br\/inicio\/wp-json\/wp\/v2\/product_cat?post=18557"},{"taxonomy":"product_tag","embeddable":true,"href":"https:\/\/www.multicasa.com.br\/inicio\/wp-json\/wp\/v2\/product_tag?post=18557"}],"curies":[{"name":"wp","href":"https:\/\/api.w.org\/{rel}","templated":true}]}}