{"id":18558,"date":"2025-06-20T19:33:41","date_gmt":"2025-06-20T23:33:41","guid":{"rendered":"https:\/\/www.multicasa.com.br\/inicio\/?post_type=product&#038;p=18558"},"modified":"2025-12-16T18:30:17","modified_gmt":"2025-12-16T22:30:17","slug":"massa-leve-para-reparos-atlas-90g","status":"publish","type":"product","link":"https:\/\/www.multicasa.com.br\/inicio\/produto\/massa-leve-para-reparos-atlas-90g\/","title":{"rendered":"Massa Leve para Reparos Atlas 90g"},"content":{"rendered":"<p>A massa leve corretiva Atlas foi desenvolvida para corre\u00e7\u00e3o e acabamento de superf\u00edcies. Use a massa reparadora para preencher buracos e rachaduras em paredes internas e externas. \u00c0 base de \u00e1gua, n\u00e3o deixa cheiro e n\u00e3o possui solventes, f\u00e1cil de aplicar, n\u00e3o mancha, n\u00e3o encolhe e aceita qualquer tipo de tinta por cima. Uso indicado para alvenaria, madeira e gesso.<\/p>\n","protected":false},"excerpt":{"rendered":"<h4 style=\"margin: 0px;padding: 0px 0px 16px;font-family: Lato, sans-serif;font-weight: bold;line-height: 3rem;color: var(--dark-grey3);font-size: 22px;font-style: normal;letter-spacing: normal;text-align: start;text-indent: 0px;text-transform: none\">Informa\u00e7\u00f5es t\u00e9cnicas<\/h4>\n<p><span style=\"margin: 0px;padding: 0px;font-weight: 450;font-size: 14px;line-height: 21px;color: var(--dark-grey2);font-family: Lato, sans-serif;font-style: normal;letter-spacing: normal;text-align: start;text-indent: 0px;text-transform: none\">Produto: Massa Leve para Reparos<br \/>\nMarca: Bestfer<br \/>\nComposi\u00e7\u00e3o: A base d?\u00e1gua com pol\u00edmero PU modificado<br \/>\nBactericida e fungicida<br \/>\nCarga<br \/>\nDi\u00f3xido de sil\u00edcio<br \/>\nConte\u00fado: 90g<br \/>\nCaracter\u00edsticas: Uso interno e externo<br \/>\nSecagem r\u00e1pida<br \/>\nItens Inclusos: 1 massa Leve para Reparos<br \/>\n<\/span><\/p>\n","protected":false},"featured_media":18627,"template":"","meta":{"_joinchat":[]},"product_brand":[],"product_cat":[143],"product_tag":[],"class_list":{"0":"post-18558","1":"product","2":"type-product","3":"status-publish","4":"has-post-thumbnail","6":"product_cat-tintas-e-cia","8":"first","9":"outofstock","10":"shipping-taxable","11":"product-type-simple"},"_links":{"self":[{"href":"https:\/\/www.multicasa.com.br\/inicio\/wp-json\/wp\/v2\/product\/18558","targetHints":{"allow":["GET"]}}],"collection":[{"href":"https:\/\/www.multicasa.com.br\/inicio\/wp-json\/wp\/v2\/product"}],"about":[{"href":"https:\/\/www.multicasa.com.br\/inicio\/wp-json\/wp\/v2\/types\/product"}],"wp:featuredmedia":[{"embeddable":true,"href":"https:\/\/www.multicasa.com.br\/inicio\/wp-json\/wp\/v2\/media\/18627"}],"wp:attachment":[{"href":"https:\/\/www.multicasa.com.br\/inicio\/wp-json\/wp\/v2\/media?parent=18558"}],"wp:term":[{"taxonomy":"product_brand","embeddable":true,"href":"https:\/\/www.multicasa.com.br\/inicio\/wp-json\/wp\/v2\/product_brand?post=18558"},{"taxonomy":"product_cat","embeddable":true,"href":"https:\/\/www.multicasa.com.br\/inicio\/wp-json\/wp\/v2\/product_cat?post=18558"},{"taxonomy":"product_tag","embeddable":true,"href":"https:\/\/www.multicasa.com.br\/inicio\/wp-json\/wp\/v2\/product_tag?post=18558"}],"curies":[{"name":"wp","href":"https:\/\/api.w.org\/{rel}","templated":true}]}}