{"id":18561,"date":"2025-06-20T19:33:42","date_gmt":"2025-06-20T23:33:42","guid":{"rendered":"https:\/\/www.multicasa.com.br\/inicio\/?post_type=product&#038;p=18561"},"modified":"2025-06-20T19:35:11","modified_gmt":"2025-06-20T23:35:11","slug":"suporte-para-papel-higienico-aco-preto-arthi","status":"publish","type":"product","link":"https:\/\/www.multicasa.com.br\/inicio\/produto\/suporte-para-papel-higienico-aco-preto-arthi\/","title":{"rendered":"Suporte para Papel Higi\u00eanico A\u00e7o Preto Arthi"},"content":{"rendered":"<p>O suporte para papel higi\u00eanico da Arthi leva um ar de eleg\u00e2ncia e modernidade para o seu banheiro. Feito de a\u00e7o, possui espa\u00e7o para armazenar at\u00e9 4 rolos. Seu acabamento preto acetinado possui as mesmas caracter\u00edsticas do verniz, aumentando o brilho e evitando que descasque. Porta-papel higi\u00eanico de alta resist\u00eancia e durabilidade. Mede 47 x 15,5 x 17 cm.<\/p>\n","protected":false},"excerpt":{"rendered":"<h4 style=\"margin: 0px;padding: 0px 0px 16px;font-family: Lato, sans-serif;font-weight: bold;line-height: 3rem;color: var(--dark-grey3);font-size: 22px;font-style: normal;letter-spacing: normal;text-align: start;text-indent: 0px;text-transform: none\">Informa\u00e7\u00f5es t\u00e9cnicas<\/h4>\n<p><span style=\"margin: 0px;padding: 0px;font-weight: 450;font-size: 14px;line-height: 21px;color: var(--dark-grey2);font-family: Lato, sans-serif;font-style: normal;letter-spacing: normal;text-align: start;text-indent: 0px;text-transform: none\"><br \/>\nProduto: Porta papel higi\u00eanico<br \/>\nMarca: Arthi<br \/>\nMaterial: A\u00e7o<br \/>\nAcabamento: Acetinado<br \/>\nCor: Preto<br \/>\nCaracter\u00edsticas: Comporta 4 rolos<br \/>\nItens inclusos: 1 porta papel higi\u00eanico<br \/>\nDimens\u00f5es do produto (A X L X P): 47 x 17 x 15,5cm<br \/>\nGarantia: 5 anos pelo fabricante<br \/>\n<\/span><\/p>\n","protected":false},"featured_media":18631,"template":"","meta":{"_joinchat":[]},"product_brand":[],"product_cat":[69],"product_tag":[],"class_list":{"0":"post-18561","1":"product","2":"type-product","3":"status-publish","4":"has-post-thumbnail","6":"product_cat-acessorios-para-banheiro","8":"first","9":"outofstock","10":"shipping-taxable","11":"product-type-simple"},"_links":{"self":[{"href":"https:\/\/www.multicasa.com.br\/inicio\/wp-json\/wp\/v2\/product\/18561","targetHints":{"allow":["GET"]}}],"collection":[{"href":"https:\/\/www.multicasa.com.br\/inicio\/wp-json\/wp\/v2\/product"}],"about":[{"href":"https:\/\/www.multicasa.com.br\/inicio\/wp-json\/wp\/v2\/types\/product"}],"wp:featuredmedia":[{"embeddable":true,"href":"https:\/\/www.multicasa.com.br\/inicio\/wp-json\/wp\/v2\/media\/18631"}],"wp:attachment":[{"href":"https:\/\/www.multicasa.com.br\/inicio\/wp-json\/wp\/v2\/media?parent=18561"}],"wp:term":[{"taxonomy":"product_brand","embeddable":true,"href":"https:\/\/www.multicasa.com.br\/inicio\/wp-json\/wp\/v2\/product_brand?post=18561"},{"taxonomy":"product_cat","embeddable":true,"href":"https:\/\/www.multicasa.com.br\/inicio\/wp-json\/wp\/v2\/product_cat?post=18561"},{"taxonomy":"product_tag","embeddable":true,"href":"https:\/\/www.multicasa.com.br\/inicio\/wp-json\/wp\/v2\/product_tag?post=18561"}],"curies":[{"name":"wp","href":"https:\/\/api.w.org\/{rel}","templated":true}]}}