{"id":18562,"date":"2025-06-20T19:33:42","date_gmt":"2025-06-20T23:33:42","guid":{"rendered":"https:\/\/www.multicasa.com.br\/inicio\/?post_type=product&#038;p=18562"},"modified":"2025-06-20T19:35:14","modified_gmt":"2025-06-20T23:35:14","slug":"porta-papel-higienico-de-chao-com-lixeira-aco-preto-arthi","status":"publish","type":"product","link":"https:\/\/www.multicasa.com.br\/inicio\/produto\/porta-papel-higienico-de-chao-com-lixeira-aco-preto-arthi\/","title":{"rendered":"Porta Papel Higi\u00eanico de Ch\u00e3o com Lixeira A\u00e7o Preto Arthi"},"content":{"rendered":"<p>O Porta Papel Higi\u00eanico de Ch\u00e3o Arthi com lixeira acoplada possui cada detalhe muito bem pensado, ele acondiciona o papel al\u00e9m conter suporte para armazenamento do rolo reserva. Produzido em a\u00e7o com acabamento preto acetinado, possui aplica\u00e7\u00e3o de verniz que aumenta a durabilidade e n\u00e3o descasca. Produto com alta resist\u00eancia e durabilidade com design moderno e inovador, ideal para organizar e decorar o ambiente.<\/p>\n","protected":false},"excerpt":{"rendered":"<h4 style=\"margin: 0px;padding: 0px 0px 16px;font-family: Lato, sans-serif;font-weight: bold;line-height: 3rem;color: var(--dark-grey3);font-size: 22px;font-style: normal;letter-spacing: normal;text-align: start;text-indent: 0px;text-transform: none\">Informa\u00e7\u00f5es t\u00e9cnicas<\/h4>\n<p><span style=\"margin: 0px;padding: 0px;font-weight: 450;font-size: 14px;line-height: 21px;color: var(--dark-grey2);font-family: Lato, sans-serif;font-style: normal;letter-spacing: normal;text-align: start;text-indent: 0px;text-transform: none\">Produto: Suporte papel higi\u00eanico<br \/>\nMarca: Arthi<br \/>\nMaterial: A\u00e7o<br \/>\nCor: Prata<br \/>\nCaracter\u00edsticas: Para ch\u00e3o<br \/>\nSuporta 2 rolos<br \/>\nCom lixeira embutida<br \/>\nItens inclusos: 1 Suporte papel higi\u00eanico<br \/>\nDimens\u00f5es do produto (A X L X P): 55 x 19,5 x 28,5cm<br \/>\n<\/span><\/p>\n","protected":false},"featured_media":18633,"template":"","meta":{"_joinchat":[]},"product_brand":[],"product_cat":[69],"product_tag":[],"class_list":{"0":"post-18562","1":"product","2":"type-product","3":"status-publish","4":"has-post-thumbnail","6":"product_cat-acessorios-para-banheiro","8":"first","9":"outofstock","10":"shipping-taxable","11":"product-type-simple"},"_links":{"self":[{"href":"https:\/\/www.multicasa.com.br\/inicio\/wp-json\/wp\/v2\/product\/18562","targetHints":{"allow":["GET"]}}],"collection":[{"href":"https:\/\/www.multicasa.com.br\/inicio\/wp-json\/wp\/v2\/product"}],"about":[{"href":"https:\/\/www.multicasa.com.br\/inicio\/wp-json\/wp\/v2\/types\/product"}],"wp:featuredmedia":[{"embeddable":true,"href":"https:\/\/www.multicasa.com.br\/inicio\/wp-json\/wp\/v2\/media\/18633"}],"wp:attachment":[{"href":"https:\/\/www.multicasa.com.br\/inicio\/wp-json\/wp\/v2\/media?parent=18562"}],"wp:term":[{"taxonomy":"product_brand","embeddable":true,"href":"https:\/\/www.multicasa.com.br\/inicio\/wp-json\/wp\/v2\/product_brand?post=18562"},{"taxonomy":"product_cat","embeddable":true,"href":"https:\/\/www.multicasa.com.br\/inicio\/wp-json\/wp\/v2\/product_cat?post=18562"},{"taxonomy":"product_tag","embeddable":true,"href":"https:\/\/www.multicasa.com.br\/inicio\/wp-json\/wp\/v2\/product_tag?post=18562"}],"curies":[{"name":"wp","href":"https:\/\/api.w.org\/{rel}","templated":true}]}}