{"id":18580,"date":"2025-06-20T19:34:04","date_gmt":"2025-06-20T23:34:04","guid":{"rendered":"https:\/\/www.multicasa.com.br\/inicio\/?post_type=product&#038;p=18580"},"modified":"2025-06-20T19:35:24","modified_gmt":"2025-06-20T23:35:24","slug":"compressor-de-ar-automotivo-com-3-bicos-naveg","status":"publish","type":"product","link":"https:\/\/www.multicasa.com.br\/inicio\/produto\/compressor-de-ar-automotivo-com-3-bicos-naveg\/","title":{"rendered":"Compressor de Ar Automotivo com 3 Bicos Naveg"},"content":{"rendered":"<p>O Compressor de Ar Automotivo Naveg \u00e9 um mini compressor de ar com man\u00f4metro para encher pneus e acess\u00f3rios esportivos, indicado para pneus de carro, de motos e de bicicletas, al\u00e9m de bolas e outros produtos infl\u00e1veis. O kit possui 3 bicos adaptadores e possibilita diversos usos. Sua bomba especial permite encher pneus rapidamente, possui mangueira de ar com adaptador e cabo de alimenta\u00e7\u00e3o (cabo de 2,80cm) com plug de 12v, al\u00e9m de proporcionar press\u00e3o m\u00e1xima de 20,7 bar ou 300 psi. Pode tamb\u00e9m se ligado no acendedor de cigarros dos veiculos.<\/p>\n","protected":false},"excerpt":{"rendered":"<h4 style=\"margin: 0px;padding: 0px 0px 16px;font-family: Lato, sans-serif;font-weight: bold;line-height: 3rem;color: var(--dark-grey3);font-size: 22px;font-style: normal;letter-spacing: normal;text-align: start;text-indent: 0px;text-transform: none\">Informa\u00e7\u00f5es t\u00e9cnicas<\/h4>\n<p><span style=\"margin: 0px;padding: 0px;font-weight: 450;font-size: 14px;line-height: 21px;color: var(--dark-grey2);font-family: Lato, sans-serif;font-style: normal;letter-spacing: normal;text-align: start;text-indent: 0px;text-transform: none\">Produto: Compressor de ar<br \/>\nMarca: Naveg<br \/>\nCor: Preto<br \/>\nCaracter\u00edsticas: Permite encher Pneus Rapidamente<br \/>\n3 bicos para enchimento diversos<br \/>\nFunciona na tomada 12v do autom\u00f3vel<br \/>\nPossui mangueira de ar com adaptador<br \/>\nPress\u00e3o M\u00e1xima 20,7 bar ou 300 psi<br \/>\nCabo de 2,8m<br \/>\nQuantidade de pe\u00e7as: 4<br \/>\nItens Inclusos: 1 Compressor de ar<br \/>\n3 Bicos<br \/>\nDimens\u00f5es do produto (A X L): 21,5 x 20cm<br \/>\n<\/span><\/p>\n","protected":false},"featured_media":18642,"template":"","meta":{"_joinchat":[]},"product_brand":[],"product_cat":[152],"product_tag":[],"class_list":{"0":"post-18580","1":"product","2":"type-product","3":"status-publish","4":"has-post-thumbnail","6":"product_cat-ferramentas-eletricas","8":"first","9":"outofstock","10":"shipping-taxable","11":"product-type-simple"},"_links":{"self":[{"href":"https:\/\/www.multicasa.com.br\/inicio\/wp-json\/wp\/v2\/product\/18580","targetHints":{"allow":["GET"]}}],"collection":[{"href":"https:\/\/www.multicasa.com.br\/inicio\/wp-json\/wp\/v2\/product"}],"about":[{"href":"https:\/\/www.multicasa.com.br\/inicio\/wp-json\/wp\/v2\/types\/product"}],"wp:featuredmedia":[{"embeddable":true,"href":"https:\/\/www.multicasa.com.br\/inicio\/wp-json\/wp\/v2\/media\/18642"}],"wp:attachment":[{"href":"https:\/\/www.multicasa.com.br\/inicio\/wp-json\/wp\/v2\/media?parent=18580"}],"wp:term":[{"taxonomy":"product_brand","embeddable":true,"href":"https:\/\/www.multicasa.com.br\/inicio\/wp-json\/wp\/v2\/product_brand?post=18580"},{"taxonomy":"product_cat","embeddable":true,"href":"https:\/\/www.multicasa.com.br\/inicio\/wp-json\/wp\/v2\/product_cat?post=18580"},{"taxonomy":"product_tag","embeddable":true,"href":"https:\/\/www.multicasa.com.br\/inicio\/wp-json\/wp\/v2\/product_tag?post=18580"}],"curies":[{"name":"wp","href":"https:\/\/api.w.org\/{rel}","templated":true}]}}