{"id":18582,"date":"2025-06-20T19:34:04","date_gmt":"2025-06-20T23:34:04","guid":{"rendered":"https:\/\/www.multicasa.com.br\/inicio\/?post_type=product&#038;p=18582"},"modified":"2025-06-20T19:35:38","modified_gmt":"2025-06-20T23:35:38","slug":"caixa-de-som-bluetooth-vermelha-5w-geonav","status":"publish","type":"product","link":"https:\/\/www.multicasa.com.br\/inicio\/produto\/caixa-de-som-bluetooth-vermelha-5w-geonav\/","title":{"rendered":"Caixa de Som Bluetooth Vermelha 5W Geonav"},"content":{"rendered":"<p>Com a caixa de som Bluetooth da Geonav voc\u00ea ouve suas m\u00fasicas favoritas e faz a festa em qualquer lugar. Com 5w de pot\u00eancia e n\u00edvel de prote\u00e7\u00e3o IP67, \u00e9 resistente \u00e0 \u00e1gua e pode ficar imersa entre 15cm e 1m por at\u00e9 30 minutos. De alt\u00edssima qualidade, emite som balanceado entre graves e m\u00e9dios, tem autonomia de 4 horas de uso e possui tecnologia TWS (true wireless stereo) que permite conectar duas caixas de som. Compat\u00edvel com Bluetooth vers\u00e3o 4.2, est\u00e1 dispon\u00edvel na cor vermelha.<\/p>\n","protected":false},"excerpt":{"rendered":"<h4 style=\"margin: 0px;padding: 0px 0px 16px;font-family: Lato, sans-serif;font-weight: bold;line-height: 3rem;color: var(--dark-grey3);font-size: 22px;font-style: normal;letter-spacing: normal;text-align: start;text-indent: 0px;text-transform: none\">Informa\u00e7\u00f5es t\u00e9cnicas<\/h4>\n<p><span style=\"margin: 0px;padding: 0px;font-weight: 450;font-size: 14px;line-height: 21px;color: var(--dark-grey2);font-family: Lato, sans-serif;font-style: normal;letter-spacing: normal;text-align: start;text-indent: 0px;text-transform: none\">Produto: Caixa de Som<br \/>\nTipo: Bluetooth<br \/>\nMarca: Geonav<br \/>\nMaterial: Pl\u00e1stico<br \/>\nEmborrachado<br \/>\nCor: Vermelha<br \/>\nCaracter\u00edsticas: Autonomia de 4 horas de uso<br \/>\nVers\u00e3o bluetooth 4.2<br \/>\nPot\u00eancia 5W<br \/>\nN\u00edvel de prote\u00e7\u00e3o IP67 (Prote\u00e7\u00e3o total contra s\u00f3lidos e resist\u00eancia a \u00e1gua e imersso entre 15cm e 1m por at\u00e9 30 min<br \/>\nItens Inclusos: 1 Caixa de som<br \/>\nDimens\u00f5es do produto (A X L X P): 16 x 13,2 x 5,5cm<br \/>\n<\/span><\/p>\n","protected":false},"featured_media":18648,"template":"","meta":{"_joinchat":[]},"product_brand":[],"product_cat":[153],"product_tag":[],"class_list":{"0":"post-18582","1":"product","2":"type-product","3":"status-publish","4":"has-post-thumbnail","6":"product_cat-eletronica-e-cia","8":"first","9":"outofstock","10":"shipping-taxable","11":"product-type-simple"},"_links":{"self":[{"href":"https:\/\/www.multicasa.com.br\/inicio\/wp-json\/wp\/v2\/product\/18582","targetHints":{"allow":["GET"]}}],"collection":[{"href":"https:\/\/www.multicasa.com.br\/inicio\/wp-json\/wp\/v2\/product"}],"about":[{"href":"https:\/\/www.multicasa.com.br\/inicio\/wp-json\/wp\/v2\/types\/product"}],"wp:featuredmedia":[{"embeddable":true,"href":"https:\/\/www.multicasa.com.br\/inicio\/wp-json\/wp\/v2\/media\/18648"}],"wp:attachment":[{"href":"https:\/\/www.multicasa.com.br\/inicio\/wp-json\/wp\/v2\/media?parent=18582"}],"wp:term":[{"taxonomy":"product_brand","embeddable":true,"href":"https:\/\/www.multicasa.com.br\/inicio\/wp-json\/wp\/v2\/product_brand?post=18582"},{"taxonomy":"product_cat","embeddable":true,"href":"https:\/\/www.multicasa.com.br\/inicio\/wp-json\/wp\/v2\/product_cat?post=18582"},{"taxonomy":"product_tag","embeddable":true,"href":"https:\/\/www.multicasa.com.br\/inicio\/wp-json\/wp\/v2\/product_tag?post=18582"}],"curies":[{"name":"wp","href":"https:\/\/api.w.org\/{rel}","templated":true}]}}