{"id":18583,"date":"2025-06-20T19:34:04","date_gmt":"2025-06-20T23:34:04","guid":{"rendered":"https:\/\/www.multicasa.com.br\/inicio\/?post_type=product&#038;p=18583"},"modified":"2025-06-23T09:53:13","modified_gmt":"2025-06-23T13:53:13","slug":"cabide-de-aco-com-cavas-para-roupa-arthi-6-unidades","status":"publish","type":"product","link":"https:\/\/www.multicasa.com.br\/inicio\/produto\/cabide-de-aco-com-cavas-para-roupa-arthi-6-unidades\/","title":{"rendered":"Cabide de A\u00e7o com Cavas para Roupa Arthi 6 unidades"},"content":{"rendered":"<p>Use o Cabide de A\u00e7o para Roupa da Arthi e pendure camisas, casacos, vestidos e outras pe\u00e7as de forma organizada e ganhe espa\u00e7o dentro do arm\u00e1rio. Com design elegante e inovador, possui cavas que impedem as roupas de al\u00e7a de escorregar com facilidade. S\u00e3o 6 unidades com acabamento especial em verniz que impede o utens\u00edlio de descascar e medem 39,8 x 18, 8 x 0, 7 cm. Dispon\u00edvel na cor preto fosco.<\/p>\n","protected":false},"excerpt":{"rendered":"<h4 style=\"margin: 0px;padding: 0px 0px 16px;font-family: Lato, sans-serif;font-weight: bold;line-height: 3rem;color: var(--dark-grey3);font-size: 22px;font-style: normal;letter-spacing: normal;text-align: start;text-indent: 0px;text-transform: none\">Informa\u00e7\u00f5es t\u00e9cnicas<\/h4>\n<p><span style=\"margin: 0px;padding: 0px;font-weight: 450;font-size: 14px;line-height: 21px;color: var(--dark-grey2);font-family: Lato, sans-serif;font-style: normal;letter-spacing: normal;text-align: start;text-indent: 0px;text-transform: none\">Produto: Cabide para Roupas<br \/>\nMarca: Arthi<br \/>\nMaterial: A\u00e7o<br \/>\nCor: preto fosco<br \/>\nCaracter\u00edsticas: Possui cavas<br \/>\nAcabamento que evita descascar<br \/>\nItens Inclusos: 6 Cabides para roupas<br \/>\nDimens\u00f5es do produto (A x L x P): 18,8 x 39,8 x 0,7cm<br \/>\nGarantia: 5 anos<\/span><\/p>\n","protected":false},"featured_media":24738,"template":"","meta":{"_joinchat":[]},"product_brand":[],"product_cat":[95],"product_tag":[],"class_list":{"0":"post-18583","1":"product","2":"type-product","3":"status-publish","4":"has-post-thumbnail","6":"product_cat-lavanderia","8":"first","9":"outofstock","10":"shipping-taxable","11":"product-type-simple"},"_links":{"self":[{"href":"https:\/\/www.multicasa.com.br\/inicio\/wp-json\/wp\/v2\/product\/18583","targetHints":{"allow":["GET"]}}],"collection":[{"href":"https:\/\/www.multicasa.com.br\/inicio\/wp-json\/wp\/v2\/product"}],"about":[{"href":"https:\/\/www.multicasa.com.br\/inicio\/wp-json\/wp\/v2\/types\/product"}],"wp:featuredmedia":[{"embeddable":true,"href":"https:\/\/www.multicasa.com.br\/inicio\/wp-json\/wp\/v2\/media\/24738"}],"wp:attachment":[{"href":"https:\/\/www.multicasa.com.br\/inicio\/wp-json\/wp\/v2\/media?parent=18583"}],"wp:term":[{"taxonomy":"product_brand","embeddable":true,"href":"https:\/\/www.multicasa.com.br\/inicio\/wp-json\/wp\/v2\/product_brand?post=18583"},{"taxonomy":"product_cat","embeddable":true,"href":"https:\/\/www.multicasa.com.br\/inicio\/wp-json\/wp\/v2\/product_cat?post=18583"},{"taxonomy":"product_tag","embeddable":true,"href":"https:\/\/www.multicasa.com.br\/inicio\/wp-json\/wp\/v2\/product_tag?post=18583"}],"curies":[{"name":"wp","href":"https:\/\/api.w.org\/{rel}","templated":true}]}}