{"id":18584,"date":"2025-06-20T19:34:05","date_gmt":"2025-06-20T23:34:05","guid":{"rendered":"https:\/\/www.multicasa.com.br\/inicio\/?post_type=product&#038;p=18584"},"modified":"2025-06-20T19:35:45","modified_gmt":"2025-06-20T23:35:45","slug":"porta-toalha-duplo-para-box-aco-preto-arthi","status":"publish","type":"product","link":"https:\/\/www.multicasa.com.br\/inicio\/produto\/porta-toalha-duplo-para-box-aco-preto-arthi\/","title":{"rendered":"Porta Toalha Duplo para Box A\u00e7o Preto Arthi"},"content":{"rendered":"<p>Porta Toalha Arthi da Linha Black com suporte duplo e que se encaixa perfeitamente sobre o box, deixando as toalhas \u00e0 m\u00e3o na hora do banho. Produzido em a\u00e7o com acabamento preto acetinado, possui aplica\u00e7\u00e3o de verniz que aumenta a durabilidade e n\u00e3o descasca. Seu design inovador vai trazer n\u00e3o s\u00f3 praticidade, mas tamb\u00e9m estilo e modernidade para o seu banheiro!<\/p>\n","protected":false},"excerpt":{"rendered":"<h4 style=\"margin: 0px;padding: 0px 0px 16px;font-family: Lato, sans-serif;font-weight: bold;line-height: 3rem;color: var(--dark-grey3);font-size: 22px;font-style: normal;letter-spacing: normal;text-align: start;text-indent: 0px;text-transform: none\">Informa\u00e7\u00f5es t\u00e9cnicas<\/h4>\n<p><span style=\"margin: 0px;padding: 0px;font-weight: 450;font-size: 14px;line-height: 21px;color: var(--dark-grey2);font-family: Lato, sans-serif;font-style: normal;letter-spacing: normal;text-align: start;text-indent: 0px;text-transform: none\">Produto: Porta toalha<br \/>\nMarca: Arthi<br \/>\nMaterial: A\u00e7o<br \/>\nCor: Preto<br \/>\nCaracter\u00edsticas: Duplo<br \/>\nItens inclusos: 1 Porta toalha<br \/>\nDimens\u00f5es do produto (A X L x P): 33 x 37 x 19cm<br \/>\nGarantia: 5 anos pelo fabricante<br \/>\n<\/span><\/p>\n","protected":false},"featured_media":18658,"template":"","meta":{"_joinchat":[]},"product_brand":[],"product_cat":[69],"product_tag":[],"class_list":{"0":"post-18584","1":"product","2":"type-product","3":"status-publish","4":"has-post-thumbnail","6":"product_cat-acessorios-para-banheiro","8":"first","9":"outofstock","10":"shipping-taxable","11":"product-type-simple"},"_links":{"self":[{"href":"https:\/\/www.multicasa.com.br\/inicio\/wp-json\/wp\/v2\/product\/18584","targetHints":{"allow":["GET"]}}],"collection":[{"href":"https:\/\/www.multicasa.com.br\/inicio\/wp-json\/wp\/v2\/product"}],"about":[{"href":"https:\/\/www.multicasa.com.br\/inicio\/wp-json\/wp\/v2\/types\/product"}],"wp:featuredmedia":[{"embeddable":true,"href":"https:\/\/www.multicasa.com.br\/inicio\/wp-json\/wp\/v2\/media\/18658"}],"wp:attachment":[{"href":"https:\/\/www.multicasa.com.br\/inicio\/wp-json\/wp\/v2\/media?parent=18584"}],"wp:term":[{"taxonomy":"product_brand","embeddable":true,"href":"https:\/\/www.multicasa.com.br\/inicio\/wp-json\/wp\/v2\/product_brand?post=18584"},{"taxonomy":"product_cat","embeddable":true,"href":"https:\/\/www.multicasa.com.br\/inicio\/wp-json\/wp\/v2\/product_cat?post=18584"},{"taxonomy":"product_tag","embeddable":true,"href":"https:\/\/www.multicasa.com.br\/inicio\/wp-json\/wp\/v2\/product_tag?post=18584"}],"curies":[{"name":"wp","href":"https:\/\/api.w.org\/{rel}","templated":true}]}}