{"id":18608,"date":"2025-06-20T19:34:29","date_gmt":"2025-06-20T23:34:29","guid":{"rendered":"https:\/\/www.multicasa.com.br\/inicio\/?post_type=product&#038;p=18608"},"modified":"2025-06-20T19:36:14","modified_gmt":"2025-06-20T23:36:14","slug":"ferro-de-passar-a-vapor-black-decker-fx3080-br-127v","status":"publish","type":"product","link":"https:\/\/www.multicasa.com.br\/inicio\/produto\/ferro-de-passar-a-vapor-black-decker-fx3080-br-127v\/","title":{"rendered":"Ferro de Passar a Vapor Black + Decker FX3080-BR 127V"},"content":{"rendered":"<p>O Ferro de passar Black + Decker modelo FX3080 possibilita passar roupas a vapor ou a seco, seu vapor vertical permite tirar pequenos amassados diretamente no cabide.<br \/>\nPossui spray frontal com ajuste de intensidade do vapor e seletor para escolha do tipo de tecido. Com sistema autolimpante e base com revestimento de Ceramic Gliss que permite que o ferro deslize suavemente sobre o tecido, evitando o excesso de brilho em tecidos delicados. Possui cabo anat\u00f4mico com giro de 360\u00ba, luz indicadora de funcionamento e ponta afunilada para melhor alcance. Sua pot\u00eancia \u00e9 de 1200W e sua tens\u00e3o el\u00e9trica \u00e9 de 127V. O ferro essencial no seu dia a dia.<\/p>\n","protected":false},"excerpt":{"rendered":"<h4 style=\"margin: 0px;padding: 0px 0px 16px;font-family: Lato, sans-serif;font-weight: bold;line-height: 3rem;color: var(--dark-grey3);font-size: 22px;font-style: normal;letter-spacing: normal;text-align: start;text-indent: 0px;text-transform: none\">Informa\u00e7\u00f5es t\u00e9cnicas<\/h4>\n<p><span style=\"margin: 0px;padding: 0px;font-weight: 450;font-size: 14px;line-height: 21px;color: var(--dark-grey2);font-family: Lato, sans-serif;font-style: normal;letter-spacing: normal;text-align: start;text-indent: 0px;text-transform: none\">Produto: Ferro de Passar<br \/>\nMarca: Black + Decker<br \/>\nModelo: FX3080-BR<br \/>\nMaterial: Ceramic Gliss<br \/>\nCor: Roxo e branco<br \/>\nPot\u00eancia: 1200w<br \/>\nTens\u00e3o el\u00e9trica: 127v<br \/>\nCaracter\u00edsticas: Cabo Anat\u00f4mico com giro de 360\u00b0<br \/>\nSpray frontal<br \/>\nItens Inclusos: 1 ferro de passar<br \/>\nDimens\u00f5es do produto (A x L x P): 16,5 x 13 x 31cm<br \/>\nGarantia: 12 meses pelo fabricante<br \/>\nOCP: 0029<\/p>\n<p><\/span><\/p>\n","protected":false},"featured_media":18688,"template":"","meta":{"_joinchat":[]},"product_brand":[],"product_cat":[101],"product_tag":[],"class_list":{"0":"post-18608","1":"product","2":"type-product","3":"status-publish","4":"has-post-thumbnail","6":"product_cat-cuidados-pessoais","8":"first","9":"outofstock","10":"shipping-taxable","11":"product-type-simple"},"_links":{"self":[{"href":"https:\/\/www.multicasa.com.br\/inicio\/wp-json\/wp\/v2\/product\/18608","targetHints":{"allow":["GET"]}}],"collection":[{"href":"https:\/\/www.multicasa.com.br\/inicio\/wp-json\/wp\/v2\/product"}],"about":[{"href":"https:\/\/www.multicasa.com.br\/inicio\/wp-json\/wp\/v2\/types\/product"}],"wp:featuredmedia":[{"embeddable":true,"href":"https:\/\/www.multicasa.com.br\/inicio\/wp-json\/wp\/v2\/media\/18688"}],"wp:attachment":[{"href":"https:\/\/www.multicasa.com.br\/inicio\/wp-json\/wp\/v2\/media?parent=18608"}],"wp:term":[{"taxonomy":"product_brand","embeddable":true,"href":"https:\/\/www.multicasa.com.br\/inicio\/wp-json\/wp\/v2\/product_brand?post=18608"},{"taxonomy":"product_cat","embeddable":true,"href":"https:\/\/www.multicasa.com.br\/inicio\/wp-json\/wp\/v2\/product_cat?post=18608"},{"taxonomy":"product_tag","embeddable":true,"href":"https:\/\/www.multicasa.com.br\/inicio\/wp-json\/wp\/v2\/product_tag?post=18608"}],"curies":[{"name":"wp","href":"https:\/\/api.w.org\/{rel}","templated":true}]}}