{"id":18612,"date":"2025-06-20T19:34:30","date_gmt":"2025-06-20T23:34:30","guid":{"rendered":"https:\/\/www.multicasa.com.br\/inicio\/?post_type=product&#038;p=18612"},"modified":"2026-04-18T11:30:34","modified_gmt":"2026-04-18T15:30:34","slug":"cantoneira-l-zincada-4-unidades-bemfixa-3x3cm","status":"publish","type":"product","link":"https:\/\/www.multicasa.com.br\/inicio\/produto\/cantoneira-l-zincada-4-unidades-bemfixa-3x3cm\/","title":{"rendered":"Cantoneira L Zincada 4 Unidades Bemfixa 3x3cm"},"content":{"rendered":"<p>A Cantoneira L Zincada Bemfixa \u00e9 perfeita para fixa\u00e7\u00e3o de diversos tipos de prateleiras na parede promovendo resist\u00eancia e seguran\u00e7a. Conta com 4 unidades de 3x3cm de abas iguais, com parafusos para instala\u00e7\u00e3o e fixa\u00e7\u00e3o.<\/p>\n","protected":false},"excerpt":{"rendered":"<h4 style=\"margin: 0px;padding: 0px 0px 16px;font-family: Lato, sans-serif;font-weight: bold;line-height: 3rem;color: var(--dark-grey3);font-size: 22px;font-style: normal;letter-spacing: normal;text-align: start;text-indent: 0px;text-transform: none\">Informa\u00e7\u00f5es t\u00e9cnicas<\/h4>\n<p><span style=\"margin: 0px;padding: 0px;font-weight: 450;font-size: 14px;line-height: 21px;color: var(--dark-grey2);font-family: Lato, sans-serif;font-style: normal;letter-spacing: normal;text-align: start;text-indent: 0px;text-transform: none\">Produto: Cantoneira L<br \/>\nMarca: Bemfixa<br \/>\nMaterial: A\u00e7o Zincado<br \/>\nCaracter\u00edsticas: Possui abas iguais<br \/>\nItens Inclusos: 1 Embalagem com 4 cantoneiras<br \/>\nDimens\u00f5es do produto (L X P): 3 x 3cm<\/span><\/p>\n","protected":false},"featured_media":24883,"template":"","meta":{"_joinchat":[]},"product_brand":[],"product_cat":[141],"product_tag":[],"class_list":{"0":"post-18612","1":"product","2":"type-product","3":"status-publish","4":"has-post-thumbnail","6":"product_cat-marcenaria","8":"first","9":"instock","10":"shipping-taxable","11":"purchasable","12":"product-type-simple"},"_links":{"self":[{"href":"https:\/\/www.multicasa.com.br\/inicio\/wp-json\/wp\/v2\/product\/18612","targetHints":{"allow":["GET"]}}],"collection":[{"href":"https:\/\/www.multicasa.com.br\/inicio\/wp-json\/wp\/v2\/product"}],"about":[{"href":"https:\/\/www.multicasa.com.br\/inicio\/wp-json\/wp\/v2\/types\/product"}],"wp:featuredmedia":[{"embeddable":true,"href":"https:\/\/www.multicasa.com.br\/inicio\/wp-json\/wp\/v2\/media\/24883"}],"wp:attachment":[{"href":"https:\/\/www.multicasa.com.br\/inicio\/wp-json\/wp\/v2\/media?parent=18612"}],"wp:term":[{"taxonomy":"product_brand","embeddable":true,"href":"https:\/\/www.multicasa.com.br\/inicio\/wp-json\/wp\/v2\/product_brand?post=18612"},{"taxonomy":"product_cat","embeddable":true,"href":"https:\/\/www.multicasa.com.br\/inicio\/wp-json\/wp\/v2\/product_cat?post=18612"},{"taxonomy":"product_tag","embeddable":true,"href":"https:\/\/www.multicasa.com.br\/inicio\/wp-json\/wp\/v2\/product_tag?post=18612"}],"curies":[{"name":"wp","href":"https:\/\/api.w.org\/{rel}","templated":true}]}}