{"id":18621,"date":"2025-06-20T19:34:52","date_gmt":"2025-06-20T23:34:52","guid":{"rendered":"https:\/\/www.multicasa.com.br\/inicio\/?post_type=product&#038;p=18621"},"modified":"2025-06-20T19:36:22","modified_gmt":"2025-06-20T23:36:22","slug":"kit-3-escovas-de-aco-nylon-latao-western-com-cabo","status":"publish","type":"product","link":"https:\/\/www.multicasa.com.br\/inicio\/produto\/kit-3-escovas-de-aco-nylon-latao-western-com-cabo\/","title":{"rendered":"Kit 3 Escovas de A\u00e7o\/Nylon\/Lat\u00e3o Western com Cabo"},"content":{"rendered":"<p>O Kit de escovas de a\u00e7o Western conta com tr\u00eas op\u00e7\u00f5es de limpeza. A primeira \u00e9 de a\u00e7o que \u00e9 ideal para remo\u00e7\u00e3o de ferrugem, fuligem, tinta, argamassa, autom\u00f3veis, limpeza de velas e terminais de bateria. A segunda \u00e9 de lat\u00e3o e faz um \u00f3timo trabalho na limpeza de pontos de solda. Enquanto a terceira em nylon \u00e9 perfeita para realizar limpezas de j\u00f3ias, m\u00e1quinas, m\u00edldios, encerrados e pequenas partes. Ambas possuem cabo ergon\u00f4mico que facilita a ader\u00eancia. A melhor op\u00e7\u00e3o em variedade de limpeza.<\/p>\n","protected":false},"excerpt":{"rendered":"<h4 style=\"margin: 0px;padding: 0px 0px 16px;font-family: Lato, sans-serif;font-weight: bold;line-height: 3rem;color: var(--dark-grey3);font-size: 22px;font-style: normal;letter-spacing: normal;text-align: start;text-indent: 0px;text-transform: none\">Informa\u00e7\u00f5es t\u00e9cnicas<\/h4>\n<p><span style=\"margin: 0px;padding: 0px;font-weight: 450;font-size: 14px;line-height: 21px;color: var(--dark-grey2);font-family: Lato, sans-serif;font-style: normal;letter-spacing: normal;text-align: start;text-indent: 0px;text-transform: none\">Produto: Kit Escovas de A\u00e7o<br \/>\nMarca: Western<br \/>\nMaterial: Nylon<br \/>\nA\u00e7o<br \/>\nLat\u00e3o<br \/>\nCor: Preto<br \/>\nUso Indicado:Realizar limpezas de pe\u00e7as em geral<br \/>\nQuantidade de pe\u00e7as: 3<br \/>\nItens inclusos: 1 Escova de Nylon<br \/>\n1 Escova de Nylon<br \/>\n1 Escova de Lat\u00e3o<br \/>\nDimens\u00f5es do produto (A): 17cm<br \/>\nPeso do produto: 0,1kg<br \/>\n<\/span><\/p>\n","protected":false},"featured_media":18694,"template":"","meta":{"_joinchat":[]},"product_brand":[],"product_cat":[137],"product_tag":[],"class_list":{"0":"post-18621","1":"product","2":"type-product","3":"status-publish","4":"has-post-thumbnail","6":"product_cat-ferramentas-manuais","8":"first","9":"outofstock","10":"shipping-taxable","11":"product-type-simple"},"_links":{"self":[{"href":"https:\/\/www.multicasa.com.br\/inicio\/wp-json\/wp\/v2\/product\/18621","targetHints":{"allow":["GET"]}}],"collection":[{"href":"https:\/\/www.multicasa.com.br\/inicio\/wp-json\/wp\/v2\/product"}],"about":[{"href":"https:\/\/www.multicasa.com.br\/inicio\/wp-json\/wp\/v2\/types\/product"}],"wp:featuredmedia":[{"embeddable":true,"href":"https:\/\/www.multicasa.com.br\/inicio\/wp-json\/wp\/v2\/media\/18694"}],"wp:attachment":[{"href":"https:\/\/www.multicasa.com.br\/inicio\/wp-json\/wp\/v2\/media?parent=18621"}],"wp:term":[{"taxonomy":"product_brand","embeddable":true,"href":"https:\/\/www.multicasa.com.br\/inicio\/wp-json\/wp\/v2\/product_brand?post=18621"},{"taxonomy":"product_cat","embeddable":true,"href":"https:\/\/www.multicasa.com.br\/inicio\/wp-json\/wp\/v2\/product_cat?post=18621"},{"taxonomy":"product_tag","embeddable":true,"href":"https:\/\/www.multicasa.com.br\/inicio\/wp-json\/wp\/v2\/product_tag?post=18621"}],"curies":[{"name":"wp","href":"https:\/\/api.w.org\/{rel}","templated":true}]}}