{"id":18637,"date":"2025-06-20T19:35:17","date_gmt":"2025-06-20T23:35:17","guid":{"rendered":"https:\/\/www.multicasa.com.br\/inicio\/?post_type=product&#038;p=18637"},"modified":"2025-12-16T19:36:43","modified_gmt":"2025-12-16T23:36:43","slug":"extensao-cabo-de-telefone-4-vias-rj11-preto-interneed-5m","status":"publish","type":"product","link":"https:\/\/www.multicasa.com.br\/inicio\/produto\/extensao-cabo-de-telefone-4-vias-rj11-preto-interneed-5m\/","title":{"rendered":"Extens\u00e3o Cabo de Telefone 4 vias RJ11 Preto Interneed 5m"},"content":{"rendered":"<p>A extens\u00e3o para cabo de telefone 4 vias RJ11 preto Interneed possui 2 conex\u00f5es Jack Rj11 e cabo emborrachado de 5 m que absorve impactos e protege sua fia\u00e7\u00e3o. Feito de PVC, PS e cobre, viabiliza a comunica\u00e7\u00e3o e liga\u00e7\u00f5es<\/p>\n","protected":false},"excerpt":{"rendered":"<h4 style=\"margin: 0px;padding: 0px 0px 16px;font-family: Lato, sans-serif;font-weight: bold;line-height: 3rem;color: var(--dark-grey3);font-size: 22px;font-style: normal;letter-spacing: normal;text-align: start;text-indent: 0px;text-transform: none\">Informa\u00e7\u00f5es t\u00e9cnicas<\/h4>\n<p><span style=\"margin: 0px;padding: 0px;font-weight: 450;font-size: 14px;line-height: 21px;color: var(--dark-grey2);font-family: Lato, sans-serif;font-style: normal;letter-spacing: normal;text-align: start;text-indent: 0px;text-transform: none\">Produto: Extens\u00e3o Cabo de Telefone<br \/>\nMarca: Interneed<br \/>\nMaterial: PVC<br \/>\nPS<br \/>\nCobre<br \/>\nCor: Preto<br \/>\nCaracter\u00edsticas: 4 vias<br \/>\nCabo emborrachado<br \/>\nItens inclusos: 1 Extens\u00e3o Cabo de Telefone<br \/>\nDimens\u00f5es do produto (C): 5m<\/span><\/p>\n","protected":false},"featured_media":18713,"template":"","meta":{"_joinchat":[]},"product_brand":[],"product_cat":[138],"product_tag":[],"class_list":{"0":"post-18637","1":"product","2":"type-product","3":"status-publish","4":"has-post-thumbnail","6":"product_cat-telefones-e-cia","8":"first","9":"outofstock","10":"shipping-taxable","11":"product-type-simple"},"_links":{"self":[{"href":"https:\/\/www.multicasa.com.br\/inicio\/wp-json\/wp\/v2\/product\/18637","targetHints":{"allow":["GET"]}}],"collection":[{"href":"https:\/\/www.multicasa.com.br\/inicio\/wp-json\/wp\/v2\/product"}],"about":[{"href":"https:\/\/www.multicasa.com.br\/inicio\/wp-json\/wp\/v2\/types\/product"}],"wp:featuredmedia":[{"embeddable":true,"href":"https:\/\/www.multicasa.com.br\/inicio\/wp-json\/wp\/v2\/media\/18713"}],"wp:attachment":[{"href":"https:\/\/www.multicasa.com.br\/inicio\/wp-json\/wp\/v2\/media?parent=18637"}],"wp:term":[{"taxonomy":"product_brand","embeddable":true,"href":"https:\/\/www.multicasa.com.br\/inicio\/wp-json\/wp\/v2\/product_brand?post=18637"},{"taxonomy":"product_cat","embeddable":true,"href":"https:\/\/www.multicasa.com.br\/inicio\/wp-json\/wp\/v2\/product_cat?post=18637"},{"taxonomy":"product_tag","embeddable":true,"href":"https:\/\/www.multicasa.com.br\/inicio\/wp-json\/wp\/v2\/product_tag?post=18637"}],"curies":[{"name":"wp","href":"https:\/\/api.w.org\/{rel}","templated":true}]}}