{"id":18657,"date":"2025-06-20T19:35:41","date_gmt":"2025-06-20T23:35:41","guid":{"rendered":"https:\/\/www.multicasa.com.br\/inicio\/?post_type=product&#038;p=18657"},"modified":"2026-04-09T12:00:25","modified_gmt":"2026-04-09T16:00:25","slug":"cristalizador-repele-agua-water-off-wurth-100ml","status":"publish","type":"product","link":"https:\/\/www.multicasa.com.br\/inicio\/produto\/cristalizador-repele-agua-water-off-wurth-100ml\/","title":{"rendered":"Cristalizador Repele \u00c1gua Water Off Wurth 100ml"},"content":{"rendered":"<p>O Cristalizador Repele \u00c1gua Water Off Wurth cria um filme invis\u00edvel dando maior prote\u00e7\u00e3o, seguran\u00e7a e transpar\u00eancia para o seu para-brisa. Com 100ml, sua composi\u00e7\u00e3o conta com solvente e polidimetilsiloxano e \u00e9 ideal para limpeza de vidros em geral. Aplique o produto e aguarde 1 ou 2 minutos e reaplique.<\/p>\n","protected":false},"excerpt":{"rendered":"<h4 style=\"margin: 0px;padding: 0px 0px 16px;font-family: Lato, sans-serif;font-weight: bold;line-height: 3rem;color: var(--dark-grey3);font-size: 22px;font-style: normal;letter-spacing: normal;text-align: start;text-indent: 0px;text-transform: none\">Informa\u00e7\u00f5es t\u00e9cnicas<\/h4>\n<p><span style=\"margin: 0px;padding: 0px;font-weight: 450;font-size: 14px;line-height: 21px;color: var(--dark-grey2);font-family: Lato, sans-serif;font-style: normal;letter-spacing: normal;text-align: start;text-indent: 0px;text-transform: none\">Produto: Repelente \u00c1gua<br \/>\nMarca: Wurth<br \/>\nComposi\u00e7\u00e3o: Solvente e polidimetilsiloxano<br \/>\nConte\u00fado: 100ml<br \/>\nCaracter\u00edsticas: Promove maior transpar\u00eancia ao vidro<br \/>\nItens inclusos: 1 Repelente \u00c1gua<br \/>\nDimens\u00f5es do produto (A): 15cm<\/span><\/p>\n","protected":false},"featured_media":18727,"template":"","meta":{"_joinchat":[]},"product_brand":[],"product_cat":[132],"product_tag":[],"class_list":{"0":"post-18657","1":"product","2":"type-product","3":"status-publish","4":"has-post-thumbnail","6":"product_cat-inseticidas","8":"first","9":"instock","10":"shipping-taxable","11":"purchasable","12":"product-type-simple"},"_links":{"self":[{"href":"https:\/\/www.multicasa.com.br\/inicio\/wp-json\/wp\/v2\/product\/18657","targetHints":{"allow":["GET"]}}],"collection":[{"href":"https:\/\/www.multicasa.com.br\/inicio\/wp-json\/wp\/v2\/product"}],"about":[{"href":"https:\/\/www.multicasa.com.br\/inicio\/wp-json\/wp\/v2\/types\/product"}],"wp:featuredmedia":[{"embeddable":true,"href":"https:\/\/www.multicasa.com.br\/inicio\/wp-json\/wp\/v2\/media\/18727"}],"wp:attachment":[{"href":"https:\/\/www.multicasa.com.br\/inicio\/wp-json\/wp\/v2\/media?parent=18657"}],"wp:term":[{"taxonomy":"product_brand","embeddable":true,"href":"https:\/\/www.multicasa.com.br\/inicio\/wp-json\/wp\/v2\/product_brand?post=18657"},{"taxonomy":"product_cat","embeddable":true,"href":"https:\/\/www.multicasa.com.br\/inicio\/wp-json\/wp\/v2\/product_cat?post=18657"},{"taxonomy":"product_tag","embeddable":true,"href":"https:\/\/www.multicasa.com.br\/inicio\/wp-json\/wp\/v2\/product_tag?post=18657"}],"curies":[{"name":"wp","href":"https:\/\/api.w.org\/{rel}","templated":true}]}}