{"id":18677,"date":"2025-06-20T19:36:06","date_gmt":"2025-06-20T23:36:06","guid":{"rendered":"https:\/\/www.multicasa.com.br\/inicio\/?post_type=product&#038;p=18677"},"modified":"2025-06-20T19:36:55","modified_gmt":"2025-06-20T23:36:55","slug":"protetor-anti-impacto-risco-e-v-a-betters-30x5mm-14-unidades","status":"publish","type":"product","link":"https:\/\/www.multicasa.com.br\/inicio\/produto\/protetor-anti-impacto-risco-e-v-a-betters-30x5mm-14-unidades\/","title":{"rendered":"Protetor Anti-Impacto\/Risco E.V.A Betters 30x5mm &#8211; 14 unidades"},"content":{"rendered":"<p>Use o adesivo de E.V.A Betters para absorver impactos de batidas ou quedas de m\u00f3veis e prevenir riscos em pisos, laminados e outros. Medindo 30 x 5 mm n\u00e3o possui resina, n\u00e3o risca e tem excelente ader\u00eancia. Pode ser fixado nos p\u00e9s das cadeiras, tamp\u00f5es de vidro para mesas e onde mais voc\u00ea desejar. Cartela com 14 unidades.<\/p>\n","protected":false},"excerpt":{"rendered":"<h4 style=\"margin: 0px;padding: 0px 0px 16px;font-family: Lato, sans-serif;font-weight: bold;line-height: 3rem;color: var(--dark-grey3);font-size: 22px;font-style: normal;letter-spacing: normal;text-align: start;text-indent: 0px;text-transform: none\">Informa\u00e7\u00f5es t\u00e9cnicas<\/h4>\n<p><span style=\"margin: 0px;padding: 0px;font-weight: 450;font-size: 14px;line-height: 21px;color: var(--dark-grey2);font-family: Lato, sans-serif;font-style: normal;letter-spacing: normal;text-align: start;text-indent: 0px;text-transform: none\">Produto: Cal\u00e7o adesivo<br \/>\nMarca: Betters<br \/>\nMaterial: EVA<br \/>\nCor: Preto<br \/>\nCaracter\u00edsticas: Quadrado<br \/>\nSem resina<br \/>\nN\u00e3o riscam<br \/>\nExcelente ader\u00eancia<br \/>\nabsorve quedas ou impactos<br \/>\nQuantidade de Pe\u00e7as: 14<br \/>\nItens inclusos: 14 Cal\u00e7os adesivos<br \/>\nDimens\u00f5es do produto (A X L X P): 30 x 30 x 5mm<br \/>\n<\/span><\/p>\n","protected":false},"featured_media":18738,"template":"","meta":{"_joinchat":[]},"product_brand":[],"product_cat":[141],"product_tag":[],"class_list":{"0":"post-18677","1":"product","2":"type-product","3":"status-publish","4":"has-post-thumbnail","6":"product_cat-marcenaria","8":"first","9":"outofstock","10":"shipping-taxable","11":"product-type-simple"},"_links":{"self":[{"href":"https:\/\/www.multicasa.com.br\/inicio\/wp-json\/wp\/v2\/product\/18677","targetHints":{"allow":["GET"]}}],"collection":[{"href":"https:\/\/www.multicasa.com.br\/inicio\/wp-json\/wp\/v2\/product"}],"about":[{"href":"https:\/\/www.multicasa.com.br\/inicio\/wp-json\/wp\/v2\/types\/product"}],"wp:featuredmedia":[{"embeddable":true,"href":"https:\/\/www.multicasa.com.br\/inicio\/wp-json\/wp\/v2\/media\/18738"}],"wp:attachment":[{"href":"https:\/\/www.multicasa.com.br\/inicio\/wp-json\/wp\/v2\/media?parent=18677"}],"wp:term":[{"taxonomy":"product_brand","embeddable":true,"href":"https:\/\/www.multicasa.com.br\/inicio\/wp-json\/wp\/v2\/product_brand?post=18677"},{"taxonomy":"product_cat","embeddable":true,"href":"https:\/\/www.multicasa.com.br\/inicio\/wp-json\/wp\/v2\/product_cat?post=18677"},{"taxonomy":"product_tag","embeddable":true,"href":"https:\/\/www.multicasa.com.br\/inicio\/wp-json\/wp\/v2\/product_tag?post=18677"}],"curies":[{"name":"wp","href":"https:\/\/api.w.org\/{rel}","templated":true}]}}