{"id":18679,"date":"2025-06-20T19:36:07","date_gmt":"2025-06-20T23:36:07","guid":{"rendered":"https:\/\/www.multicasa.com.br\/inicio\/?post_type=product&#038;p=18679"},"modified":"2025-09-05T09:33:42","modified_gmt":"2025-09-05T13:33:42","slug":"caixa-organizadora-com-tampa-de-plastico-incolor-ordene-65l","status":"publish","type":"product","link":"https:\/\/www.multicasa.com.br\/inicio\/produto\/caixa-organizadora-com-tampa-de-plastico-incolor-ordene-65l\/","title":{"rendered":"Caixa Organizadora com Tampa de Pl\u00e1stico Incolor Ordene 65L"},"content":{"rendered":"<p>Mantenha seus objetos sempre organizados com a Caixa Organizadora com Tampa de Pl\u00e1stico da Ordene. Medindo 30,7 x 63,5 x 42,5cm e capacidade de 65 litros, \u00e9 ideal para deixar livros, sapatos, roupas e outros objetos sempre em ordem. Use na cozinha, quarto ou escrit\u00f3rio para ter um ambiente mais limpo e com menos bagun\u00e7a.<\/p>\n","protected":false},"excerpt":{"rendered":"<h4 style=\"margin: 0px;padding: 0px 0px 16px;font-family: Lato, sans-serif;font-weight: bold;line-height: 3rem;color: var(--dark-grey3);font-size: 22px;font-style: normal;letter-spacing: normal;text-align: start;text-indent: 0px;text-transform: none\">Informa\u00e7\u00f5es t\u00e9cnicas<\/h4>\n<p><span style=\"margin: 0px;padding: 0px;font-weight: 450;font-size: 14px;line-height: 21px;color: var(--dark-grey2);font-family: Lato, sans-serif;font-style: normal;letter-spacing: normal;text-align: start;text-indent: 0px;text-transform: none\">Produto: Caixa organizadora<br \/>\nMarca: Ordene<br \/>\nMaterial: Pl\u00e1stico<br \/>\nCapacidade: 65L<br \/>\nCaracter\u00edsticas: Transparente<br \/>\nPossui tampa<br \/>\nItens Inclusos: 1 caixa organizadora<br \/>\nDimens\u00f5es do produto (A x L x P): 30,7 x 63,5 x 42,5cm<\/span><\/p>\n","protected":false},"featured_media":27082,"template":"","meta":{"_joinchat":[]},"product_brand":[],"product_cat":[98],"product_tag":[],"class_list":{"0":"post-18679","1":"product","2":"type-product","3":"status-publish","4":"has-post-thumbnail","6":"product_cat-organizadores","8":"first","9":"outofstock","10":"shipping-taxable","11":"purchasable","12":"product-type-simple"},"_links":{"self":[{"href":"https:\/\/www.multicasa.com.br\/inicio\/wp-json\/wp\/v2\/product\/18679","targetHints":{"allow":["GET"]}}],"collection":[{"href":"https:\/\/www.multicasa.com.br\/inicio\/wp-json\/wp\/v2\/product"}],"about":[{"href":"https:\/\/www.multicasa.com.br\/inicio\/wp-json\/wp\/v2\/types\/product"}],"wp:featuredmedia":[{"embeddable":true,"href":"https:\/\/www.multicasa.com.br\/inicio\/wp-json\/wp\/v2\/media\/27082"}],"wp:attachment":[{"href":"https:\/\/www.multicasa.com.br\/inicio\/wp-json\/wp\/v2\/media?parent=18679"}],"wp:term":[{"taxonomy":"product_brand","embeddable":true,"href":"https:\/\/www.multicasa.com.br\/inicio\/wp-json\/wp\/v2\/product_brand?post=18679"},{"taxonomy":"product_cat","embeddable":true,"href":"https:\/\/www.multicasa.com.br\/inicio\/wp-json\/wp\/v2\/product_cat?post=18679"},{"taxonomy":"product_tag","embeddable":true,"href":"https:\/\/www.multicasa.com.br\/inicio\/wp-json\/wp\/v2\/product_tag?post=18679"}],"curies":[{"name":"wp","href":"https:\/\/api.w.org\/{rel}","templated":true}]}}