{"id":18703,"date":"2025-06-20T19:36:30","date_gmt":"2025-06-20T23:36:30","guid":{"rendered":"https:\/\/www.multicasa.com.br\/inicio\/?post_type=product&#038;p=18703"},"modified":"2025-06-20T19:37:08","modified_gmt":"2025-06-20T23:37:08","slug":"organizador-de-acessorios-4-encaixes-bralimpia","status":"publish","type":"product","link":"https:\/\/www.multicasa.com.br\/inicio\/produto\/organizador-de-acessorios-4-encaixes-bralimpia\/","title":{"rendered":"Organizador de Acess\u00f3rios 4 Encaixes Bralimpia"},"content":{"rendered":"<p>O Organizador de Acess\u00f3rios Bralimpia \u00e9 desenvolvido para organizar ambientes de trabalho onde h\u00e1 necessidade da utiliza\u00e7\u00e3o de diversos acess\u00f3rios de limpeza com cabo. Seu corpo \u00e9 produzido em alum\u00ednio anodizado e possui 4 encaixes produzidos em nylon e borracha azul que se adaptam a v\u00e1rios di\u00e2metros de cabos. De f\u00e1cil instala\u00e7\u00e3o, \u00e9 muito leve mas extremamente resistente. Perfeito para organizar espa\u00e7os pequenos, desobstruindo passagens e mantendo o ambiente muito mais harm\u00f4nico.<\/p>\n","protected":false},"excerpt":{"rendered":"<h4 style=\"margin: 0px;padding: 0px 0px 16px;font-family: Lato, sans-serif;font-weight: bold;line-height: 3rem;color: var(--dark-grey3);font-size: 22px;font-style: normal;letter-spacing: normal;text-align: start;text-indent: 0px;text-transform: none\">Informa\u00e7\u00f5es t\u00e9cnicas<\/h4>\n<p><span style=\"margin: 0px;padding: 0px;font-weight: 450;font-size: 14px;line-height: 21px;color: var(--dark-grey2);font-family: Lato, sans-serif;font-style: normal;letter-spacing: normal;text-align: start;text-indent: 0px;text-transform: none\">Produto: Suporte de vassouras<br \/>\nMarca: Bralimpia<br \/>\nMaterial: Alum\u00ednio anodizado<br \/>\nNylon<br \/>\nBorracha<br \/>\nCor: Prata e preto<br \/>\nUso Indicado: Organizar vassouras, rodos e etc<br \/>\nCaracter\u00edsticas: Possui 4 fixadores de acess\u00f3rios\/cabos<br \/>\nAl\u00e7as que se adaptam a v\u00e1rios di\u00e2metros de cabos<br \/>\nN\u00e3o enferruja<br \/>\nItens Inclusos: 1 suporte de vassouras<br \/>\nDimens\u00f5es do produto (L): 35cm<br \/>\nPeso do produto: 315g<\/span><\/p>\n","protected":false},"featured_media":18747,"template":"","meta":{"_joinchat":[]},"product_brand":[],"product_cat":[98],"product_tag":[],"class_list":{"0":"post-18703","1":"product","2":"type-product","3":"status-publish","4":"has-post-thumbnail","6":"product_cat-organizadores","8":"first","9":"outofstock","10":"shipping-taxable","11":"product-type-simple"},"_links":{"self":[{"href":"https:\/\/www.multicasa.com.br\/inicio\/wp-json\/wp\/v2\/product\/18703","targetHints":{"allow":["GET"]}}],"collection":[{"href":"https:\/\/www.multicasa.com.br\/inicio\/wp-json\/wp\/v2\/product"}],"about":[{"href":"https:\/\/www.multicasa.com.br\/inicio\/wp-json\/wp\/v2\/types\/product"}],"wp:featuredmedia":[{"embeddable":true,"href":"https:\/\/www.multicasa.com.br\/inicio\/wp-json\/wp\/v2\/media\/18747"}],"wp:attachment":[{"href":"https:\/\/www.multicasa.com.br\/inicio\/wp-json\/wp\/v2\/media?parent=18703"}],"wp:term":[{"taxonomy":"product_brand","embeddable":true,"href":"https:\/\/www.multicasa.com.br\/inicio\/wp-json\/wp\/v2\/product_brand?post=18703"},{"taxonomy":"product_cat","embeddable":true,"href":"https:\/\/www.multicasa.com.br\/inicio\/wp-json\/wp\/v2\/product_cat?post=18703"},{"taxonomy":"product_tag","embeddable":true,"href":"https:\/\/www.multicasa.com.br\/inicio\/wp-json\/wp\/v2\/product_tag?post=18703"}],"curies":[{"name":"wp","href":"https:\/\/api.w.org\/{rel}","templated":true}]}}