{"id":18704,"date":"2025-06-20T19:36:30","date_gmt":"2025-06-20T23:36:30","guid":{"rendered":"https:\/\/www.multicasa.com.br\/inicio\/?post_type=product&#038;p=18704"},"modified":"2026-04-13T15:50:37","modified_gmt":"2026-04-13T19:50:37","slug":"cabo-de-forca-para-cpu-monitor-tripolar-duallux-15m","status":"publish","type":"product","link":"https:\/\/www.multicasa.com.br\/inicio\/produto\/cabo-de-forca-para-cpu-monitor-tripolar-duallux-15m\/","title":{"rendered":"Cabo de For\u00e7a para CPU\/Monitor Tripolar DualLux 1,5m"},"content":{"rendered":"<p>O Cabo de For\u00e7a Tripolar DualLux \u00e9 ideal para CPU, fax, projetor ou qualquer tipo de aparelho que tenha entrada tripolar. Possui 1,5 metros de comprimento e entrada para tomada de 3 pinos.<\/p>\n","protected":false},"excerpt":{"rendered":"<h4 style=\"margin: 0px;padding: 0px 0px 16px;font-family: Lato, sans-serif;font-weight: bold;line-height: 3rem;color: var(--dark-grey3);font-size: 22px;font-style: normal;letter-spacing: normal;text-align: start;text-indent: 0px;text-transform: none\">Informa\u00e7\u00f5es t\u00e9cnicas<\/h4>\n<p><span style=\"margin: 0px;padding: 0px;font-weight: 450;font-size: 14px;line-height: 21px;color: var(--dark-grey2);font-family: Lato, sans-serif;font-style: normal;letter-spacing: normal;text-align: start;text-indent: 0px;text-transform: none\">Produto: Cabo de For\u00e7a<br \/>\nMarca: DualLux<br \/>\nCor: Preto<br \/>\nUso indicado: CPU, Fax, projetor ou qualquer aparelho que tenha entrada tripolar<br \/>\nCaracter\u00edsticas: Cabo tripolar, normatizado<br \/>\nItens inclusos: 1 Cabo de For\u00e7a<br \/>\nDimens\u00f5es do produto (C): 1,5m<\/span><\/p>\n","protected":false},"featured_media":18748,"template":"","meta":{"_joinchat":[]},"product_brand":[],"product_cat":[153],"product_tag":[],"class_list":{"0":"post-18704","1":"product","2":"type-product","3":"status-publish","4":"has-post-thumbnail","6":"product_cat-eletronica-e-cia","8":"first","9":"instock","10":"shipping-taxable","11":"purchasable","12":"product-type-simple"},"_links":{"self":[{"href":"https:\/\/www.multicasa.com.br\/inicio\/wp-json\/wp\/v2\/product\/18704","targetHints":{"allow":["GET"]}}],"collection":[{"href":"https:\/\/www.multicasa.com.br\/inicio\/wp-json\/wp\/v2\/product"}],"about":[{"href":"https:\/\/www.multicasa.com.br\/inicio\/wp-json\/wp\/v2\/types\/product"}],"wp:featuredmedia":[{"embeddable":true,"href":"https:\/\/www.multicasa.com.br\/inicio\/wp-json\/wp\/v2\/media\/18748"}],"wp:attachment":[{"href":"https:\/\/www.multicasa.com.br\/inicio\/wp-json\/wp\/v2\/media?parent=18704"}],"wp:term":[{"taxonomy":"product_brand","embeddable":true,"href":"https:\/\/www.multicasa.com.br\/inicio\/wp-json\/wp\/v2\/product_brand?post=18704"},{"taxonomy":"product_cat","embeddable":true,"href":"https:\/\/www.multicasa.com.br\/inicio\/wp-json\/wp\/v2\/product_cat?post=18704"},{"taxonomy":"product_tag","embeddable":true,"href":"https:\/\/www.multicasa.com.br\/inicio\/wp-json\/wp\/v2\/product_tag?post=18704"}],"curies":[{"name":"wp","href":"https:\/\/api.w.org\/{rel}","templated":true}]}}