{"id":18705,"date":"2025-06-20T19:36:30","date_gmt":"2025-06-20T23:36:30","guid":{"rendered":"https:\/\/www.multicasa.com.br\/inicio\/?post_type=product&#038;p=18705"},"modified":"2026-03-31T17:30:31","modified_gmt":"2026-03-31T21:30:31","slug":"filtro-de-agua-para-torneira-versatille-lorenzetti","status":"publish","type":"product","link":"https:\/\/www.multicasa.com.br\/inicio\/produto\/filtro-de-agua-para-torneira-versatille-lorenzetti\/","title":{"rendered":"Filtro de \u00c1gua para Torneira Versatille Lorenzetti"},"content":{"rendered":"<p>Pr\u00e1tico, o filtro de \u00e1gua para torneira Versatille da Lorenzetti garante \u00e1gua pura, sem gostos e cheiros. O purificador de \u00e1gua Lorenzetti pode ser instalado em torneiras com rosca externa M22 e rosca interna M21 com troca de refil recomendada ap\u00f3s 1.000 litros de \u00e1gua consumida ou 6 meses de uso. O filtro de \u00e1gua para torneira da Lorenzetti possui um seletor que garante \u00e1gua pr\u00f3pria para consumo, cozinhar ou lavar alimentos e \u00e1gua para limpeza em geral.<\/p>\n","protected":false},"excerpt":{"rendered":"<h4 style=\"margin: 0px;padding: 0px 0px 16px;font-family: Lato, sans-serif;font-weight: bold;line-height: 3rem;color: var(--dark-grey3);font-size: 22px;font-style: normal;letter-spacing: normal;text-align: start;text-indent: 0px;text-transform: none\">Informa\u00e7\u00f5es t\u00e9cnicas<\/h4>\n<p><span style=\"margin: 0px;padding: 0px;font-weight: 450;font-size: 14px;line-height: 21px;color: var(--dark-grey2);font-family: Lato, sans-serif;font-style: normal;letter-spacing: normal;text-align: start;text-indent: 0px;text-transform: none\">Produto: Filtro de \u00c1gua<br \/>\nMarca: Lorenzetti<br \/>\nMaterial: Liga de cobre &#8220;bronze e lat\u00e3o&#8221;<br \/>\nElastomeros<br \/>\nPl\u00e1stico abs<br \/>\nCarv\u00e3o ativado impregnado em prata<br \/>\nCor: branco, prata<br \/>\nCaracter\u00edsticas: Capacidade de filtragem de 1.000 litros<br \/>\nPermite a Instala\u00e7\u00e3o em torneiras com rosca externa de M22 e rosca interna de M21<br \/>\nTroca de refil recomendada ap\u00f3s 1.000 litros de \u00e1gua consumida ou 6 meses, em m\u00e9dia, de uso<br \/>\nItens Inclusos: 1 Filtro de \u00e1gua<br \/>\nDimens\u00f5es do produto (A X L): 19,2 x 18,2cm<br \/>\n<\/span><\/p>\n","protected":false},"featured_media":18750,"template":"","meta":{"_joinchat":[]},"product_brand":[],"product_cat":[67],"product_tag":[],"class_list":{"0":"post-18705","1":"product","2":"type-product","3":"status-publish","4":"has-post-thumbnail","6":"product_cat-torneiras-e-cia","8":"first","9":"instock","10":"shipping-taxable","11":"purchasable","12":"product-type-simple"},"_links":{"self":[{"href":"https:\/\/www.multicasa.com.br\/inicio\/wp-json\/wp\/v2\/product\/18705","targetHints":{"allow":["GET"]}}],"collection":[{"href":"https:\/\/www.multicasa.com.br\/inicio\/wp-json\/wp\/v2\/product"}],"about":[{"href":"https:\/\/www.multicasa.com.br\/inicio\/wp-json\/wp\/v2\/types\/product"}],"wp:featuredmedia":[{"embeddable":true,"href":"https:\/\/www.multicasa.com.br\/inicio\/wp-json\/wp\/v2\/media\/18750"}],"wp:attachment":[{"href":"https:\/\/www.multicasa.com.br\/inicio\/wp-json\/wp\/v2\/media?parent=18705"}],"wp:term":[{"taxonomy":"product_brand","embeddable":true,"href":"https:\/\/www.multicasa.com.br\/inicio\/wp-json\/wp\/v2\/product_brand?post=18705"},{"taxonomy":"product_cat","embeddable":true,"href":"https:\/\/www.multicasa.com.br\/inicio\/wp-json\/wp\/v2\/product_cat?post=18705"},{"taxonomy":"product_tag","embeddable":true,"href":"https:\/\/www.multicasa.com.br\/inicio\/wp-json\/wp\/v2\/product_tag?post=18705"}],"curies":[{"name":"wp","href":"https:\/\/api.w.org\/{rel}","templated":true}]}}