{"id":18708,"date":"2025-06-20T19:36:31","date_gmt":"2025-06-20T23:36:31","guid":{"rendered":"https:\/\/www.multicasa.com.br\/inicio\/?post_type=product&#038;p=18708"},"modified":"2025-12-16T19:15:32","modified_gmt":"2025-12-16T23:15:32","slug":"linha-de-nylon-multiuso-040mm-100m","status":"publish","type":"product","link":"https:\/\/www.multicasa.com.br\/inicio\/produto\/linha-de-nylon-multiuso-040mm-100m\/","title":{"rendered":"Linha de Nylon Multiuso 0,40mm -100m"},"content":{"rendered":"<p>A Linha de Nylon Multiuso possui alta durabilidade e resist\u00eancia. Com 100 metros de comprimento e 0,40 mm de espessura \u00e9 comumente usada em confec\u00e7\u00e3o de bijuterias, costuras de bolsas, pesca com isca artificial e outros.<\/p>\n","protected":false},"excerpt":{"rendered":"<h4 style=\"margin: 0px;padding: 0px 0px 16px;font-family: Lato, sans-serif;font-weight: bold;line-height: 3rem;color: var(--dark-grey3);font-size: 22px;font-style: normal;letter-spacing: normal;text-align: start;text-indent: 0px;text-transform: none\">Informa\u00e7\u00f5es t\u00e9cnicas<\/h4>\n<p><span style=\"margin: 0px;padding: 0px;font-weight: 450;font-size: 14px;line-height: 21px;color: var(--dark-grey2);font-family: Lato, sans-serif;font-style: normal;letter-spacing: normal;text-align: start;text-indent: 0px;text-transform: none\">Produto: Linha<br \/>\nMarca: Multiuso<br \/>\nMaterial: Nylon<br \/>\nCor: Incolor<br \/>\nCaracter\u00edsticas: Resistente<br \/>\nItens inclusos: 1 Linha de Nylon<br \/>\nEspessura: 0,40mm<br \/>\nDimens\u00f5es do produto (C): 100m<br \/>\n<\/span><\/p>\n","protected":false},"featured_media":27378,"template":"","meta":{"_joinchat":[]},"product_brand":[],"product_cat":[76],"product_tag":[],"class_list":{"0":"post-18708","1":"product","2":"type-product","3":"status-publish","4":"has-post-thumbnail","6":"product_cat-jardinagem","8":"first","9":"outofstock","10":"shipping-taxable","11":"product-type-simple"},"_links":{"self":[{"href":"https:\/\/www.multicasa.com.br\/inicio\/wp-json\/wp\/v2\/product\/18708","targetHints":{"allow":["GET"]}}],"collection":[{"href":"https:\/\/www.multicasa.com.br\/inicio\/wp-json\/wp\/v2\/product"}],"about":[{"href":"https:\/\/www.multicasa.com.br\/inicio\/wp-json\/wp\/v2\/types\/product"}],"wp:featuredmedia":[{"embeddable":true,"href":"https:\/\/www.multicasa.com.br\/inicio\/wp-json\/wp\/v2\/media\/27378"}],"wp:attachment":[{"href":"https:\/\/www.multicasa.com.br\/inicio\/wp-json\/wp\/v2\/media?parent=18708"}],"wp:term":[{"taxonomy":"product_brand","embeddable":true,"href":"https:\/\/www.multicasa.com.br\/inicio\/wp-json\/wp\/v2\/product_brand?post=18708"},{"taxonomy":"product_cat","embeddable":true,"href":"https:\/\/www.multicasa.com.br\/inicio\/wp-json\/wp\/v2\/product_cat?post=18708"},{"taxonomy":"product_tag","embeddable":true,"href":"https:\/\/www.multicasa.com.br\/inicio\/wp-json\/wp\/v2\/product_tag?post=18708"}],"curies":[{"name":"wp","href":"https:\/\/api.w.org\/{rel}","templated":true}]}}