{"id":18711,"date":"2025-06-20T19:36:31","date_gmt":"2025-06-20T23:36:31","guid":{"rendered":"https:\/\/www.multicasa.com.br\/inicio\/?post_type=product&#038;p=18711"},"modified":"2025-06-20T19:37:29","modified_gmt":"2025-06-20T23:37:29","slug":"kit-fusiveis-para-carro-western-15-pecas","status":"publish","type":"product","link":"https:\/\/www.multicasa.com.br\/inicio\/produto\/kit-fusiveis-para-carro-western-15-pecas\/","title":{"rendered":"Kit Fus\u00edveis para Carro Western 15 Pe\u00e7as"},"content":{"rendered":"<p>O Kit Fus\u00edveis para Carro Western conta com 15 pe\u00e7as que s\u00e3o muito importantes para a seguran\u00e7a do autom\u00f3vel, pois basta qualquer amea\u00e7a de curto circuito que eles interrompem a energia. Produzido em zinco e ABS, s\u00e3o fundamentais e devem ser substitu\u00eddos sempre que apresentarem algum defeito.<\/p>\n","protected":false},"excerpt":{"rendered":"<h4 style=\"margin: 0px;padding: 0px 0px 16px;font-family: Lato, sans-serif;font-weight: bold;line-height: 3rem;color: var(--dark-grey3);font-size: 22px;font-style: normal;letter-spacing: normal;text-align: start;text-indent: 0px;text-transform: none\">Informa\u00e7\u00f5es t\u00e9cnicas<\/h4>\n<p><span style=\"margin: 0px;padding: 0px;font-weight: 450;font-size: 14px;line-height: 21px;color: var(--dark-grey2);font-family: Lato, sans-serif;font-style: normal;letter-spacing: normal;text-align: start;text-indent: 0px;text-transform: none\">Produto: Kit Fus\u00edveis para Carro<br \/>\nMarca: Western<br \/>\nMaterial: Zinco<br \/>\nAbs<br \/>\nQuantidade de pe\u00e7as: 15<br \/>\nItens inclusos: 1 violeta 3a<br \/>\n1 rosa 4a<br \/>\n1 laranja 5a<br \/>\n1 marrom 7,5a<br \/>\n1 vermelho 10a<br \/>\n2 azul 15a<br \/>\n2 amarelo 20a<br \/>\n2 cristal 25a<br \/>\n2 verde claro 35a<br \/>\n2 verde 30a<br \/>\nDimens\u00f5es do produto (A X L): 18,7 x 12cm<br \/>\n<\/span><\/p>\n","protected":false},"featured_media":18774,"template":"","meta":{"_joinchat":[]},"product_brand":[],"product_cat":[142],"product_tag":[],"class_list":{"0":"post-18711","1":"product","2":"type-product","3":"status-publish","4":"has-post-thumbnail","6":"product_cat-utilidades-para-automoveis","8":"first","9":"outofstock","10":"shipping-taxable","11":"product-type-simple"},"_links":{"self":[{"href":"https:\/\/www.multicasa.com.br\/inicio\/wp-json\/wp\/v2\/product\/18711","targetHints":{"allow":["GET"]}}],"collection":[{"href":"https:\/\/www.multicasa.com.br\/inicio\/wp-json\/wp\/v2\/product"}],"about":[{"href":"https:\/\/www.multicasa.com.br\/inicio\/wp-json\/wp\/v2\/types\/product"}],"wp:featuredmedia":[{"embeddable":true,"href":"https:\/\/www.multicasa.com.br\/inicio\/wp-json\/wp\/v2\/media\/18774"}],"wp:attachment":[{"href":"https:\/\/www.multicasa.com.br\/inicio\/wp-json\/wp\/v2\/media?parent=18711"}],"wp:term":[{"taxonomy":"product_brand","embeddable":true,"href":"https:\/\/www.multicasa.com.br\/inicio\/wp-json\/wp\/v2\/product_brand?post=18711"},{"taxonomy":"product_cat","embeddable":true,"href":"https:\/\/www.multicasa.com.br\/inicio\/wp-json\/wp\/v2\/product_cat?post=18711"},{"taxonomy":"product_tag","embeddable":true,"href":"https:\/\/www.multicasa.com.br\/inicio\/wp-json\/wp\/v2\/product_tag?post=18711"}],"curies":[{"name":"wp","href":"https:\/\/api.w.org\/{rel}","templated":true}]}}