{"id":18732,"date":"2025-06-20T19:36:53","date_gmt":"2025-06-20T23:36:53","guid":{"rendered":"https:\/\/www.multicasa.com.br\/inicio\/?post_type=product&#038;p=18732"},"modified":"2025-08-17T19:12:16","modified_gmt":"2025-08-17T23:12:16","slug":"luminaria-led-noturna-sol-llum-127v","status":"publish","type":"product","link":"https:\/\/www.multicasa.com.br\/inicio\/produto\/luminaria-led-noturna-sol-llum-127v\/","title":{"rendered":"Lumin\u00e1ria Led Noturna Sol LLum 127V"},"content":{"rendered":"<p>A Lumin\u00e1ria Led Noturna Sol Llum \u00e9 perfeita para quartos infantis e sinaliza\u00e7\u00e3o de ambientes. Com tens\u00e3o de 127v e pot\u00eancia de 0, 3w, emite luz \u00e2mbar e consome um baixo \u00edndice de energia el\u00e9trica. Produto seguro, n\u00e3o esquenta.<\/p>\n","protected":false},"excerpt":{"rendered":"<h4 style=\"margin: 0px;padding: 0px 0px 16px;font-family: Lato, sans-serif;font-weight: bold;line-height: 3rem;color: var(--dark-grey3);font-size: 22px;font-style: normal;letter-spacing: normal;text-align: start;text-indent: 0px;text-transform: none\">Informa\u00e7\u00f5es t\u00e9cnicas<\/h4>\n<p><span style=\"margin: 0px;padding: 0px;font-weight: 450;font-size: 14px;line-height: 21px;color: var(--dark-grey2);font-family: Lato, sans-serif;font-style: normal;letter-spacing: normal;text-align: start;text-indent: 0px;text-transform: none\">Produto: Lumin\u00e1ria Noturna<br \/>\nMarca: LLUM<br \/>\nMaterial: Termopl\u00e1stico<br \/>\nCor: Branco<br \/>\nCor da Luz: \u00c2mbar<br \/>\nPot\u00eancia: 0,3w<br \/>\nTens\u00e3o el\u00e9trica: 127V<br \/>\nCaracter\u00edsticas: Formato de Sol<br \/>\nBaixo consumo<br \/>\nPossui interruptor<br \/>\nN\u00e3o esquenta<br \/>\nVida \u00fatil de at\u00e9 50.000h<br \/>\nItens Inclusos: 1 Lumin\u00e1ria Noturna<br \/>\nDimens\u00f5es do produto (A X L X P): 7 x 7cm<br \/>\n<\/span><\/p>\n","protected":false},"featured_media":18782,"template":"","meta":{"_joinchat":[]},"product_brand":[],"product_cat":[79],"product_tag":[],"class_list":{"0":"post-18732","1":"product","2":"type-product","3":"status-publish","4":"has-post-thumbnail","6":"product_cat-iluminacao-decorativa","8":"first","9":"outofstock","10":"shipping-taxable","11":"purchasable","12":"product-type-simple"},"_links":{"self":[{"href":"https:\/\/www.multicasa.com.br\/inicio\/wp-json\/wp\/v2\/product\/18732","targetHints":{"allow":["GET"]}}],"collection":[{"href":"https:\/\/www.multicasa.com.br\/inicio\/wp-json\/wp\/v2\/product"}],"about":[{"href":"https:\/\/www.multicasa.com.br\/inicio\/wp-json\/wp\/v2\/types\/product"}],"wp:featuredmedia":[{"embeddable":true,"href":"https:\/\/www.multicasa.com.br\/inicio\/wp-json\/wp\/v2\/media\/18782"}],"wp:attachment":[{"href":"https:\/\/www.multicasa.com.br\/inicio\/wp-json\/wp\/v2\/media?parent=18732"}],"wp:term":[{"taxonomy":"product_brand","embeddable":true,"href":"https:\/\/www.multicasa.com.br\/inicio\/wp-json\/wp\/v2\/product_brand?post=18732"},{"taxonomy":"product_cat","embeddable":true,"href":"https:\/\/www.multicasa.com.br\/inicio\/wp-json\/wp\/v2\/product_cat?post=18732"},{"taxonomy":"product_tag","embeddable":true,"href":"https:\/\/www.multicasa.com.br\/inicio\/wp-json\/wp\/v2\/product_tag?post=18732"}],"curies":[{"name":"wp","href":"https:\/\/api.w.org\/{rel}","templated":true}]}}