{"id":18733,"date":"2025-06-20T19:36:53","date_gmt":"2025-06-20T23:36:53","guid":{"rendered":"https:\/\/www.multicasa.com.br\/inicio\/?post_type=product&#038;p=18733"},"modified":"2025-06-23T10:08:49","modified_gmt":"2025-06-23T14:08:49","slug":"fixador-para-cabo-coaxial-6mm-bemfixa-20-pecas","status":"publish","type":"product","link":"https:\/\/www.multicasa.com.br\/inicio\/produto\/fixador-para-cabo-coaxial-6mm-bemfixa-20-pecas\/","title":{"rendered":"Fixador para Cabo Coaxial 6mm Bemfixa 20 Pe\u00e7as"},"content":{"rendered":"<p>O Fixador para Cabo Coaxial 6mm Bemfixa \u00e9 ideal para fixar fios e cabos na parede gerando mais organiza\u00e7\u00e3o e praticidade para sua casa. Cont\u00e9m 20 unidades na cor branca, que possui um mini prego no topo do produto para manter os fios presos de forma segura.<\/p>\n","protected":false},"excerpt":{"rendered":"<h4 style=\"margin: 0px;padding: 0px 0px 16px;font-family: Lato, sans-serif;font-weight: bold;line-height: 3rem;color: var(--dark-grey3);font-size: 22px;font-style: normal;letter-spacing: normal;text-align: start;text-indent: 0px;text-transform: none\">Informa\u00e7\u00f5es t\u00e9cnicas<\/h4>\n<p><span style=\"margin: 0px;padding: 0px;font-weight: 450;font-size: 14px;line-height: 21px;color: var(--dark-grey2);font-family: Lato, sans-serif;font-style: normal;letter-spacing: normal;text-align: start;text-indent: 0px;text-transform: none\">Produto: Fixador para Cabo Coaxial<br \/>\nMarca: Bemfixa<br \/>\nMaterial: A\u00e7o<br \/>\nPoliestireno<br \/>\nCor: Branco e prata<br \/>\nItens inclusos: 20 Fixadores para Cabo Coaxial<br \/>\nDimens\u00f5es do produto (L): 6mm<br \/>\n<\/span><\/p>\n","protected":false},"featured_media":25221,"template":"","meta":{"_joinchat":[]},"product_brand":[],"product_cat":[150],"product_tag":[],"class_list":{"0":"post-18733","1":"product","2":"type-product","3":"status-publish","4":"has-post-thumbnail","6":"product_cat-antenas-e-cia","8":"first","9":"outofstock","10":"shipping-taxable","11":"product-type-simple"},"_links":{"self":[{"href":"https:\/\/www.multicasa.com.br\/inicio\/wp-json\/wp\/v2\/product\/18733","targetHints":{"allow":["GET"]}}],"collection":[{"href":"https:\/\/www.multicasa.com.br\/inicio\/wp-json\/wp\/v2\/product"}],"about":[{"href":"https:\/\/www.multicasa.com.br\/inicio\/wp-json\/wp\/v2\/types\/product"}],"wp:featuredmedia":[{"embeddable":true,"href":"https:\/\/www.multicasa.com.br\/inicio\/wp-json\/wp\/v2\/media\/25221"}],"wp:attachment":[{"href":"https:\/\/www.multicasa.com.br\/inicio\/wp-json\/wp\/v2\/media?parent=18733"}],"wp:term":[{"taxonomy":"product_brand","embeddable":true,"href":"https:\/\/www.multicasa.com.br\/inicio\/wp-json\/wp\/v2\/product_brand?post=18733"},{"taxonomy":"product_cat","embeddable":true,"href":"https:\/\/www.multicasa.com.br\/inicio\/wp-json\/wp\/v2\/product_cat?post=18733"},{"taxonomy":"product_tag","embeddable":true,"href":"https:\/\/www.multicasa.com.br\/inicio\/wp-json\/wp\/v2\/product_tag?post=18733"}],"curies":[{"name":"wp","href":"https:\/\/api.w.org\/{rel}","templated":true}]}}