{"id":18736,"date":"2025-06-20T19:36:54","date_gmt":"2025-06-20T23:36:54","guid":{"rendered":"https:\/\/www.multicasa.com.br\/inicio\/?post_type=product&#038;p=18736"},"modified":"2025-08-16T18:16:40","modified_gmt":"2025-08-16T22:16:40","slug":"esferas-para-lavar-roupas-secalux-4-unidades","status":"publish","type":"product","link":"https:\/\/www.multicasa.com.br\/inicio\/produto\/esferas-para-lavar-roupas-secalux-4-unidades\/","title":{"rendered":"Esferas para Lavar Roupas Secalux 4 unidades"},"content":{"rendered":"<p>Use as Esferas para Lavar Roupas da Secalux dentro da sua m\u00e1quina de lavar e aumente a efici\u00eancia do ciclo de lavagem. As bolinhas para lavar roupas retiram os fiapos e bolinhas dos tecidos sem danificar a m\u00e1quina, auxiliando na limpeza. Uma embalagem \u00e9 composta por 4 unidades e s\u00e3o feitas de PVC, ideais para lavar at\u00e9 4 kg de roupas. Pode ser reutilizada.<\/p>\n","protected":false},"excerpt":{"rendered":"<h4 style=\"margin: 0px;padding: 0px 0px 16px;font-family: Lato, sans-serif;font-weight: bold;line-height: 3rem;color: var(--dark-grey3);font-size: 22px;font-style: normal;letter-spacing: normal;text-align: start;text-indent: 0px;text-transform: none\">Informa\u00e7\u00f5es t\u00e9cnicas<\/h4>\n<p><span style=\"margin: 0px;padding: 0px;font-weight: 450;font-size: 14px;line-height: 21px;color: var(--dark-grey2);font-family: Lato, sans-serif;font-style: normal;letter-spacing: normal;text-align: start;text-indent: 0px;text-transform: none\">Produto: Esferas para Lavar Roupas<br \/>\nMarca: Secalux<br \/>\nMaterial: PVC<br \/>\nCor: Variada<br \/>\nItens Inclusos: 4 Esferas para lavar roupas<br \/>\nDi\u00e2metro do produto 5cm<\/span><\/p>\n","protected":false},"featured_media":18799,"template":"","meta":{"_joinchat":[]},"product_brand":[],"product_cat":[151],"product_tag":[],"class_list":{"0":"post-18736","1":"product","2":"type-product","3":"status-publish","4":"has-post-thumbnail","6":"product_cat-pilhas","8":"first","9":"outofstock","10":"shipping-taxable","11":"product-type-simple"},"_links":{"self":[{"href":"https:\/\/www.multicasa.com.br\/inicio\/wp-json\/wp\/v2\/product\/18736","targetHints":{"allow":["GET"]}}],"collection":[{"href":"https:\/\/www.multicasa.com.br\/inicio\/wp-json\/wp\/v2\/product"}],"about":[{"href":"https:\/\/www.multicasa.com.br\/inicio\/wp-json\/wp\/v2\/types\/product"}],"wp:featuredmedia":[{"embeddable":true,"href":"https:\/\/www.multicasa.com.br\/inicio\/wp-json\/wp\/v2\/media\/18799"}],"wp:attachment":[{"href":"https:\/\/www.multicasa.com.br\/inicio\/wp-json\/wp\/v2\/media?parent=18736"}],"wp:term":[{"taxonomy":"product_brand","embeddable":true,"href":"https:\/\/www.multicasa.com.br\/inicio\/wp-json\/wp\/v2\/product_brand?post=18736"},{"taxonomy":"product_cat","embeddable":true,"href":"https:\/\/www.multicasa.com.br\/inicio\/wp-json\/wp\/v2\/product_cat?post=18736"},{"taxonomy":"product_tag","embeddable":true,"href":"https:\/\/www.multicasa.com.br\/inicio\/wp-json\/wp\/v2\/product_tag?post=18736"}],"curies":[{"name":"wp","href":"https:\/\/api.w.org\/{rel}","templated":true}]}}