{"id":18737,"date":"2025-06-20T19:36:54","date_gmt":"2025-06-20T23:36:54","guid":{"rendered":"https:\/\/www.multicasa.com.br\/inicio\/?post_type=product&#038;p=18737"},"modified":"2026-01-07T12:00:45","modified_gmt":"2026-01-07T16:00:45","slug":"cabide-de-metal-com-cava-para-roupas-arthi-6-unidades","status":"publish","type":"product","link":"https:\/\/www.multicasa.com.br\/inicio\/produto\/cabide-de-metal-com-cava-para-roupas-arthi-6-unidades\/","title":{"rendered":"Cabide de Metal com cava para Roupas Arthi 6 Unidades"},"content":{"rendered":"<p>Use o Cabide de A\u00e7o com Cava da Arthi para pendurar roupas em geral. S\u00e3o 6 unidades com design nas extremidades, idealizado para que as roupas n\u00e3o deslizem e amassem depois de passadas. Mede 40 x 40 cm, \u00e9 confeccionado em a\u00e7o cromado e organiza com praticidade e eleg\u00e2ncia o seu guarda-roupas.<\/p>\n","protected":false},"excerpt":{"rendered":"<h4 style=\"margin: 0px;padding: 0px 0px 16px;font-family: Lato, sans-serif;font-weight: bold;line-height: 3rem;color: var(--dark-grey3);font-size: 22px;font-style: normal;letter-spacing: normal;text-align: start;text-indent: 0px;text-transform: none\">Informa\u00e7\u00f5es t\u00e9cnicas<\/h4>\n<p><span style=\"margin: 0px;padding: 0px;font-weight: 450;font-size: 14px;line-height: 21px;color: var(--dark-grey2);font-family: Lato, sans-serif;font-style: normal;letter-spacing: normal;text-align: start;text-indent: 0px;text-transform: none\">Produto: Cabide para Roupas<br \/>\nMarca: Sanremo<br \/>\nMaterial: Madeira<br \/>\nA\u00e7o inox<br \/>\nCor: marrom, prata<br \/>\nCaracter\u00edstica: Possui cava profunda para roupas com al\u00e7a<br \/>\nItens Inclusos: 6 Cabides para roupas<br \/>\nDimens\u00f5es do produto (A x L x P): 40 x 40cm<\/span><\/p>\n","protected":false},"featured_media":18800,"template":"","meta":{"_joinchat":[]},"product_brand":[],"product_cat":[95],"product_tag":[],"class_list":{"0":"post-18737","1":"product","2":"type-product","3":"status-publish","4":"has-post-thumbnail","6":"product_cat-lavanderia","8":"first","9":"instock","10":"shipping-taxable","11":"purchasable","12":"product-type-simple"},"_links":{"self":[{"href":"https:\/\/www.multicasa.com.br\/inicio\/wp-json\/wp\/v2\/product\/18737","targetHints":{"allow":["GET"]}}],"collection":[{"href":"https:\/\/www.multicasa.com.br\/inicio\/wp-json\/wp\/v2\/product"}],"about":[{"href":"https:\/\/www.multicasa.com.br\/inicio\/wp-json\/wp\/v2\/types\/product"}],"wp:featuredmedia":[{"embeddable":true,"href":"https:\/\/www.multicasa.com.br\/inicio\/wp-json\/wp\/v2\/media\/18800"}],"wp:attachment":[{"href":"https:\/\/www.multicasa.com.br\/inicio\/wp-json\/wp\/v2\/media?parent=18737"}],"wp:term":[{"taxonomy":"product_brand","embeddable":true,"href":"https:\/\/www.multicasa.com.br\/inicio\/wp-json\/wp\/v2\/product_brand?post=18737"},{"taxonomy":"product_cat","embeddable":true,"href":"https:\/\/www.multicasa.com.br\/inicio\/wp-json\/wp\/v2\/product_cat?post=18737"},{"taxonomy":"product_tag","embeddable":true,"href":"https:\/\/www.multicasa.com.br\/inicio\/wp-json\/wp\/v2\/product_tag?post=18737"}],"curies":[{"name":"wp","href":"https:\/\/api.w.org\/{rel}","templated":true}]}}