{"id":18754,"date":"2025-06-20T19:37:15","date_gmt":"2025-06-20T23:37:15","guid":{"rendered":"https:\/\/www.multicasa.com.br\/inicio\/?post_type=product&#038;p=18754"},"modified":"2026-02-25T12:32:20","modified_gmt":"2026-02-25T16:32:20","slug":"mini-bomba-de-ar-portatil-brasfort","status":"publish","type":"product","link":"https:\/\/www.multicasa.com.br\/inicio\/produto\/mini-bomba-de-ar-portatil-brasfort\/","title":{"rendered":"Mini Bomba de Ar Port\u00e1til Brasfort"},"content":{"rendered":"<p>Encha, bolas, piscinas infl\u00e1veis, b\u00f3ias e outros objetos usando a mini bomba de ar port\u00e1til da Brasfort. Com duplo volume de ar, bombeia em ambos os sentidos agilizando o seu uso. Feita de pl\u00e1stico, quando fechada mede 20 x 8cm e, quando aberta, 42 x 11cm. Ideal para levar na bagagem e n\u00e3o deixar de se diverter. Vem com 3 bicos adaptadores para bolas, infl\u00e1veis e pneus e conta com 2 est\u00e1gios de press\u00e3o de ar.<\/p>\n","protected":false},"excerpt":{"rendered":"<h4 style=\"margin: 0px;padding: 0px 0px 16px;font-family: Lato, sans-serif;font-weight: bold;line-height: 3rem;color: var(--dark-grey3);font-size: 22px;font-style: normal;letter-spacing: normal;text-align: start;text-indent: 0px;text-transform: none\">Informa\u00e7\u00f5es t\u00e9cnicas<\/h4>\n<p><span style=\"margin: 0px;padding: 0px;font-weight: 450;font-size: 14px;line-height: 21px;color: var(--dark-grey2);font-family: Lato, sans-serif;font-style: normal;letter-spacing: normal;text-align: start;text-indent: 0px;text-transform: none\">Produto: Mini Bomba de ar<br \/>\nMarca: Brasfort<br \/>\nMaterial: Pl\u00e1stico<br \/>\nCor: Preto e amarelo<br \/>\nCaracter\u00edsticas: Suporte para fixa\u00e7\u00e3o em bicicletas<br \/>\n2 est\u00e1gios de press\u00e3o de ar<br \/>\nPara bolas, pneus e etc<br \/>\nQuantidade de itens: 4<br \/>\nItens inclusos: 1 mini bomba de ar<br \/>\n3 bicos adaptadores<br \/>\nDimens\u00f5es do produto (A X L): Fechada &#8211; 8 x 20cm<br \/>\nAberta &#8211; 11 x 42cm<br \/>\n<\/span><\/p>\n","protected":false},"featured_media":18808,"template":"","meta":{"_joinchat":[]},"product_brand":[],"product_cat":[136],"product_tag":[],"class_list":{"0":"post-18754","1":"product","2":"type-product","3":"status-publish","4":"has-post-thumbnail","6":"product_cat-lazer","8":"first","9":"outofstock","10":"shipping-taxable","11":"purchasable","12":"product-type-simple"},"_links":{"self":[{"href":"https:\/\/www.multicasa.com.br\/inicio\/wp-json\/wp\/v2\/product\/18754","targetHints":{"allow":["GET"]}}],"collection":[{"href":"https:\/\/www.multicasa.com.br\/inicio\/wp-json\/wp\/v2\/product"}],"about":[{"href":"https:\/\/www.multicasa.com.br\/inicio\/wp-json\/wp\/v2\/types\/product"}],"wp:featuredmedia":[{"embeddable":true,"href":"https:\/\/www.multicasa.com.br\/inicio\/wp-json\/wp\/v2\/media\/18808"}],"wp:attachment":[{"href":"https:\/\/www.multicasa.com.br\/inicio\/wp-json\/wp\/v2\/media?parent=18754"}],"wp:term":[{"taxonomy":"product_brand","embeddable":true,"href":"https:\/\/www.multicasa.com.br\/inicio\/wp-json\/wp\/v2\/product_brand?post=18754"},{"taxonomy":"product_cat","embeddable":true,"href":"https:\/\/www.multicasa.com.br\/inicio\/wp-json\/wp\/v2\/product_cat?post=18754"},{"taxonomy":"product_tag","embeddable":true,"href":"https:\/\/www.multicasa.com.br\/inicio\/wp-json\/wp\/v2\/product_tag?post=18754"}],"curies":[{"name":"wp","href":"https:\/\/api.w.org\/{rel}","templated":true}]}}